{"id":1618438,"date":"2024-12-02T22:06:26","date_gmt":"2024-12-02T21:06:26","guid":{"rendered":"https:\/\/strikemaker.com\/produkte\/"},"modified":"2024-12-02T22:06:26","modified_gmt":"2024-12-02T21:06:26","slug":"produkte","status":"publish","type":"page","link":"https:\/\/strikemaker.com\/hu\/produkte\/","title":{"rendered":"Term\u00e9kek"},"content":{"rendered":"<div class=\"woocommerce\"><ul class=\"products product-category-list\"><li class=\"product-category product\"><a aria-label=\"Produktkategorie Werbemittel besuchen\" href=\"https:\/\/strikemaker.com\/hu\/produkt-kategorie\/4-hu\/\"><img decoding=\"async\" width=\"300\" height=\"275\" data-src=\"https:\/\/strikemaker.com\/wp-content\/uploads\/sm\/images\/category\/4\/Group-82@2x-300x275.jpg\" class=\"attachment-medium size-medium lazyload\" alt=\"\" src=\"data:image\/svg+xml;base64,PHN2ZyB3aWR0aD0iMSIgaGVpZ2h0PSIxIiB4bWxucz0iaHR0cDovL3d3dy53My5vcmcvMjAwMC9zdmciPjwvc3ZnPg==\" style=\"--smush-placeholder-width: 300px; --smush-placeholder-aspect-ratio: 300\/275;\" \/><\/a><h2 class=\"category-title\"><a aria-label=\"Produktkategorie Werbemittel besuchen\" href=\"https:\/\/strikemaker.com\/hu\/produkt-kategorie\/4-hu\/\">BRUNSWICK GS-g&eacute;p aklatr&eacute;szek<\/a><\/h2><\/li><li class=\"product-category product\"><a aria-label=\"Produktkategorie Werbemittel besuchen\" href=\"https:\/\/strikemaker.com\/hu\/produkt-kategorie\/3-hu\/34-hu\/\"><img decoding=\"async\" width=\"300\" height=\"275\" data-src=\"https:\/\/strikemaker.com\/wp-content\/uploads\/sm\/images\/category\/34\/Group-84@2x-1-300x275.jpg\" class=\"attachment-medium size-medium lazyload\" alt=\"\" src=\"data:image\/svg+xml;base64,PHN2ZyB3aWR0aD0iMSIgaGVpZ2h0PSIxIiB4bWxucz0iaHR0cDovL3d3dy53My5vcmcvMjAwMC9zdmciPjwvc3ZnPg==\" style=\"--smush-placeholder-width: 300px; --smush-placeholder-aspect-ratio: 300\/275;\" \/><\/a><h2 class=\"category-title\"><a aria-label=\"Produktkategorie Werbemittel besuchen\" href=\"https:\/\/strikemaker.com\/hu\/produkt-kategorie\/3-hu\/34-hu\/\">Bowlingcip&ouml;k<\/a><\/h2><\/li><li class=\"product-category product\"><a aria-label=\"Produktkategorie Werbemittel besuchen\" href=\"https:\/\/strikemaker.com\/hu\/produkt-kategorie\/7-hu\/\"><img decoding=\"async\" width=\"300\" height=\"275\" data-src=\"https:\/\/strikemaker.com\/wp-content\/uploads\/sm\/images\/category\/7\/Group-86@2x-300x275.jpg\" class=\"attachment-medium size-medium lazyload\" alt=\"\" src=\"data:image\/svg+xml;base64,PHN2ZyB3aWR0aD0iMSIgaGVpZ2h0PSIxIiB4bWxucz0iaHR0cDovL3d3dy53My5vcmcvMjAwMC9zdmciPjwvc3ZnPg==\" style=\"--smush-placeholder-width: 300px; --smush-placeholder-aspect-ratio: 300\/275;\" \/><\/a><h2 class=\"category-title\"><a aria-label=\"Produktkategorie Werbemittel besuchen\" href=\"https:\/\/strikemaker.com\/hu\/produkt-kategorie\/7-hu\/\">Bowlingb&aacute;buk<\/a><\/h2><\/li><li class=\"product-category product\"><a aria-label=\"Produktkategorie Werbemittel besuchen\" href=\"https:\/\/strikemaker.com\/hu\/produkt-kategorie\/5-hu\/\"><img decoding=\"async\" width=\"300\" height=\"275\" data-src=\"https:\/\/strikemaker.com\/wp-content\/uploads\/sm\/images\/category\/5\/Group-85@2x-300x275.jpg\" class=\"attachment-medium size-medium lazyload\" alt=\"\" src=\"data:image\/svg+xml;base64,PHN2ZyB3aWR0aD0iMSIgaGVpZ2h0PSIxIiB4bWxucz0iaHR0cDovL3d3dy53My5vcmcvMjAwMC9zdmciPjwvc3ZnPg==\" style=\"--smush-placeholder-width: 300px; --smush-placeholder-aspect-ratio: 300\/275;\" \/><\/a><h2 class=\"category-title\"><a aria-label=\"Produktkategorie Werbemittel besuchen\" href=\"https:\/\/strikemaker.com\/hu\/produkt-kategorie\/5-hu\/\">Bowlinggoly&oacute;k<\/a><\/h2><\/li><li class=\"product-category product\"><a aria-label=\"Produktkategorie Werbemittel besuchen\" href=\"https:\/\/strikemaker.com\/hu\/produkt-kategorie\/3-hu\/16-hu\/\"><img decoding=\"async\" width=\"300\" height=\"275\" data-src=\"https:\/\/strikemaker.com\/wp-content\/uploads\/sm\/images\/category\/16\/Group-83@2x-300x275.jpg\" class=\"attachment-medium size-medium lazyload\" alt=\"\" src=\"data:image\/svg+xml;base64,PHN2ZyB3aWR0aD0iMSIgaGVpZ2h0PSIxIiB4bWxucz0iaHR0cDovL3d3dy53My5vcmcvMjAwMC9zdmciPjwvc3ZnPg==\" style=\"--smush-placeholder-width: 300px; --smush-placeholder-aspect-ratio: 300\/275;\" \/><\/a><h2 class=\"category-title\"><a aria-label=\"Produktkategorie Werbemittel besuchen\" href=\"https:\/\/strikemaker.com\/hu\/produkt-kategorie\/3-hu\/16-hu\/\">Cip&ouml;kell&eacute;kek (cip&ouml;fert&ouml;tlen&iacute;t&ouml;, zoknik, f&uuml;z&ouml;k, stb.)<\/a><\/h2><\/li><li class=\"product-category product\"><a aria-label=\"Produktkategorie Werbemittel besuchen\" href=\"https:\/\/strikemaker.com\/hu\/produkt-kategorie\/6-hu\/19-hu\/\"><img decoding=\"async\" width=\"300\" height=\"275\" data-src=\"https:\/\/strikemaker.com\/wp-content\/uploads\/sm\/images\/category\/19\/Group-87@2x-300x275.jpg\" class=\"attachment-medium size-medium lazyload\" alt=\"\" src=\"data:image\/svg+xml;base64,PHN2ZyB3aWR0aD0iMSIgaGVpZ2h0PSIxIiB4bWxucz0iaHR0cDovL3d3dy53My5vcmcvMjAwMC9zdmciPjwvc3ZnPg==\" style=\"--smush-placeholder-width: 300px; --smush-placeholder-aspect-ratio: 300\/275;\" \/><\/a><h2 class=\"category-title\"><a aria-label=\"Produktkategorie Werbemittel besuchen\" href=\"https:\/\/strikemaker.com\/hu\/produkt-kategorie\/6-hu\/19-hu\/\">Pl&uuml;ss b&aacute;bu-figur&aacute;k<\/a><\/h2><\/li><li class=\"product-category product\"><a aria-label=\"Produktkategorie Werbemittel besuchen\" href=\"https:\/\/strikemaker.com\/hu\/produkt-kategorie\/4-hu\/22-hu\/\"><img decoding=\"async\" width=\"300\" height=\"275\" data-src=\"https:\/\/strikemaker.com\/wp-content\/uploads\/sm\/images\/category\/22\/sm-SPEZIAL_Rechteckig-300x275.jpg\" class=\"attachment-medium size-medium lazyload\" alt=\"\" src=\"data:image\/svg+xml;base64,PHN2ZyB3aWR0aD0iMSIgaGVpZ2h0PSIxIiB4bWxucz0iaHR0cDovL3d3dy53My5vcmcvMjAwMC9zdmciPjwvc3ZnPg==\" style=\"--smush-placeholder-width: 300px; --smush-placeholder-aspect-ratio: 300\/275;\" \/><\/a><h2 class=\"category-title\"><a aria-label=\"Produktkategorie Werbemittel besuchen\" href=\"https:\/\/strikemaker.com\/hu\/produkt-kategorie\/4-hu\/22-hu\/\">Spezialteile + Werkzeuge<\/a><\/h2><\/li><li class=\"product-category product\"><a aria-label=\"Produktkategorie Werbemittel besuchen\" href=\"https:\/\/strikemaker.com\/hu\/produkt-kategorie\/8-hu\/\"><img decoding=\"async\" width=\"300\" height=\"275\" data-src=\"https:\/\/strikemaker.com\/wp-content\/uploads\/sm\/images\/category\/8\/Group-88@2x-300x275.jpg\" class=\"attachment-medium size-medium lazyload\" alt=\"\" src=\"data:image\/svg+xml;base64,PHN2ZyB3aWR0aD0iMSIgaGVpZ2h0PSIxIiB4bWxucz0iaHR0cDovL3d3dy53My5vcmcvMjAwMC9zdmciPjwvc3ZnPg==\" style=\"--smush-placeholder-width: 300px; --smush-placeholder-aspect-ratio: 300\/275;\" \/><\/a><h2 class=\"category-title\"><a aria-label=\"Produktkategorie Werbemittel besuchen\" href=\"https:\/\/strikemaker.com\/hu\/produkt-kategorie\/8-hu\/\">Strike Maker B&aacute;bu lik&ouml;r&ouml;k - 4 cl.<\/a><\/h2><\/li><li class=\"product-category product\"><a aria-label=\"Produktkategorie Werbemittel besuchen\" href=\"https:\/\/strikemaker.com\/hu\/produkt-kategorie\/9-hu\/\"><img decoding=\"async\" width=\"300\" height=\"275\" data-src=\"https:\/\/strikemaker.com\/wp-content\/uploads\/sm\/images\/category\/9\/Group-91@2x-300x275.jpg\" class=\"attachment-medium size-medium lazyload\" alt=\"\" src=\"data:image\/svg+xml;base64,PHN2ZyB3aWR0aD0iMSIgaGVpZ2h0PSIxIiB4bWxucz0iaHR0cDovL3d3dy53My5vcmcvMjAwMC9zdmciPjwvc3ZnPg==\" style=\"--smush-placeholder-width: 300px; --smush-placeholder-aspect-ratio: 300\/275;\" \/><\/a><h2 class=\"category-title\"><a aria-label=\"Produktkategorie Werbemittel besuchen\" href=\"https:\/\/strikemaker.com\/hu\/produkt-kategorie\/9-hu\/\">P&aacute;lyakarbantart&oacute;szerek<\/a><\/h2><\/li><li class=\"product-category product\"><a aria-label=\"Produktkategorie Werbemittel besuchen\" href=\"https:\/\/strikemaker.com\/hu\/produkt-kategorie\/6-hu\/\"><img decoding=\"async\" width=\"300\" height=\"275\" data-src=\"https:\/\/strikemaker.com\/wp-content\/uploads\/sm\/images\/category\/6\/Group-90@2x-300x275.jpg\" class=\"attachment-medium size-medium lazyload\" alt=\"\" src=\"data:image\/svg+xml;base64,PHN2ZyB3aWR0aD0iMSIgaGVpZ2h0PSIxIiB4bWxucz0iaHR0cDovL3d3dy53My5vcmcvMjAwMC9zdmciPjwvc3ZnPg==\" style=\"--smush-placeholder-width: 300px; --smush-placeholder-aspect-ratio: 300\/275;\" \/><\/a><h2 class=\"category-title\"><a aria-label=\"Produktkategorie Werbemittel besuchen\" href=\"https:\/\/strikemaker.com\/hu\/produkt-kategorie\/6-hu\/\">Pro Shop term&eacute;kek<\/a><\/h2><\/li><li class=\"product-category product\"><a aria-label=\"Produktkategorie Werbemittel besuchen\" href=\"https:\/\/strikemaker.com\/hu\/produkt-kategorie\/14-hu\/\"><img decoding=\"async\" width=\"300\" height=\"275\" data-src=\"https:\/\/strikemaker.com\/wp-content\/uploads\/sm\/images\/category\/14\/sm-PRIVAT_Rechteckig-300x275.jpg\" class=\"attachment-medium size-medium lazyload\" alt=\"\" src=\"data:image\/svg+xml;base64,PHN2ZyB3aWR0aD0iMSIgaGVpZ2h0PSIxIiB4bWxucz0iaHR0cDovL3d3dy53My5vcmcvMjAwMC9zdmciPjwvc3ZnPg==\" style=\"--smush-placeholder-width: 300px; --smush-placeholder-aspect-ratio: 300\/275;\" \/><\/a><h2 class=\"category-title\"><a aria-label=\"Produktkategorie Werbemittel besuchen\" href=\"https:\/\/strikemaker.com\/hu\/produkt-kategorie\/14-hu\/\">Privat Label<\/a><\/h2><\/li><li class=\"product-category product\"><a aria-label=\"Produktkategorie Werbemittel besuchen\" href=\"https:\/\/strikemaker.com\/hu\/produkt-kategorie\/10-hu\/\"><img decoding=\"async\" width=\"300\" height=\"275\" data-src=\"https:\/\/strikemaker.com\/wp-content\/uploads\/sm\/images\/category\/10\/sm-BUMPER_Rechteckig-300x275.jpg\" class=\"attachment-medium size-medium lazyload\" alt=\"\" src=\"data:image\/svg+xml;base64,PHN2ZyB3aWR0aD0iMSIgaGVpZ2h0PSIxIiB4bWxucz0iaHR0cDovL3d3dy53My5vcmcvMjAwMC9zdmciPjwvc3ZnPg==\" style=\"--smush-placeholder-width: 300px; --smush-placeholder-aspect-ratio: 300\/275;\" \/><\/a><h2 class=\"category-title\"><a aria-label=\"Produktkategorie Werbemittel besuchen\" href=\"https:\/\/strikemaker.com\/hu\/produkt-kategorie\/10-hu\/\">Bumper a gyerekbowlingoz&aacute;shoz<\/a><\/h2><\/li><\/ul><\/div><div class=\"text-center mt-50\"><a class=\"btn\" href=\"https:\/\/strikemaker.com\/hu\/shop\/\">Kateg\u00f3ri\u00e1k b\u00f6ng\u00e9sz\u00e9se<\/a><\/div>\n","protected":false},"excerpt":{"rendered":"","protected":false},"author":3,"featured_media":0,"parent":0,"menu_order":0,"comment_status":"closed","ping_status":"closed","template":"nowhitebg-template.php","meta":{"_acf_changed":false,"_et_pb_use_builder":"off","_et_pb_old_content":"","_et_gb_content_width":"","footnotes":""},"class_list":["post-1618438","page","type-page","status-publish","hentry"],"acf":[],"_links":{"self":[{"href":"https:\/\/strikemaker.com\/hu\/wp-json\/wp\/v2\/pages\/1618438","targetHints":{"allow":["GET"]}}],"collection":[{"href":"https:\/\/strikemaker.com\/hu\/wp-json\/wp\/v2\/pages"}],"about":[{"href":"https:\/\/strikemaker.com\/hu\/wp-json\/wp\/v2\/types\/page"}],"author":[{"embeddable":true,"href":"https:\/\/strikemaker.com\/hu\/wp-json\/wp\/v2\/users\/3"}],"replies":[{"embeddable":true,"href":"https:\/\/strikemaker.com\/hu\/wp-json\/wp\/v2\/comments?post=1618438"}],"version-history":[{"count":0,"href":"https:\/\/strikemaker.com\/hu\/wp-json\/wp\/v2\/pages\/1618438\/revisions"}],"wp:attachment":[{"href":"https:\/\/strikemaker.com\/hu\/wp-json\/wp\/v2\/media?parent=1618438"}],"curies":[{"name":"wp","href":"https:\/\/api.w.org\/{rel}","templated":true}]}}