{"id":1619077,"date":"2024-12-03T09:16:11","date_gmt":"2024-12-03T08:16:11","guid":{"rendered":"https:\/\/strikemaker.com\/home\/"},"modified":"2025-01-21T15:22:09","modified_gmt":"2025-01-21T14:22:09","slug":"home","status":"publish","type":"page","link":"https:\/\/strikemaker.com\/hu\/","title":{"rendered":"Home"},"content":{"rendered":"<p>[et_pb_section fb_built=&#8221;1&#8243; fullwidth=&#8221;on&#8221; _builder_version=&#8221;4.27.2&#8243; _module_preset=&#8221;default&#8221; global_colors_info=&#8221;{}&#8221;][et_pb_fullwidth_slider show_arrows=&#8221;off&#8221; module_class=&#8221;hero-banner&#8221; _builder_version=&#8221;4.27.0&#8243; _module_preset=&#8221;default&#8221; header_text_align=&#8221;center&#8221; body_text_align=&#8221;center&#8221; height=&#8221;362px&#8221; hover_enabled=&#8221;0&#8243; global_colors_info=&#8221;{}&#8221; dot_nav_custom_color__hover_enabled=&#8221;on|hover&#8221; sticky_enabled=&#8221;0&#8243;][et_pb_slide image=&#8221;https:\/\/strikemaker.com\/wp-content\/uploads\/2025\/01\/strikemaker-logo-home-slider-hu.png&#8221; image_tablet=&#8221;https:\/\/strikemaker.com\/wp-content\/uploads\/2025\/01\/strikemaker-logo-home-slider-hu.png&#8221; image_phone=&#8221;https:\/\/strikemaker.com\/wp-content\/uploads\/2025\/01\/strikemaker-logo-home-slider-hu.png&#8221; image_last_edited=&#8221;on|phone&#8221; _builder_version=&#8221;4.27.0&#8243; _module_preset=&#8221;default&#8221; background_color=&#8221;RGBA(255,255,255,0)&#8221; background_enable_color=&#8221;on&#8221; background_image=&#8221;\/wp-content\/themes\/CM-DiviChildTheme\/images\/strikemaker-hero-banner.jpg&#8221; background_enable_image=&#8221;on&#8221; hover_enabled=&#8221;0&#8243; global_colors_info=&#8221;{}&#8221; sticky_transition=&#8221;on&#8221; title_text=&#8221;strikemaker-logo-home-slider&#8221; sticky_enabled=&#8221;0&#8243;][\/et_pb_slide][et_pb_slide image=&#8221;https:\/\/strikemaker.com\/wp-content\/uploads\/2025\/01\/strikemaker-logo-home-slider-hu.png&#8221; _builder_version=&#8221;4.27.0&#8243; _module_preset=&#8221;default&#8221; background_color=&#8221;RGBA(255,255,255,0)&#8221; background_enable_color=&#8221;on&#8221; background_image=&#8221;\/wp-content\/themes\/CM-DiviChildTheme\/images\/strikemaker-hero-banner.jpg&#8221; background_enable_image=&#8221;on&#8221; global_colors_info=&#8221;{}&#8221; sticky_transition=&#8221;on&#8221;][\/et_pb_slide][et_pb_slide image=&#8221;https:\/\/strikemaker.com\/wp-content\/uploads\/2025\/01\/strikemaker-logo-home-slider-hu.png&#8221; _builder_version=&#8221;4.27.0&#8243; _module_preset=&#8221;default&#8221; background_color=&#8221;RGBA(255,255,255,0)&#8221; background_enable_color=&#8221;on&#8221; background_image=&#8221;\/wp-content\/themes\/CM-DiviChildTheme\/images\/strikemaker-hero-banner.jpg&#8221; background_enable_image=&#8221;on&#8221; global_colors_info=&#8221;{}&#8221; sticky_transition=&#8221;on&#8221;][\/et_pb_slide][et_pb_slide image=&#8221;https:\/\/strikemaker.com\/wp-content\/uploads\/2025\/01\/strikemaker-logo-home-slider-hu.png&#8221; _builder_version=&#8221;4.27.0&#8243; _module_preset=&#8221;default&#8221; background_color=&#8221;RGBA(255,255,255,0)&#8221; background_enable_color=&#8221;on&#8221; background_image=&#8221;\/wp-content\/themes\/CM-DiviChildTheme\/images\/strikemaker-hero-banner.jpg&#8221; background_enable_image=&#8221;on&#8221; global_colors_info=&#8221;{}&#8221; sticky_transition=&#8221;on&#8221;][\/et_pb_slide][\/et_pb_fullwidth_slider][\/et_pb_section][et_pb_section fb_built=&#8221;1&#8243; admin_label=&#8221;Section&#8221; _builder_version=&#8221;4.27.2&#8243; _module_preset=&#8221;default&#8221; background_color=&#8221;#FFFFFF&#8221; custom_padding=&#8221;0px|0px|0px|0px|false|false&#8221; global_colors_info=&#8221;{}&#8221;][et_pb_row custom_padding_last_edited=&#8221;on|phone&#8221; _builder_version=&#8221;4.27.2&#8243; _module_preset=&#8221;default&#8221; width_tablet=&#8221;&#8221; width_phone=&#8221;&#8221; width_last_edited=&#8221;on|phone&#8221; max_width=&#8221;720px&#8221; max_width_tablet=&#8221;720px&#8221; max_width_phone=&#8221;720px&#8221; max_width_last_edited=&#8221;on|phone&#8221; custom_padding=&#8221;50px|0px|50px|0px|false|false&#8221; custom_padding_tablet=&#8221;|50px||50px|false|true&#8221; custom_padding_phone=&#8221;|50px|35px|50px|false|true&#8221; global_colors_info=&#8221;{}&#8221;][et_pb_column type=&#8221;4_4&#8243; _builder_version=&#8221;4.27.2&#8243; _module_preset=&#8221;default&#8221; global_colors_info=&#8221;{}&#8221;][et_pb_heading title=&#8221;EGY EUR\u00d3PAI SIKERT\u00d6RT\u00c9NET&#8221; admin_label=&#8221;EINE EUROP\u00c4ISCHE ERFOLGSGESCHICHTE&#8221; _builder_version=&#8221;4.27.0&#8243; _module_preset=&#8221;db064961-f822-4ca1-8b85-eafda77a08fb&#8221; title_font=&#8221;&#8211;et_global_heading_font|600|||||||&#8221; title_text_align=&#8221;center&#8221; title_font_size=&#8221;28px&#8221; custom_margin=&#8221;20px||||false|false&#8221; global_colors_info=&#8221;{}&#8221;][\/et_pb_heading][et_pb_text admin_label=&#8221;Text 1&#8243; _builder_version=&#8221;4.27.0&#8243; _module_preset=&#8221;default&#8221; text_font=&#8221;|&#8211;et_global_body_font_weight|||||||&#8221; text_font_size=&#8221;18px&#8221; module_alignment=&#8221;center&#8221; custom_margin=&#8221;||50px||false|false&#8221; global_colors_info=&#8221;{}&#8221;]<\/p>\n<p style=\"text-align: center;\">Szer\u00e9ny kezdetekb\u0151l sz\u00e1rmazunk M\u00fcnchenb\u0151l &#8211; N\u00e9metorsz\u00e1gb\u00f3l 1999-b\u0151l, ahol el\u0151sz\u00f6r \u00e1rultunk lik\u0151rt tollas \u00fcvegekben, ami azt jelenti, hogy a gy\u00f6kereink val\u00f3j\u00e1ban az iv\u00e1sb\u00f3l erednek.<br \/>\nAz \u00e9vek sor\u00e1n b\u00f6lcsebbek lett\u00fcnk, kev\u00e9sb\u00e9 koncentr\u00e1ltunk az iv\u00e1sra, \u00e9s m\u00e9g jobban figyelt\u00fcnk a v\u00e1s\u00e1rl\u00f3inkra.<br \/>\nT\u00f6bb sz\u00e1z k\u00f6zpontvezet\u0151 napi probl\u00e9m\u00e1i \u00e9s tapasztalatai alapj\u00e1n kezdt\u00fcnk \u00faj \u00f6tleteket \u00e9s technol\u00f3gi\u00e1kat kifejleszteni, hogy t\u00e1mogassuk a bowlingk\u00f6zpontokat a mindennapi munk\u00e1jukban.<br \/>\nMa m\u00e1r t\u00f6bb mint 2500 \u00fcgyf\u00e9llel vil\u00e1gszerte a STRIKE MAKER a bowlingk\u00f6zpontok glob\u00e1lis teljes k\u00f6r\u0171 szolg\u00e1ltat\u00f3j\u00e1v\u00e1 v\u00e1lt.<\/p>\n<p>[\/et_pb_text][et_pb_divider color=&#8221;gcid-78477db1-71b7-4c2b-8efd-d8a163b509f1&#8243; divider_weight=&#8221;4px&#8221; _builder_version=&#8221;4.27.2&#8243; _module_preset=&#8221;default&#8221; max_width=&#8221;400px&#8221; module_alignment=&#8221;center&#8221; custom_margin=&#8221;||0px||false|false&#8221; custom_padding=&#8221;0px||0px||false|false&#8221; global_colors_info=&#8221;{%22gcid-78477db1-71b7-4c2b-8efd-d8a163b509f1%22:%91%22color%22%93}&#8221;][\/et_pb_divider][et_pb_heading title=&#8221;Bowlingt\u0171k, b\u00e9relhet\u0151 cip\u0151k \u00e9s p\u00e1lyakarbantart\u00e1s&#8221; admin_label=&#8221;Bowling Pins, Leihschuhe &#038; Bahnpflege&#8221; _builder_version=&#8221;4.27.0&#8243; _module_preset=&#8221;db064961-f822-4ca1-8b85-eafda77a08fb&#8221; title_font=&#8221;&#8211;et_global_heading_font|600|||||||&#8221; title_text_align=&#8221;center&#8221; title_font_size=&#8221;28px&#8221; custom_margin=&#8221;20px||||false|false&#8221; global_colors_info=&#8221;{}&#8221;][\/et_pb_heading][et_pb_text admin_label=&#8221;Text 2&#8243; _builder_version=&#8221;4.27.0&#8243; _module_preset=&#8221;default&#8221; text_font=&#8221;|&#8211;et_global_body_font_weight|||||||&#8221; text_font_size=&#8221;18px&#8221; module_alignment=&#8221;center&#8221; custom_margin=&#8221;||50px||false|false&#8221; global_colors_info=&#8221;{}&#8221;]<\/p>\n<p style=\"text-align: center;\">Piacvezet\u0151k vagyunk, \u00e9s t\u00e1mogatjuk \u00d6nt a bowlingk\u00f6zpontban foly\u00f3 mindennapi munk\u00e1ban.<\/p>\n<p>[\/et_pb_text][et_pb_divider color=&#8221;gcid-78477db1-71b7-4c2b-8efd-d8a163b509f1&#8243; divider_weight=&#8221;4px&#8221; admin_label=&#8221;Divider&#8221; _builder_version=&#8221;4.27.2&#8243; _module_preset=&#8221;default&#8221; max_width=&#8221;400px&#8221; module_alignment=&#8221;center&#8221; custom_margin=&#8221;||0px||false|false&#8221; custom_padding=&#8221;0px||0px||false|false&#8221; global_colors_info=&#8221;{%22gcid-78477db1-71b7-4c2b-8efd-d8a163b509f1%22:%91%22color%22%93}&#8221;][\/et_pb_divider][et_pb_heading title=&#8221;Brunswick GS\u00ae pin setter p\u00f3talkatr\u00e9szek \u00e9s m\u0171szaki szolg\u00e1ltat\u00e1s&#8221; admin_label=&#8221;Ersatzteile f\u00fcr Brunswick GS\u00ae Pin Setter und technischer Service&#8221; _builder_version=&#8221;4.27.0&#8243; _module_preset=&#8221;db064961-f822-4ca1-8b85-eafda77a08fb&#8221; title_font=&#8221;&#8211;et_global_heading_font|600|||||||&#8221; title_text_align=&#8221;center&#8221; title_font_size=&#8221;28px&#8221; custom_margin=&#8221;20px||||false|false&#8221; global_colors_info=&#8221;{}&#8221;][\/et_pb_heading][et_pb_text admin_label=&#8221;Text 3&#8243; _builder_version=&#8221;4.27.0&#8243; _module_preset=&#8221;default&#8221; text_font=&#8221;|&#8211;et_global_body_font_weight|||||||&#8221; text_font_size=&#8221;18px&#8221; module_alignment=&#8221;center&#8221; custom_margin=&#8221;||50px||false|false&#8221; global_colors_info=&#8221;{}&#8221;]<\/p>\n<p style=\"text-align: center;\">Gondoskodunk arr\u00f3l, hogy a b\u00f3logat\u00f3g\u00e9pek z\u00f6kken\u0151mentesen \u00e9s hat\u00e9konyan m\u0171k\u00f6djenek.<br \/>\nKiz\u00e1r\u00f3lag N\u00e9metorsz\u00e1gban gy\u00e1rtott, kiv\u00e1l\u00f3 min\u0151s\u00e9g\u0171 alkatr\u00e9szeket k\u00edn\u00e1lunk.<\/p>\n<p>[\/et_pb_text][et_pb_divider color=&#8221;gcid-78477db1-71b7-4c2b-8efd-d8a163b509f1&#8243; divider_weight=&#8221;4px&#8221; admin_label=&#8221;Divider&#8221; _builder_version=&#8221;4.27.2&#8243; _module_preset=&#8221;default&#8221; max_width=&#8221;400px&#8221; module_alignment=&#8221;center&#8221; custom_margin=&#8221;||0px||false|false&#8221; custom_padding=&#8221;0px||0px||false|false&#8221; global_colors_info=&#8221;{%22gcid-78477db1-71b7-4c2b-8efd-d8a163b509f1%22:%91%22color%22%93}&#8221;][\/et_pb_divider][et_pb_heading title=&#8221; Moderniz\u00e1l\u00e1s vagy \u00faj projektek.&#8221; admin_label=&#8221;Modernisierung oder neue Projekte.&#8221; _builder_version=&#8221;4.27.0&#8243; _module_preset=&#8221;db064961-f822-4ca1-8b85-eafda77a08fb&#8221; title_font=&#8221;&#8211;et_global_heading_font|600|||||||&#8221; title_text_align=&#8221;center&#8221; title_font_size=&#8221;28px&#8221; custom_margin=&#8221;20px||||false|false&#8221; global_colors_info=&#8221;{}&#8221;][\/et_pb_heading][et_pb_text admin_label=&#8221;Text 4&#8243; _builder_version=&#8221;4.27.0&#8243; _module_preset=&#8221;default&#8221; text_font=&#8221;|&#8211;et_global_body_font_weight|||||||&#8221; text_font_size=&#8221;18px&#8221; module_alignment=&#8221;center&#8221; custom_margin=&#8221;||50px||false|false&#8221; global_colors_info=&#8221;{}&#8221;]<\/p>\n<p style=\"text-align: center;\">A STRIKE MAKER-t m\u00e9g mindig a k\u00e9t alap\u00edt\u00f3 vezeti \u00e9s ir\u00e1ny\u00edtja.<br \/>\nGlob\u00e1lis csapatunk nap mint nap a legjobb min\u0151s\u00e9g, tisztess\u00e9ges \u00e1rak \u00e9s magas szint\u0171 szolg\u00e1ltat\u00e1s ny\u00fajt\u00e1sa mellett k\u00f6telezi el mag\u00e1t.<br \/>\nA STRIKE MAKER-t ma is a k\u00e9t alap\u00edt\u00f3 vezeti \u00e9s tulajdonolja.<br \/>\nGlob\u00e1lis csapatunk nap mint nap elk\u00f6telezett amellett, hogy a legjobb min\u0151s\u00e9g\u0171 term\u00e9keket, a legigazs\u00e1gosabb \u00e1rakat \u00e9s a legjobb szolg\u00e1ltat\u00e1st ny\u00fajtsa.<br \/>\nC\u00e9lunk, hogy \u00fcgyfeleink \u00e9let\u00e9t k\u00f6nnyebb\u00e9, v\u00e1llalkoz\u00e1sukat pedig j\u00f6vedelmez\u0151bb\u00e9 tegy\u00fck.<\/p>\n<p style=\"text-align: center;\">T\u00f6bb mint 2500 bowlingcentrum t\u00e1maszkodik term\u00e9keinkre.<br \/>\nMi a helyzet \u00d6nnel?<\/p>\n<p>[\/et_pb_text][et_pb_divider color=&#8221;gcid-78477db1-71b7-4c2b-8efd-d8a163b509f1&#8243; divider_weight=&#8221;4px&#8221; admin_label=&#8221;Divider&#8221; _builder_version=&#8221;4.27.2&#8243; _module_preset=&#8221;default&#8221; max_width=&#8221;400px&#8221; module_alignment=&#8221;center&#8221; custom_margin=&#8221;||0px||false|false&#8221; custom_padding=&#8221;0px||0px||false|false&#8221; global_colors_info=&#8221;{%22gcid-78477db1-71b7-4c2b-8efd-d8a163b509f1%22:%91%22color%22%93}&#8221;][\/et_pb_divider][et_pb_heading title=&#8221;STRIKE MAKER: A LEGJOBB PARTNER A BOWLING V\u00c1LLALKOZ\u00c1S\u00c1HOZ!&#8221; admin_label=&#8221;STRIKE MAKER: DER BESTE PARTNER F\u00dcR IHR BOWLING-GESCH\u00c4FT!&#8221; _builder_version=&#8221;4.27.0&#8243; _module_preset=&#8221;db064961-f822-4ca1-8b85-eafda77a08fb&#8221; title_font=&#8221;&#8211;et_global_heading_font|600|||||||&#8221; title_text_align=&#8221;center&#8221; title_font_size=&#8221;28px&#8221; custom_margin=&#8221;20px||||false|false&#8221; custom_padding=&#8221;||0px||false|false&#8221; global_colors_info=&#8221;{}&#8221;][\/et_pb_heading][\/et_pb_column][\/et_pb_row][\/et_pb_section][et_pb_section fb_built=&#8221;1&#8243; _builder_version=&#8221;4.27.2&#8243; _module_preset=&#8221;default&#8221; global_colors_info=&#8221;{}&#8221;][et_pb_row _builder_version=&#8221;4.27.2&#8243; _module_preset=&#8221;default&#8221; global_colors_info=&#8221;{}&#8221;][et_pb_column type=&#8221;4_4&#8243; _builder_version=&#8221;4.27.2&#8243; _module_preset=&#8221;default&#8221; global_colors_info=&#8221;{}&#8221;][et_pb_heading title=&#8221; Term\u00e9keink&#8221; admin_label=&#8221;Heading&#8221; _builder_version=&#8221;4.27.0&#8243; _module_preset=&#8221;db064961-f822-4ca1-8b85-eafda77a08fb&#8221; title_font=&#8221;&#8211;et_global_heading_font|&#8211;et_global_heading_font_weight|||||||&#8221; custom_padding=&#8221;50px||||false|false&#8221; global_colors_info=&#8221;{}&#8221;][\/et_pb_heading][et_pb_code _builder_version=&#8221;4.27.2&#8243; _module_preset=&#8221;default&#8221; global_colors_info=&#8221;{}&#8221;]<div class=\"woocommerce\"><ul class=\"products product-category-list\"><li class=\"product-category product\"><a aria-label=\"Produktkategorie Werbemittel besuchen\" href=\"https:\/\/strikemaker.com\/hu\/produkt-kategorie\/4-hu\/\"><img decoding=\"async\" width=\"300\" height=\"275\" data-src=\"https:\/\/strikemaker.com\/wp-content\/uploads\/sm\/images\/category\/4\/Group-82@2x-300x275.jpg\" class=\"attachment-medium size-medium lazyload\" alt=\"\" src=\"data:image\/svg+xml;base64,PHN2ZyB3aWR0aD0iMSIgaGVpZ2h0PSIxIiB4bWxucz0iaHR0cDovL3d3dy53My5vcmcvMjAwMC9zdmciPjwvc3ZnPg==\" style=\"--smush-placeholder-width: 300px; --smush-placeholder-aspect-ratio: 300\/275;\" \/><\/a><h2 class=\"category-title\"><a aria-label=\"Produktkategorie Werbemittel besuchen\" href=\"https:\/\/strikemaker.com\/hu\/produkt-kategorie\/4-hu\/\">BRUNSWICK GS-g&eacute;p aklatr&eacute;szek<\/a><\/h2><\/li><li class=\"product-category product\"><a aria-label=\"Produktkategorie Werbemittel besuchen\" href=\"https:\/\/strikemaker.com\/hu\/produkt-kategorie\/3-hu\/34-hu\/\"><img decoding=\"async\" width=\"300\" height=\"275\" data-src=\"https:\/\/strikemaker.com\/wp-content\/uploads\/sm\/images\/category\/34\/Group-84@2x-1-300x275.jpg\" class=\"attachment-medium size-medium lazyload\" alt=\"\" src=\"data:image\/svg+xml;base64,PHN2ZyB3aWR0aD0iMSIgaGVpZ2h0PSIxIiB4bWxucz0iaHR0cDovL3d3dy53My5vcmcvMjAwMC9zdmciPjwvc3ZnPg==\" style=\"--smush-placeholder-width: 300px; --smush-placeholder-aspect-ratio: 300\/275;\" \/><\/a><h2 class=\"category-title\"><a aria-label=\"Produktkategorie Werbemittel besuchen\" href=\"https:\/\/strikemaker.com\/hu\/produkt-kategorie\/3-hu\/34-hu\/\">Bowlingcip&ouml;k<\/a><\/h2><\/li><li class=\"product-category product\"><a aria-label=\"Produktkategorie Werbemittel besuchen\" href=\"https:\/\/strikemaker.com\/hu\/produkt-kategorie\/7-hu\/\"><img decoding=\"async\" width=\"300\" height=\"275\" data-src=\"https:\/\/strikemaker.com\/wp-content\/uploads\/sm\/images\/category\/7\/Group-86@2x-300x275.jpg\" class=\"attachment-medium size-medium lazyload\" alt=\"\" src=\"data:image\/svg+xml;base64,PHN2ZyB3aWR0aD0iMSIgaGVpZ2h0PSIxIiB4bWxucz0iaHR0cDovL3d3dy53My5vcmcvMjAwMC9zdmciPjwvc3ZnPg==\" style=\"--smush-placeholder-width: 300px; --smush-placeholder-aspect-ratio: 300\/275;\" \/><\/a><h2 class=\"category-title\"><a aria-label=\"Produktkategorie Werbemittel besuchen\" href=\"https:\/\/strikemaker.com\/hu\/produkt-kategorie\/7-hu\/\">Bowlingb&aacute;buk<\/a><\/h2><\/li><li class=\"product-category product\"><a aria-label=\"Produktkategorie Werbemittel besuchen\" href=\"https:\/\/strikemaker.com\/hu\/produkt-kategorie\/5-hu\/\"><img decoding=\"async\" width=\"300\" height=\"275\" data-src=\"https:\/\/strikemaker.com\/wp-content\/uploads\/sm\/images\/category\/5\/Group-85@2x-300x275.jpg\" class=\"attachment-medium size-medium lazyload\" alt=\"\" src=\"data:image\/svg+xml;base64,PHN2ZyB3aWR0aD0iMSIgaGVpZ2h0PSIxIiB4bWxucz0iaHR0cDovL3d3dy53My5vcmcvMjAwMC9zdmciPjwvc3ZnPg==\" style=\"--smush-placeholder-width: 300px; --smush-placeholder-aspect-ratio: 300\/275;\" \/><\/a><h2 class=\"category-title\"><a aria-label=\"Produktkategorie Werbemittel besuchen\" href=\"https:\/\/strikemaker.com\/hu\/produkt-kategorie\/5-hu\/\">Bowlinggoly&oacute;k<\/a><\/h2><\/li><li class=\"product-category product\"><a aria-label=\"Produktkategorie Werbemittel besuchen\" href=\"https:\/\/strikemaker.com\/hu\/produkt-kategorie\/3-hu\/16-hu\/\"><img decoding=\"async\" width=\"300\" height=\"275\" data-src=\"https:\/\/strikemaker.com\/wp-content\/uploads\/sm\/images\/category\/16\/Group-83@2x-300x275.jpg\" class=\"attachment-medium size-medium lazyload\" alt=\"\" src=\"data:image\/svg+xml;base64,PHN2ZyB3aWR0aD0iMSIgaGVpZ2h0PSIxIiB4bWxucz0iaHR0cDovL3d3dy53My5vcmcvMjAwMC9zdmciPjwvc3ZnPg==\" style=\"--smush-placeholder-width: 300px; --smush-placeholder-aspect-ratio: 300\/275;\" \/><\/a><h2 class=\"category-title\"><a aria-label=\"Produktkategorie Werbemittel besuchen\" href=\"https:\/\/strikemaker.com\/hu\/produkt-kategorie\/3-hu\/16-hu\/\">Cip&ouml;kell&eacute;kek (cip&ouml;fert&ouml;tlen&iacute;t&ouml;, zoknik, f&uuml;z&ouml;k, stb.)<\/a><\/h2><\/li><li class=\"product-category product\"><a aria-label=\"Produktkategorie Werbemittel besuchen\" href=\"https:\/\/strikemaker.com\/hu\/produkt-kategorie\/6-hu\/19-hu\/\"><img decoding=\"async\" width=\"300\" height=\"275\" data-src=\"https:\/\/strikemaker.com\/wp-content\/uploads\/sm\/images\/category\/19\/Group-87@2x-300x275.jpg\" class=\"attachment-medium size-medium lazyload\" alt=\"\" src=\"data:image\/svg+xml;base64,PHN2ZyB3aWR0aD0iMSIgaGVpZ2h0PSIxIiB4bWxucz0iaHR0cDovL3d3dy53My5vcmcvMjAwMC9zdmciPjwvc3ZnPg==\" style=\"--smush-placeholder-width: 300px; --smush-placeholder-aspect-ratio: 300\/275;\" \/><\/a><h2 class=\"category-title\"><a aria-label=\"Produktkategorie Werbemittel besuchen\" href=\"https:\/\/strikemaker.com\/hu\/produkt-kategorie\/6-hu\/19-hu\/\">Pl&uuml;ss b&aacute;bu-figur&aacute;k<\/a><\/h2><\/li><li class=\"product-category product\"><a aria-label=\"Produktkategorie Werbemittel besuchen\" href=\"https:\/\/strikemaker.com\/hu\/produkt-kategorie\/4-hu\/22-hu\/\"><img decoding=\"async\" width=\"300\" height=\"275\" data-src=\"https:\/\/strikemaker.com\/wp-content\/uploads\/sm\/images\/category\/22\/sm-SPEZIAL_Rechteckig-300x275.jpg\" class=\"attachment-medium size-medium lazyload\" alt=\"\" src=\"data:image\/svg+xml;base64,PHN2ZyB3aWR0aD0iMSIgaGVpZ2h0PSIxIiB4bWxucz0iaHR0cDovL3d3dy53My5vcmcvMjAwMC9zdmciPjwvc3ZnPg==\" style=\"--smush-placeholder-width: 300px; --smush-placeholder-aspect-ratio: 300\/275;\" \/><\/a><h2 class=\"category-title\"><a aria-label=\"Produktkategorie Werbemittel besuchen\" href=\"https:\/\/strikemaker.com\/hu\/produkt-kategorie\/4-hu\/22-hu\/\">Spezialteile + Werkzeuge<\/a><\/h2><\/li><li class=\"product-category product\"><a aria-label=\"Produktkategorie Werbemittel besuchen\" href=\"https:\/\/strikemaker.com\/hu\/produkt-kategorie\/8-hu\/\"><img decoding=\"async\" width=\"300\" height=\"275\" data-src=\"https:\/\/strikemaker.com\/wp-content\/uploads\/sm\/images\/category\/8\/Group-88@2x-300x275.jpg\" class=\"attachment-medium size-medium lazyload\" alt=\"\" src=\"data:image\/svg+xml;base64,PHN2ZyB3aWR0aD0iMSIgaGVpZ2h0PSIxIiB4bWxucz0iaHR0cDovL3d3dy53My5vcmcvMjAwMC9zdmciPjwvc3ZnPg==\" style=\"--smush-placeholder-width: 300px; --smush-placeholder-aspect-ratio: 300\/275;\" \/><\/a><h2 class=\"category-title\"><a aria-label=\"Produktkategorie Werbemittel besuchen\" href=\"https:\/\/strikemaker.com\/hu\/produkt-kategorie\/8-hu\/\">Strike Maker B&aacute;bu lik&ouml;r&ouml;k - 4 cl.<\/a><\/h2><\/li><li class=\"product-category product\"><a aria-label=\"Produktkategorie Werbemittel besuchen\" href=\"https:\/\/strikemaker.com\/hu\/produkt-kategorie\/9-hu\/\"><img decoding=\"async\" width=\"300\" height=\"275\" data-src=\"https:\/\/strikemaker.com\/wp-content\/uploads\/sm\/images\/category\/9\/Group-91@2x-300x275.jpg\" class=\"attachment-medium size-medium lazyload\" alt=\"\" src=\"data:image\/svg+xml;base64,PHN2ZyB3aWR0aD0iMSIgaGVpZ2h0PSIxIiB4bWxucz0iaHR0cDovL3d3dy53My5vcmcvMjAwMC9zdmciPjwvc3ZnPg==\" style=\"--smush-placeholder-width: 300px; --smush-placeholder-aspect-ratio: 300\/275;\" \/><\/a><h2 class=\"category-title\"><a aria-label=\"Produktkategorie Werbemittel besuchen\" href=\"https:\/\/strikemaker.com\/hu\/produkt-kategorie\/9-hu\/\">P&aacute;lyakarbantart&oacute;szerek<\/a><\/h2><\/li><li class=\"product-category product\"><a aria-label=\"Produktkategorie Werbemittel besuchen\" href=\"https:\/\/strikemaker.com\/hu\/produkt-kategorie\/6-hu\/\"><img decoding=\"async\" width=\"300\" height=\"275\" data-src=\"https:\/\/strikemaker.com\/wp-content\/uploads\/sm\/images\/category\/6\/Group-90@2x-300x275.jpg\" class=\"attachment-medium size-medium lazyload\" alt=\"\" src=\"data:image\/svg+xml;base64,PHN2ZyB3aWR0aD0iMSIgaGVpZ2h0PSIxIiB4bWxucz0iaHR0cDovL3d3dy53My5vcmcvMjAwMC9zdmciPjwvc3ZnPg==\" style=\"--smush-placeholder-width: 300px; --smush-placeholder-aspect-ratio: 300\/275;\" \/><\/a><h2 class=\"category-title\"><a aria-label=\"Produktkategorie Werbemittel besuchen\" href=\"https:\/\/strikemaker.com\/hu\/produkt-kategorie\/6-hu\/\">Pro Shop term&eacute;kek<\/a><\/h2><\/li><li class=\"product-category product\"><a aria-label=\"Produktkategorie Werbemittel besuchen\" href=\"https:\/\/strikemaker.com\/hu\/produkt-kategorie\/14-hu\/\"><img decoding=\"async\" width=\"300\" height=\"275\" data-src=\"https:\/\/strikemaker.com\/wp-content\/uploads\/sm\/images\/category\/14\/sm-PRIVAT_Rechteckig-300x275.jpg\" class=\"attachment-medium size-medium lazyload\" alt=\"\" src=\"data:image\/svg+xml;base64,PHN2ZyB3aWR0aD0iMSIgaGVpZ2h0PSIxIiB4bWxucz0iaHR0cDovL3d3dy53My5vcmcvMjAwMC9zdmciPjwvc3ZnPg==\" style=\"--smush-placeholder-width: 300px; --smush-placeholder-aspect-ratio: 300\/275;\" \/><\/a><h2 class=\"category-title\"><a aria-label=\"Produktkategorie Werbemittel besuchen\" href=\"https:\/\/strikemaker.com\/hu\/produkt-kategorie\/14-hu\/\">Privat Label<\/a><\/h2><\/li><li class=\"product-category product\"><a aria-label=\"Produktkategorie Werbemittel besuchen\" href=\"https:\/\/strikemaker.com\/hu\/produkt-kategorie\/10-hu\/\"><img decoding=\"async\" width=\"300\" height=\"275\" data-src=\"https:\/\/strikemaker.com\/wp-content\/uploads\/sm\/images\/category\/10\/sm-BUMPER_Rechteckig-300x275.jpg\" class=\"attachment-medium size-medium lazyload\" alt=\"\" src=\"data:image\/svg+xml;base64,PHN2ZyB3aWR0aD0iMSIgaGVpZ2h0PSIxIiB4bWxucz0iaHR0cDovL3d3dy53My5vcmcvMjAwMC9zdmciPjwvc3ZnPg==\" style=\"--smush-placeholder-width: 300px; --smush-placeholder-aspect-ratio: 300\/275;\" \/><\/a><h2 class=\"category-title\"><a aria-label=\"Produktkategorie Werbemittel besuchen\" href=\"https:\/\/strikemaker.com\/hu\/produkt-kategorie\/10-hu\/\">Bumper a gyerekbowlingoz&aacute;shoz<\/a><\/h2><\/li><\/ul><\/div><div class=\"text-center mt-50\"><a class=\"btn\" href=\"https:\/\/strikemaker.com\/hu\/shop\/\">Kateg\u00f3ri\u00e1k b\u00f6ng\u00e9sz\u00e9se<\/a><\/div>[\/et_pb_code][\/et_pb_column][\/et_pb_row][\/et_pb_section]<\/p>\n","protected":false},"excerpt":{"rendered":"<p>Szer\u00e9ny kezdetekb\u0151l sz\u00e1rmazunk M\u00fcnchenb\u0151l &#8211; N\u00e9metorsz\u00e1gb\u00f3l 1999-b\u0151l, ahol el\u0151sz\u00f6r \u00e1rultunk lik\u0151rt tollas \u00fcvegekben, ami azt jelenti, hogy a gy\u00f6kereink val\u00f3j\u00e1ban az iv\u00e1sb\u00f3l erednek. Az \u00e9vek sor\u00e1n b\u00f6lcsebbek lett\u00fcnk, kev\u00e9sb\u00e9 koncentr\u00e1ltunk az iv\u00e1sra, \u00e9s m\u00e9g jobban figyelt\u00fcnk a v\u00e1s\u00e1rl\u00f3inkra. T\u00f6bb sz\u00e1z k\u00f6zpontvezet\u0151 napi probl\u00e9m\u00e1i \u00e9s tapasztalatai alapj\u00e1n kezdt\u00fcnk \u00faj \u00f6tleteket \u00e9s technol\u00f3gi\u00e1kat kifejleszteni, hogy t\u00e1mogassuk a [&hellip;]<\/p>\n","protected":false},"author":3,"featured_media":0,"parent":0,"menu_order":0,"comment_status":"closed","ping_status":"closed","template":"","meta":{"_acf_changed":false,"_et_pb_use_builder":"on","_et_pb_old_content":"","_et_gb_content_width":"","footnotes":""},"class_list":["post-1619077","page","type-page","status-publish","hentry"],"acf":[],"_links":{"self":[{"href":"https:\/\/strikemaker.com\/hu\/wp-json\/wp\/v2\/pages\/1619077","targetHints":{"allow":["GET"]}}],"collection":[{"href":"https:\/\/strikemaker.com\/hu\/wp-json\/wp\/v2\/pages"}],"about":[{"href":"https:\/\/strikemaker.com\/hu\/wp-json\/wp\/v2\/types\/page"}],"author":[{"embeddable":true,"href":"https:\/\/strikemaker.com\/hu\/wp-json\/wp\/v2\/users\/3"}],"replies":[{"embeddable":true,"href":"https:\/\/strikemaker.com\/hu\/wp-json\/wp\/v2\/comments?post=1619077"}],"version-history":[{"count":65,"href":"https:\/\/strikemaker.com\/hu\/wp-json\/wp\/v2\/pages\/1619077\/revisions"}],"predecessor-version":[{"id":1623355,"href":"https:\/\/strikemaker.com\/hu\/wp-json\/wp\/v2\/pages\/1619077\/revisions\/1623355"}],"wp:attachment":[{"href":"https:\/\/strikemaker.com\/hu\/wp-json\/wp\/v2\/media?parent=1619077"}],"curies":[{"name":"wp","href":"https:\/\/api.w.org\/{rel}","templated":true}]}}