{"id":1619302,"date":"2024-12-03T12:02:34","date_gmt":"2024-12-03T11:02:34","guid":{"rendered":"https:\/\/strikemaker.com\/az-en-szamlam\/suivi-de-commande\/"},"modified":"2024-12-03T12:05:29","modified_gmt":"2024-12-03T11:05:29","slug":"rendeleskovetes","status":"publish","type":"page","link":"https:\/\/strikemaker.com\/hu\/az-en-szamlam\/rendeleskovetes\/","title":{"rendered":"Rendel\u00e9s nyomon k\u00f6vet\u00e9se"},"content":{"rendered":"<div class=\"woocommerce\"><\/div>\n","protected":false},"excerpt":{"rendered":"","protected":false},"author":3,"featured_media":0,"parent":1618474,"menu_order":0,"comment_status":"closed","ping_status":"closed","template":"","meta":{"_acf_changed":false,"_et_pb_use_builder":"","_et_pb_old_content":"","_et_gb_content_width":"","footnotes":""},"class_list":["post-1619302","page","type-page","status-publish","hentry"],"acf":[],"_links":{"self":[{"href":"https:\/\/strikemaker.com\/hu\/wp-json\/wp\/v2\/pages\/1619302","targetHints":{"allow":["GET"]}}],"collection":[{"href":"https:\/\/strikemaker.com\/hu\/wp-json\/wp\/v2\/pages"}],"about":[{"href":"https:\/\/strikemaker.com\/hu\/wp-json\/wp\/v2\/types\/page"}],"author":[{"embeddable":true,"href":"https:\/\/strikemaker.com\/hu\/wp-json\/wp\/v2\/users\/3"}],"replies":[{"embeddable":true,"href":"https:\/\/strikemaker.com\/hu\/wp-json\/wp\/v2\/comments?post=1619302"}],"version-history":[{"count":1,"href":"https:\/\/strikemaker.com\/hu\/wp-json\/wp\/v2\/pages\/1619302\/revisions"}],"predecessor-version":[{"id":1619318,"href":"https:\/\/strikemaker.com\/hu\/wp-json\/wp\/v2\/pages\/1619302\/revisions\/1619318"}],"up":[{"embeddable":true,"href":"https:\/\/strikemaker.com\/hu\/wp-json\/wp\/v2\/pages\/1618474"}],"wp:attachment":[{"href":"https:\/\/strikemaker.com\/hu\/wp-json\/wp\/v2\/media?parent=1619302"}],"curies":[{"name":"wp","href":"https:\/\/api.w.org\/{rel}","templated":true}]}}