{"id":1619393,"date":"2024-12-03T12:37:23","date_gmt":"2024-12-03T11:37:23","guid":{"rendered":"https:\/\/strikemaker.com\/szallitasi-modok\/"},"modified":"2024-12-03T12:37:23","modified_gmt":"2024-12-03T11:37:23","slug":"szallitasi-modok","status":"publish","type":"page","link":"https:\/\/strikemaker.com\/hu\/szallitasi-modok\/","title":{"rendered":"Sz\u00e1ll\u00edt\u00e1si m\u00f3dszerek"},"content":{"rendered":"","protected":false},"excerpt":{"rendered":"","protected":false},"author":1,"featured_media":0,"parent":0,"menu_order":0,"comment_status":"closed","ping_status":"closed","template":"","meta":{"_acf_changed":false,"_et_pb_use_builder":"","_et_pb_old_content":"","_et_gb_content_width":"","footnotes":""},"class_list":["post-1619393","page","type-page","status-publish","hentry"],"acf":[],"_links":{"self":[{"href":"https:\/\/strikemaker.com\/hu\/wp-json\/wp\/v2\/pages\/1619393","targetHints":{"allow":["GET"]}}],"collection":[{"href":"https:\/\/strikemaker.com\/hu\/wp-json\/wp\/v2\/pages"}],"about":[{"href":"https:\/\/strikemaker.com\/hu\/wp-json\/wp\/v2\/types\/page"}],"author":[{"embeddable":true,"href":"https:\/\/strikemaker.com\/hu\/wp-json\/wp\/v2\/users\/1"}],"replies":[{"embeddable":true,"href":"https:\/\/strikemaker.com\/hu\/wp-json\/wp\/v2\/comments?post=1619393"}],"version-history":[{"count":0,"href":"https:\/\/strikemaker.com\/hu\/wp-json\/wp\/v2\/pages\/1619393\/revisions"}],"wp:attachment":[{"href":"https:\/\/strikemaker.com\/hu\/wp-json\/wp\/v2\/media?parent=1619393"}],"curies":[{"name":"wp","href":"https:\/\/api.w.org\/{rel}","templated":true}]}}