{"id":1619521,"date":"2024-12-04T14:26:14","date_gmt":"2024-12-04T13:26:14","guid":{"rendered":"https:\/\/strikemaker.com\/?page_id=1619521"},"modified":"2024-12-16T10:42:06","modified_gmt":"2024-12-16T09:42:06","slug":"impresszum","status":"publish","type":"page","link":"https:\/\/strikemaker.com\/hu\/impresszum\/","title":{"rendered":"Impresszum"},"content":{"rendered":"<h2>A TMG 5. \u00a7-a szerinti t\u00e1j\u00e9koztat\u00e1s<\/h2>\n<p>S&amp;M Trading GmbH<br \/>\nM\u00fchlstra\u00dfe 7<br \/>\n83071 Stephanskirchen<\/p>\n<p>Kereskedelmi nyilv\u00e1ntart\u00e1s: HRB 16472<br \/>\nNyilv\u00e1ntart\u00f3 b\u00edr\u00f3s\u00e1g: Traunsteini Helyi B\u00edr\u00f3s\u00e1g<\/p>\n<p><strong>K\u00e9pviseli:<\/strong><br \/>\nS&amp;M Trading GmbH<br \/>\n\u00dcgyvezet\u0151 igazgat\u00f3: Dieter Moherndl<\/p>\n<h2>Kapcsolat<\/h2>\n<p>Telefon: <a href=\"tel:+34687535025\">+34 687.535.025<\/a><br \/>\nFax: <a href=\"tel:+34687535025\">+34 687.535.025<\/a><br \/>\nE-mail: <a href=\"mailto:info@strike-maker.com\">info@strike-maker.com<\/a><\/p>\n<h2>H\u00c9A-AZONOS\u00cdT\u00d3<\/h2>\n<p>A n\u00e9met forgalmiad\u00f3-t\u00f6rv\u00e9ny 27a. \u00a7-a szerinti forgalmiad\u00f3-azonos\u00edt\u00f3sz\u00e1m:<br \/>\nDE812831507<\/p>\n<h2>EU-s vitarendez\u00e9s<\/h2>\n<p>Az Eur\u00f3pai Bizotts\u00e1g platformot biztos\u00edt az online vitarendez\u00e9shez (ODR): <a href=\"https:\/\/ec.europa.eu\/consumers\/odr\/\" target=\"_blank\" rel=\"noopener noreferrer\">https:\/\/ec.europa.eu\/consumers\/odr\/<\/a>.<br \/>\nE-mail c\u00edm\u00fcnket a fenti impresszumban tal\u00e1lja.<\/p>\n<h2>Fogyaszt\u00f3i jogvit\u00e1k rendez\u00e9se\/Univerz\u00e1lis V\u00e1lasztottb\u00edr\u00f3s\u00e1g<\/h2>\n<p>Nem vagyunk hajland\u00f3ak vagy k\u00f6telesek r\u00e9szt venni a fogyaszt\u00f3i d\u00f6nt\u0151bizotts\u00e1g el\u0151tti vitarendez\u00e9si elj\u00e1r\u00e1sban.<\/p>\n<h3>Felel\u0151ss\u00e9g a tartalom\u00e9rt<\/h3>\n<p>Szolg\u00e1ltat\u00f3k\u00e9nt a 7. \u00a7 (1) bekezd\u00e9s\u00e9nek megfelel\u0151en a k\u00f6vetkez\u0151k vagyunk A TMG az \u00e1ltal\u00e1nos t\u00f6rv\u00e9nyeknek megfelel\u0151en felel\u0151s az ezeken az oldalakon tal\u00e1lhat\u00f3 saj\u00e1t tartalm\u00e1\u00e9rt. A TMG 8-10. \u00a7-ai szerint azonban szolg\u00e1ltat\u00f3k\u00e9nt nem vagyunk k\u00f6telesek harmadik felek tov\u00e1bb\u00edtott vagy t\u00e1rolt adatait ellen\u0151rizni, vagy olyan k\u00f6r\u00fclm\u00e9nyeket kivizsg\u00e1lni, amelyek illeg\u00e1lis tev\u00e9kenys\u00e9gre utalnak.<\/p>\n<p>Ez nem \u00e9rinti az inform\u00e1ci\u00f3k elt\u00e1vol\u00edt\u00e1s\u00e1ra vagy felhaszn\u00e1l\u00e1s\u00e1nak megakad\u00e1lyoz\u00e1s\u00e1ra vonatkoz\u00f3, az \u00e1ltal\u00e1nos jogszab\u00e1lyoknak megfelel\u0151 k\u00f6telezetts\u00e9geket. E tekintetben azonban a felel\u0151ss\u00e9gre von\u00e1s csak a konkr\u00e9t jogs\u00e9rt\u00e9sr\u0151l val\u00f3 tudom\u00e1sszerz\u00e9s id\u0151pontj\u00e1t\u00f3l lehets\u00e9ges. Ha ilyen jogs\u00e9rt\u00e9sr\u0151l szerez\u00fcnk tudom\u00e1st, azonnal elt\u00e1vol\u00edtjuk a tartalmat.<\/p>\n<h3>Felel\u0151ss\u00e9g a linkek\u00e9rt<\/h3>\n<p>Aj\u00e1nlatunk harmadik felek k\u00fcls\u0151 weboldalaira mutat\u00f3 linkeket tartalmaz, amelyek tartalm\u00e1ra nincs befoly\u00e1sunk. Ez\u00e9rt nem tudunk felel\u0151ss\u00e9get v\u00e1llalni ezek\u00e9rt a k\u00fcls\u0151 tartalmak\u00e9rt. A hivatkozott oldalak tartalm\u00e1\u00e9rt mindig az adott szolg\u00e1ltat\u00f3 vagy az oldalak \u00fczemeltet\u0151je a felel\u0151s. A linkelt oldalakat a linkel\u00e9s id\u0151pontj\u00e1ban ellen\u0151rizt\u00fck az esetleges jogszab\u00e1lys\u00e9rt\u00e9sek szempontj\u00e1b\u00f3l. Az illeg\u00e1lis tartalmak a linkel\u00e9skor nem voltak felismerhet\u0151k.<\/p>\n<p>A hivatkozott oldalak tartalm\u00e1nak \u00e1lland\u00f3 ellen\u0151rz\u00e9se azonban nem \u00e9sszer\u0171 a t\u00f6rv\u00e9nys\u00e9rt\u00e9sre utal\u00f3 konkr\u00e9t jelek n\u00e9lk\u00fcl. Ha tudom\u00e1st szerz\u00fcnk b\u00e1rmilyen t\u00f6rv\u00e9nys\u00e9rt\u00e9sr\u0151l, azonnal elt\u00e1vol\u00edtjuk az ilyen linkeket.<\/p>\n<h3>Szerz\u0151i jog<\/h3>\n<p>Az oldal \u00fczemeltet\u0151i \u00e1ltal ezen oldalakon l\u00e9trehozott tartalmak \u00e9s m\u0171vek a n\u00e9met szerz\u0151i jog hat\u00e1lya al\u00e1 tartoznak. A sokszoros\u00edt\u00e1shoz, szerkeszt\u00e9shez, terjeszt\u00e9shez \u00e9s a szerz\u0151i jog korl\u00e1tain k\u00edv\u00fcli b\u00e1rmilyen felhaszn\u00e1l\u00e1shoz az adott szerz\u0151 vagy alkot\u00f3 \u00edr\u00e1sbeli hozz\u00e1j\u00e1rul\u00e1sa sz\u00fcks\u00e9ges. Az oldal let\u00f6lt\u00e9se \u00e9s m\u00e1sol\u00e1sa kiz\u00e1r\u00f3lag mag\u00e1njelleg\u0171, nem kereskedelmi c\u00e9l\u00fa felhaszn\u00e1l\u00e1sra enged\u00e9lyezett.<\/p>\n<p>Amennyiben az oldalon tal\u00e1lhat\u00f3 tartalmakat nem az \u00fczemeltet\u0151 k\u00e9sz\u00edtette, a harmadik felek szerz\u0151i jogait tiszteletben tartjuk. K\u00fcl\u00f6n\u00f6sen a harmadik f\u00e9lt\u0151l sz\u00e1rmaz\u00f3 tartalmakat azonos\u00edtj\u00e1k. Amennyiben m\u00e9gis tudom\u00e1s\u00e1ra jutna a szerz\u0151i jogok megs\u00e9rt\u00e9se, k\u00e9rj\u00fck, t\u00e1j\u00e9koztasson minket err\u0151l. Ha tudom\u00e1st szerz\u00fcnk b\u00e1rmilyen t\u00f6rv\u00e9nys\u00e9rt\u00e9sr\u0151l, azonnal elt\u00e1vol\u00edtjuk az ilyen tartalmakat.<\/p>\n<h2>Web design &amp; programoz\u00e1s<\/h2>\n<p>Corporate Meta Agentur &#8211; <a href=\"https:\/\/corporatemeta.de\" target=\"_blank\" rel=\"noopener\">www.corporatemeta.de<\/a><\/p>\n","protected":false},"excerpt":{"rendered":"<p>A TMG 5. \u00a7-a szerinti t\u00e1j\u00e9koztat\u00e1s S&amp;M Trading GmbH M\u00fchlstra\u00dfe 7 83071 Stephanskirchen Kereskedelmi nyilv\u00e1ntart\u00e1s: HRB 16472 Nyilv\u00e1ntart\u00f3 b\u00edr\u00f3s\u00e1g: Traunsteini Helyi B\u00edr\u00f3s\u00e1g K\u00e9pviseli: S&amp;M Trading GmbH \u00dcgyvezet\u0151 igazgat\u00f3: Dieter Moherndl Kapcsolat Telefon: +34 687.535.025 Fax: +34 687.535.025 E-mail: info@strike-maker.com H\u00c9A-AZONOS\u00cdT\u00d3 A n\u00e9met forgalmiad\u00f3-t\u00f6rv\u00e9ny 27a. \u00a7-a szerinti forgalmiad\u00f3-azonos\u00edt\u00f3sz\u00e1m: DE812831507 EU-s vitarendez\u00e9s Az Eur\u00f3pai Bizotts\u00e1g platformot biztos\u00edt [&hellip;]<\/p>\n","protected":false},"author":16829,"featured_media":0,"parent":0,"menu_order":0,"comment_status":"closed","ping_status":"closed","template":"","meta":{"_acf_changed":false,"_et_pb_use_builder":"","_et_pb_old_content":"","_et_gb_content_width":"","footnotes":""},"class_list":["post-1619521","page","type-page","status-publish","hentry"],"acf":[],"_links":{"self":[{"href":"https:\/\/strikemaker.com\/hu\/wp-json\/wp\/v2\/pages\/1619521","targetHints":{"allow":["GET"]}}],"collection":[{"href":"https:\/\/strikemaker.com\/hu\/wp-json\/wp\/v2\/pages"}],"about":[{"href":"https:\/\/strikemaker.com\/hu\/wp-json\/wp\/v2\/types\/page"}],"author":[{"embeddable":true,"href":"https:\/\/strikemaker.com\/hu\/wp-json\/wp\/v2\/users\/16829"}],"replies":[{"embeddable":true,"href":"https:\/\/strikemaker.com\/hu\/wp-json\/wp\/v2\/comments?post=1619521"}],"version-history":[{"count":3,"href":"https:\/\/strikemaker.com\/hu\/wp-json\/wp\/v2\/pages\/1619521\/revisions"}],"predecessor-version":[{"id":1620336,"href":"https:\/\/strikemaker.com\/hu\/wp-json\/wp\/v2\/pages\/1619521\/revisions\/1620336"}],"wp:attachment":[{"href":"https:\/\/strikemaker.com\/hu\/wp-json\/wp\/v2\/media?parent=1619521"}],"curies":[{"name":"wp","href":"https:\/\/api.w.org\/{rel}","templated":true}]}}