{"id":1563167,"date":"2023-04-12T15:45:15","date_gmt":"2023-04-12T14:45:15","guid":{"rendered":"https:\/\/strikemaker.com\/?post_type=product&#038;p=1563167"},"modified":"2026-04-05T16:49:11","modified_gmt":"2026-04-05T15:49:11","slug":"sm-11-603301-000-overflow-chute-clamp-2","status":"publish","type":"product","link":"https:\/\/strikemaker.com\/hu\/product\/sm-11-603301-000-overflow-chute-clamp-2\/","title":{"rendered":"SM-11-603301-000 Overflow Chute Clamp"},"content":{"rendered":"<p>R\u00f6gz\u00edt\u00f6 gy\u00fcr\u00fc a b\u00e1buzoknihoz<br \/>F\u00e9m r\u00f6gz\u00edt\u00f6 elem a b\u00e1buzoknihoz.<\/p>\n","protected":false},"excerpt":{"rendered":"<p>SM-11-603301-000 Overflow Chute Clamp<\/p>\n","protected":false},"featured_media":1552477,"comment_status":"closed","ping_status":"closed","template":"","meta":{"_acf_changed":false,"_et_pb_use_builder":"","_et_pb_old_content":"","_et_gb_content_width":""},"product_brand":[],"product_cat":[3327],"product_tag":[],"class_list":{"0":"post-1563167","1":"product","2":"type-product","3":"status-publish","4":"has-post-thumbnail","6":"product_cat-25-hu","8":"first","9":"instock","10":"shipping-taxable","11":"product-type-simple"},"acf":[],"_links":{"self":[{"href":"https:\/\/strikemaker.com\/hu\/wp-json\/wp\/v2\/product\/1563167","targetHints":{"allow":["GET"]}}],"collection":[{"href":"https:\/\/strikemaker.com\/hu\/wp-json\/wp\/v2\/product"}],"about":[{"href":"https:\/\/strikemaker.com\/hu\/wp-json\/wp\/v2\/types\/product"}],"replies":[{"embeddable":true,"href":"https:\/\/strikemaker.com\/hu\/wp-json\/wp\/v2\/comments?post=1563167"}],"wp:featuredmedia":[{"embeddable":true,"href":"https:\/\/strikemaker.com\/hu\/wp-json\/wp\/v2\/media\/1552477"}],"wp:attachment":[{"href":"https:\/\/strikemaker.com\/hu\/wp-json\/wp\/v2\/media?parent=1563167"}],"wp:term":[{"taxonomy":"product_brand","embeddable":true,"href":"https:\/\/strikemaker.com\/hu\/wp-json\/wp\/v2\/product_brand?post=1563167"},{"taxonomy":"product_cat","embeddable":true,"href":"https:\/\/strikemaker.com\/hu\/wp-json\/wp\/v2\/product_cat?post=1563167"},{"taxonomy":"product_tag","embeddable":true,"href":"https:\/\/strikemaker.com\/hu\/wp-json\/wp\/v2\/product_tag?post=1563167"}],"curies":[{"name":"wp","href":"https:\/\/api.w.org\/{rel}","templated":true}]}}