{"id":1563171,"date":"2023-04-12T15:45:16","date_gmt":"2023-04-12T14:45:16","guid":{"rendered":"https:\/\/strikemaker.com\/?post_type=product&#038;p=1563171"},"modified":"2026-04-05T13:01:10","modified_gmt":"2026-04-05T12:01:10","slug":"sm-11-053901-000-v-belt-10x6x875-sweep-distributor","status":"publish","type":"product","link":"https:\/\/strikemaker.com\/hu\/product\/sm-11-053901-000-v-belt-10x6x875-sweep-distributor\/","title":{"rendered":"SM-11-053901-000 V-Belt (10x6x875) Sweep + Distributor"},"content":{"rendered":"<p>V-Belt Sweep and Distributor Drive &#8211; V-Belt (10x6x875)<br \/>N\u00e9met min\u00f6s\u00e9gi term\u00e9k.<\/p>\n","protected":false},"excerpt":{"rendered":"<p>SM-11-053901-000 V-Belt (10x6x875) Sweep + Distributor<\/p>\n","protected":false},"featured_media":1552531,"comment_status":"closed","ping_status":"closed","template":"","meta":{"_acf_changed":false,"_et_pb_use_builder":"","_et_pb_old_content":"","_et_gb_content_width":""},"product_brand":[],"product_cat":[3355],"product_tag":[],"class_list":{"0":"post-1563171","1":"product","2":"type-product","3":"status-publish","4":"has-post-thumbnail","6":"product_cat-29-hu","8":"first","9":"instock","10":"shipping-taxable","11":"product-type-simple"},"acf":[],"_links":{"self":[{"href":"https:\/\/strikemaker.com\/hu\/wp-json\/wp\/v2\/product\/1563171","targetHints":{"allow":["GET"]}}],"collection":[{"href":"https:\/\/strikemaker.com\/hu\/wp-json\/wp\/v2\/product"}],"about":[{"href":"https:\/\/strikemaker.com\/hu\/wp-json\/wp\/v2\/types\/product"}],"replies":[{"embeddable":true,"href":"https:\/\/strikemaker.com\/hu\/wp-json\/wp\/v2\/comments?post=1563171"}],"wp:featuredmedia":[{"embeddable":true,"href":"https:\/\/strikemaker.com\/hu\/wp-json\/wp\/v2\/media\/1552531"}],"wp:attachment":[{"href":"https:\/\/strikemaker.com\/hu\/wp-json\/wp\/v2\/media?parent=1563171"}],"wp:term":[{"taxonomy":"product_brand","embeddable":true,"href":"https:\/\/strikemaker.com\/hu\/wp-json\/wp\/v2\/product_brand?post=1563171"},{"taxonomy":"product_cat","embeddable":true,"href":"https:\/\/strikemaker.com\/hu\/wp-json\/wp\/v2\/product_cat?post=1563171"},{"taxonomy":"product_tag","embeddable":true,"href":"https:\/\/strikemaker.com\/hu\/wp-json\/wp\/v2\/product_tag?post=1563171"}],"curies":[{"name":"wp","href":"https:\/\/api.w.org\/{rel}","templated":true}]}}