{"id":1563172,"date":"2023-04-12T15:45:17","date_gmt":"2023-04-12T14:45:17","guid":{"rendered":"https:\/\/strikemaker.com\/?post_type=product&#038;p=1563172"},"modified":"2026-04-05T05:32:21","modified_gmt":"2026-04-05T04:32:21","slug":"golyo-urethane-glow","status":"publish","type":"product","link":"https:\/\/strikemaker.com\/hu\/product\/golyo-urethane-glow\/","title":{"rendered":"Goly\u00f3 URETHANE &#8211; GLOW&#8230;"},"content":{"rendered":"<p>Er\u00f6s, tart\u00f3s, f\u00fart Glow in the Dark bowlinggoly\u00f3k.<br \/>Urethanb\u00f3l k\u00e9sz\u00fcltek, ami az egyik leger\u00f6sebb m\u00fcanyagfajta.<br \/>A k\u00f6vetkez\u00f6 s\u00falyokban kaphat\u00f3ak: 5, 6, 7, 8, 9, 10, 11, 12, 13, 14, 15 \u00e9s 16 lbs.<br \/>Glow in the Dark: fluoreszk\u00e1l\u00f3 hat\u00e1s &#8222;black light&#8221;-n\u00e1l.<br \/>A lyukak eur\u00f3pai ujjm\u00e9ret szerint vannak f\u00farva \u00e9s a peremei sz\u00e9pen le vannak kerek\u00edtve.<br \/>A s\u00falykateg\u00f3ria j\u00f3l l\u00e1that\u00f3an r\u00e1 van v\u00e9sve a goly\u00f3kra. S\u00falykateg\u00f3ri\u00e1nk\u00e9nt 3 k\u00fcl\u00f6nb\u00f6z\u00f6 m\u00e9ret\u00fc f\u00far\u00e1ssal rendelhet\u00f6ek: Small, Medium, Large.<\/p>\n","protected":false},"excerpt":{"rendered":"<p>Goly\u00f3 URETHANE &#8211; GLOW&#8230;<\/p>\n","protected":false},"featured_media":1552555,"comment_status":"closed","ping_status":"closed","template":"","meta":{"_acf_changed":false,"_et_pb_use_builder":"","_et_pb_old_content":"","_et_gb_content_width":""},"product_brand":[],"product_cat":[3208],"product_tag":[],"class_list":{"0":"post-1563172","1":"product","2":"type-product","3":"status-publish","4":"has-post-thumbnail","6":"product_cat-5-hu","7":"pa_bohrung-l-hu","8":"pa_bohrung-m-hu","9":"pa_bohrung-s-hu","10":"pa_gewicht-07-hu","11":"pa_gewicht-08-hu","12":"pa_gewicht-09-hu","13":"pa_gewicht-10-hu","14":"pa_gewicht-11-hu","15":"pa_gewicht-12-hu","16":"pa_gewicht-13-hu","17":"pa_gewicht-14-hu","18":"pa_gewicht-15-hu","19":"pa_gewicht-05-hu","20":"pa_gewicht-16-hu","21":"pa_gewicht-06-hu","23":"first","24":"outofstock","25":"shipping-taxable","26":"product-type-variable"},"acf":[],"_links":{"self":[{"href":"https:\/\/strikemaker.com\/hu\/wp-json\/wp\/v2\/product\/1563172","targetHints":{"allow":["GET"]}}],"collection":[{"href":"https:\/\/strikemaker.com\/hu\/wp-json\/wp\/v2\/product"}],"about":[{"href":"https:\/\/strikemaker.com\/hu\/wp-json\/wp\/v2\/types\/product"}],"replies":[{"embeddable":true,"href":"https:\/\/strikemaker.com\/hu\/wp-json\/wp\/v2\/comments?post=1563172"}],"wp:featuredmedia":[{"embeddable":true,"href":"https:\/\/strikemaker.com\/hu\/wp-json\/wp\/v2\/media\/1552555"}],"wp:attachment":[{"href":"https:\/\/strikemaker.com\/hu\/wp-json\/wp\/v2\/media?parent=1563172"}],"wp:term":[{"taxonomy":"product_brand","embeddable":true,"href":"https:\/\/strikemaker.com\/hu\/wp-json\/wp\/v2\/product_brand?post=1563172"},{"taxonomy":"product_cat","embeddable":true,"href":"https:\/\/strikemaker.com\/hu\/wp-json\/wp\/v2\/product_cat?post=1563172"},{"taxonomy":"product_tag","embeddable":true,"href":"https:\/\/strikemaker.com\/hu\/wp-json\/wp\/v2\/product_tag?post=1563172"}],"curies":[{"name":"wp","href":"https:\/\/api.w.org\/{rel}","templated":true}]}}