{"id":1563222,"date":"2023-04-12T15:45:32","date_gmt":"2023-04-12T14:45:32","guid":{"rendered":"https:\/\/strikemaker.com\/?post_type=product&#038;p=1563222"},"modified":"2026-04-05T13:14:21","modified_gmt":"2026-04-05T12:14:21","slug":"bowlingbabu-glow-in-the-dark-2","status":"publish","type":"product","link":"https:\/\/strikemaker.com\/hu\/product\/bowlingbabu-glow-in-the-dark-2\/","title":{"rendered":"Bowlingb\u00e1bu, Glow in the Dark"},"content":{"rendered":"<p>Kiv\u00e1l\u00f3 minos\u00e9gu, kanadai juharf\u00e1b\u00f3l k\u00e9sz\u00fclt, \u00e1tszinezett muanyagr\u00e9teggel bevont, Glow in the Dark bowlingb\u00e1buk. ABC\/ WIBC \/ USBC, az 505-\u00f6s sz\u00e1mmal \u2013 szabadalmazott term\u00e9k anyaga: muanyagr\u00e9teggel bevont, kanadai juharfa Glow in the Dark \u2013 fluoreszk\u00e1l\u00f3 hat\u00e1s a s\u00f6t\u00e9tben 3 sz\u00ednbol van v\u00e1laszt\u00e9k: feh\u00e9r, citroms\u00e1rga \u00e9s narancss\u00e1rga a k\u00fclso muanyagr\u00e9teg nem lakkozott, hanem teljesen \u00e1tszinezett szabadalmazott, minos\u00e9gi nylon aljgyurun \u00e1ll, ami cs\u00fasz\u00e1sg\u00e1tl\u00f3 fel\u00fcl megf\u00farva is megrendelheto (a zsin\u00f3rp\u00e1ly\u00e1khoz).<\/p>\n","protected":false},"excerpt":{"rendered":"<p>Bowlingb\u00e1bu, Glow in the Dark<\/p>\n","protected":false},"featured_media":1552999,"comment_status":"closed","ping_status":"closed","template":"","meta":{"_acf_changed":false,"_et_pb_use_builder":"","_et_pb_old_content":"","_et_gb_content_width":""},"product_brand":[],"product_cat":[3222],"product_tag":[],"class_list":{"0":"post-1563222","1":"product","2":"type-product","3":"status-publish","4":"has-post-thumbnail","6":"product_cat-7-hu","7":"pa_bohrung-furt","8":"pa_bohrung-furatlan","9":"pa_farbe-orange-hu","10":"pa_farbe-ezust","11":"pa_farbe-feher","12":"pa_farbe-sarga","13":"pa_farbe-arany","15":"first","16":"outofstock","17":"shipping-taxable","18":"product-type-variable"},"acf":[],"_links":{"self":[{"href":"https:\/\/strikemaker.com\/hu\/wp-json\/wp\/v2\/product\/1563222","targetHints":{"allow":["GET"]}}],"collection":[{"href":"https:\/\/strikemaker.com\/hu\/wp-json\/wp\/v2\/product"}],"about":[{"href":"https:\/\/strikemaker.com\/hu\/wp-json\/wp\/v2\/types\/product"}],"replies":[{"embeddable":true,"href":"https:\/\/strikemaker.com\/hu\/wp-json\/wp\/v2\/comments?post=1563222"}],"wp:featuredmedia":[{"embeddable":true,"href":"https:\/\/strikemaker.com\/hu\/wp-json\/wp\/v2\/media\/1552999"}],"wp:attachment":[{"href":"https:\/\/strikemaker.com\/hu\/wp-json\/wp\/v2\/media?parent=1563222"}],"wp:term":[{"taxonomy":"product_brand","embeddable":true,"href":"https:\/\/strikemaker.com\/hu\/wp-json\/wp\/v2\/product_brand?post=1563222"},{"taxonomy":"product_cat","embeddable":true,"href":"https:\/\/strikemaker.com\/hu\/wp-json\/wp\/v2\/product_cat?post=1563222"},{"taxonomy":"product_tag","embeddable":true,"href":"https:\/\/strikemaker.com\/hu\/wp-json\/wp\/v2\/product_tag?post=1563222"}],"curies":[{"name":"wp","href":"https:\/\/api.w.org\/{rel}","templated":true}]}}