{"id":1563235,"date":"2023-04-12T15:45:35","date_gmt":"2023-04-12T14:45:35","guid":{"rendered":"https:\/\/strikemaker.com\/?post_type=product&#038;p=1563235"},"modified":"2024-09-11T09:51:04","modified_gmt":"2024-09-11T08:51:04","slug":"palyatiszttito-duster-tekercs-4-es-csomag","status":"publish","type":"product","link":"https:\/\/strikemaker.com\/hu\/product\/palyatiszttito-duster-tekercs-4-es-csomag\/","title":{"rendered":"P\u00e1lyatisztt\u00edt\u00f3 DUSTER tekercs (4-es csomag)"},"content":{"rendered":"<p>Lane Cleaning Cloth HQ<br \/>P\u00e1lyatiszt\u00edt\u00f3 &#8216;Duster&#8217; tekercs<br \/>LANE CLEANING DUSTER CLOTH &#8211; HIGH QUALITY <br \/>&#8211; P\u00e1lyatiszt\u00edt\u00f3 &#8216;Duster&#8217; tekercs\u00fcnk \u00fagy fogja majd tiszt\u00edtani a p\u00e1ly\u00e1kat, mint soha ezel\u00f6tt.<br \/>&#8211; Minden p\u00e1lya-karbantart\u00f3 g\u00e9pben haszn\u00e1lhat\u00f3.<br \/>&#8211; K\u00cdV\u00c1L\u00d3 M\u00cdN\u00d6S\u00c9G A LEGALACSONYABB \u00c1RON !!!<br \/>&#8211; KIT\u00dcN\u00d6 FELSZ\u00cdV\u00d3 K\u00c9PESS\u00c9G\u00dc ANYAGB\u00d3L K\u00c9SZ\u00dcLT &#8211; felszed mindenfajta piszkot \u00e9s port, t\u00f6k\u00e9letesen felsz\u00e1r\u00edtja a p\u00e1ly\u00e1kat, az olajoz\u00e1s el\u00f6tt.<br \/>&#8211; HASZN\u00c1LHAT\u00d3 MINDEN P\u00c1LYA-KARBANTART\u00d3 G\u00c9PBEN, MINDEN FAJTA P\u00c1LYA-TISZT\u00cdT\u00d3SZER MELLETT \u00c9S MINDEN FAJTA P\u00c1LYA-FEL\u00dcLETEN.<br \/>&#8211; EGYSZER\u00dc A HASZN\u00c1LATA a Quick-Change Plastic Core sziszt\u00e9m\u00e1nak k\u00f6sz\u00f6nhet\u00f6en.<br \/>&#8211; DUPLA OLDAL\u00da RAGASZT\u00d3 SZALAGGAL RENDELKEZIK, hogy egyszer\u00fcen fel lehessen tenni a &#8216;Duster&#8217; tekercset.<br \/>Tiszt\u00edt\u00e1si kapacit\u00e1sa: kb. 400 p\u00e1lya, tekercsenk\u00e9nt.<br \/>A tekercs hossza: 18,3 m\u00e9ter (20 yards).<br \/>Csomagol\u00e1sa: 4 tekercs dobozonk\u00e9nt.<\/p>\n","protected":false},"excerpt":{"rendered":"<p>P\u00e1lyatisztt\u00edt\u00f3 DUSTER tekercs (4-es csomag)<\/p>\n","protected":false},"featured_media":1553269,"comment_status":"closed","ping_status":"closed","template":"","meta":{"_acf_changed":false,"_et_pb_use_builder":"","_et_pb_old_content":"","_et_gb_content_width":""},"product_brand":[],"product_cat":[3236],"product_tag":[],"class_list":{"0":"post-1563235","1":"product","2":"type-product","3":"status-publish","4":"has-post-thumbnail","6":"product_cat-9-hu","8":"first","9":"onbackorder","10":"shipping-taxable","11":"product-type-simple"},"acf":[],"_links":{"self":[{"href":"https:\/\/strikemaker.com\/hu\/wp-json\/wp\/v2\/product\/1563235","targetHints":{"allow":["GET"]}}],"collection":[{"href":"https:\/\/strikemaker.com\/hu\/wp-json\/wp\/v2\/product"}],"about":[{"href":"https:\/\/strikemaker.com\/hu\/wp-json\/wp\/v2\/types\/product"}],"replies":[{"embeddable":true,"href":"https:\/\/strikemaker.com\/hu\/wp-json\/wp\/v2\/comments?post=1563235"}],"wp:featuredmedia":[{"embeddable":true,"href":"https:\/\/strikemaker.com\/hu\/wp-json\/wp\/v2\/media\/1553269"}],"wp:attachment":[{"href":"https:\/\/strikemaker.com\/hu\/wp-json\/wp\/v2\/media?parent=1563235"}],"wp:term":[{"taxonomy":"product_brand","embeddable":true,"href":"https:\/\/strikemaker.com\/hu\/wp-json\/wp\/v2\/product_brand?post=1563235"},{"taxonomy":"product_cat","embeddable":true,"href":"https:\/\/strikemaker.com\/hu\/wp-json\/wp\/v2\/product_cat?post=1563235"},{"taxonomy":"product_tag","embeddable":true,"href":"https:\/\/strikemaker.com\/hu\/wp-json\/wp\/v2\/product_tag?post=1563235"}],"curies":[{"name":"wp","href":"https:\/\/api.w.org\/{rel}","templated":true}]}}