{"id":1563240,"date":"2023-04-12T15:45:37","date_gmt":"2023-04-12T14:45:37","guid":{"rendered":"https:\/\/strikemaker.com\/?post_type=product&#038;p=1563240"},"modified":"2026-04-05T16:49:16","modified_gmt":"2026-04-05T15:49:16","slug":"sm-11-053907-000-v-belt-ball-accelerator-10x6x925-mm-60-cy","status":"publish","type":"product","link":"https:\/\/strikemaker.com\/hu\/product\/sm-11-053907-000-v-belt-ball-accelerator-10x6x925-mm-60-cy\/","title":{"rendered":"SM-11-053907-000 V-Belt Ball Accelerator (10x6x925 mm. 60 Cy)"},"content":{"rendered":"<p>V-Belt (10x6x1900) <br \/>N\u00e9met min\u00f6s\u00e9gi term\u00e9k.<\/p>\n","protected":false},"excerpt":{"rendered":"<p>SM-11-053907-000 V-Belt Ball Accelerator (10x6x925 mm. 60 Cy)<\/p>\n","protected":false},"featured_media":1553335,"comment_status":"closed","ping_status":"closed","template":"","meta":{"_acf_changed":false,"_et_pb_use_builder":"","_et_pb_old_content":"","_et_gb_content_width":""},"product_brand":[],"product_cat":[3334],"product_tag":[],"class_list":{"0":"post-1563240","1":"product","2":"type-product","3":"status-publish","4":"has-post-thumbnail","6":"product_cat-26-hu","8":"first","9":"instock","10":"shipping-taxable","11":"product-type-simple"},"acf":[],"_links":{"self":[{"href":"https:\/\/strikemaker.com\/hu\/wp-json\/wp\/v2\/product\/1563240","targetHints":{"allow":["GET"]}}],"collection":[{"href":"https:\/\/strikemaker.com\/hu\/wp-json\/wp\/v2\/product"}],"about":[{"href":"https:\/\/strikemaker.com\/hu\/wp-json\/wp\/v2\/types\/product"}],"replies":[{"embeddable":true,"href":"https:\/\/strikemaker.com\/hu\/wp-json\/wp\/v2\/comments?post=1563240"}],"wp:featuredmedia":[{"embeddable":true,"href":"https:\/\/strikemaker.com\/hu\/wp-json\/wp\/v2\/media\/1553335"}],"wp:attachment":[{"href":"https:\/\/strikemaker.com\/hu\/wp-json\/wp\/v2\/media?parent=1563240"}],"wp:term":[{"taxonomy":"product_brand","embeddable":true,"href":"https:\/\/strikemaker.com\/hu\/wp-json\/wp\/v2\/product_brand?post=1563240"},{"taxonomy":"product_cat","embeddable":true,"href":"https:\/\/strikemaker.com\/hu\/wp-json\/wp\/v2\/product_cat?post=1563240"},{"taxonomy":"product_tag","embeddable":true,"href":"https:\/\/strikemaker.com\/hu\/wp-json\/wp\/v2\/product_tag?post=1563240"}],"curies":[{"name":"wp","href":"https:\/\/api.w.org\/{rel}","templated":true}]}}