{"id":1563250,"date":"2023-04-12T15:45:40","date_gmt":"2023-04-12T14:45:40","guid":{"rendered":"https:\/\/strikemaker.com\/?post_type=product&#038;p=1563250"},"modified":"2026-04-05T17:02:24","modified_gmt":"2026-04-05T16:02:24","slug":"bowlingbabu-glow-in-the-dark","status":"publish","type":"product","link":"https:\/\/strikemaker.com\/hu\/product\/bowlingbabu-glow-in-the-dark\/","title":{"rendered":"BOWLINGB\u00c1BU Glow in the Dark"},"content":{"rendered":"<p>Kiv\u00e1l\u00f3 min\u00f6s\u00e9g\u00fc, kanadai juharf\u00e1b\u00f3l k\u00e9sz\u00fclt, \u00e1tszinezettm\u00fcanyagr\u00e9teggel bevont, Glow in the Dark bowlingb\u00e1buk.<br \/>ABC\/ WIBC \/ USBC, az 505-\u00f6s sz\u00e1mmal jegyzett, szabadalmazott term\u00e9k<br \/>anyaga: surlyn-m\u00fcanyagr\u00e9teggel bevont, kanadai juharfa<br \/>Glow in the Dark: fluoreszk\u00e1l\u00f3 hat\u00e1ssal a s\u00f6t\u00e9tben<br \/>3 sz\u00ednb\u00f6l van v\u00e1laszt\u00e9k: feh\u00e9r, citroms\u00e1rga \u00e9s narancss\u00e1rga<br \/>tov\u00e1bbi sz\u00ednek mint a z\u00f6ld, k\u00e9k, arany vagy ez\u00fcst b\u00e1bu csak megrendel\u00e9sre kaphat\u00f3ak<br \/>a k\u00fcls\u00f6 m\u00fcanyagr\u00e9teg nem lakkozott, hanem teljesen \u00e1tszinezett<br \/>szabadalmazott, min\u00f6s\u00e9gi nylon aljgy\u00fcr\u00fcn \u00e1ll, ami cs\u00fasz\u00e1sg\u00e1tl\u00f3<br \/>fel\u00fcl f\u00fartan is megrendelhet\u00f6 (a zsin\u00f3rp\u00e1ly\u00e1khoz).<\/p>\n","protected":false},"excerpt":{"rendered":"<p>BOWLINGB\u00c1BU Glow in the Dark<\/p>\n","protected":false},"featured_media":1553455,"comment_status":"closed","ping_status":"closed","template":"","meta":{"_acf_changed":false,"_et_pb_use_builder":"","_et_pb_old_content":"","_et_gb_content_width":""},"product_brand":[],"product_cat":[3222],"product_tag":[],"class_list":{"0":"post-1563250","1":"product","2":"type-product","3":"status-publish","4":"has-post-thumbnail","6":"product_cat-7-hu","7":"pa_bohrung-furatlan","8":"pa_bohrung-furt","9":"pa_farbe-sarga","10":"pa_farbe-arany","11":"pa_farbe-orange-hu","12":"pa_farbe-ezust","13":"pa_farbe-feher","15":"first","16":"outofstock","17":"shipping-taxable","18":"product-type-variable"},"acf":[],"_links":{"self":[{"href":"https:\/\/strikemaker.com\/hu\/wp-json\/wp\/v2\/product\/1563250","targetHints":{"allow":["GET"]}}],"collection":[{"href":"https:\/\/strikemaker.com\/hu\/wp-json\/wp\/v2\/product"}],"about":[{"href":"https:\/\/strikemaker.com\/hu\/wp-json\/wp\/v2\/types\/product"}],"replies":[{"embeddable":true,"href":"https:\/\/strikemaker.com\/hu\/wp-json\/wp\/v2\/comments?post=1563250"}],"wp:featuredmedia":[{"embeddable":true,"href":"https:\/\/strikemaker.com\/hu\/wp-json\/wp\/v2\/media\/1553455"}],"wp:attachment":[{"href":"https:\/\/strikemaker.com\/hu\/wp-json\/wp\/v2\/media?parent=1563250"}],"wp:term":[{"taxonomy":"product_brand","embeddable":true,"href":"https:\/\/strikemaker.com\/hu\/wp-json\/wp\/v2\/product_brand?post=1563250"},{"taxonomy":"product_cat","embeddable":true,"href":"https:\/\/strikemaker.com\/hu\/wp-json\/wp\/v2\/product_cat?post=1563250"},{"taxonomy":"product_tag","embeddable":true,"href":"https:\/\/strikemaker.com\/hu\/wp-json\/wp\/v2\/product_tag?post=1563250"}],"curies":[{"name":"wp","href":"https:\/\/api.w.org\/{rel}","templated":true}]}}