{"id":1563264,"date":"2023-04-12T15:45:46","date_gmt":"2023-04-12T14:45:46","guid":{"rendered":"https:\/\/strikemaker.com\/?post_type=product&#038;p=1563264"},"modified":"2026-04-05T09:07:12","modified_gmt":"2026-04-05T08:07:12","slug":"sm-47-024838-005-rundriemen-polycord-15-mm-metere","status":"publish","type":"product","link":"https:\/\/strikemaker.com\/hu\/product\/sm-47-024838-005-rundriemen-polycord-15-mm-metere\/","title":{"rendered":"SM-47-024838-005 Rundriemen &#8211; Polycord (15 mm) &#8211; m\u00e9tere"},"content":{"rendered":"<p>M\u00e9terenk\u00e9nt rendelhet\u00f6. (Egy tekercsen 50 m\u00e9ter van.) <br \/>Jobb min\u00f6s\u00e9g\u00fc \u00e9s tart\u00f3sabb, mint az eredeti slagg (a Habasit-t\u00f3l). <br \/>ALIG NYULIK HOSSZ\u00c1BAN &#8211;  \u00c9LETTARTALMA MAXIM\u00c1LIS. <br \/>Sima fel\u00fclet\u00e9t k\u00f6nny\u00fc tiszt\u00edtani. Ehhez a STRIKE MAKER p\u00e1lyatiszt\u00edt\u00f3 szert aj\u00e1nljuk. <br \/>Tov\u00e1bb\u00e1 aj\u00e1nljuk a polycord v\u00e1g\u00e1s\u00e1hoz \u00e9s forraszt\u00e1s\u00e1hoz haszn\u00e1latos szersz\u00e1mokat: <br \/>&#8211; SM-TOOL-003 Belt Welding Iron 220 Volt<br \/>&#8211; SM-TOOL-002 Belt Welding Iron 110 Volt <br \/>&#8211; SM-TOOL-004 Cutting Device Polycord<br \/>&#8211; SM-TOOL-005 Belt Welding Clamp<\/p>\n","protected":false},"excerpt":{"rendered":"<p>SM-47-024838-005 Rundriemen &#8211; Polycord (15 mm) &#8211; m\u00e9tere<\/p>\n","protected":false},"featured_media":1553725,"comment_status":"closed","ping_status":"closed","template":"","meta":{"_acf_changed":false,"_et_pb_use_builder":"","_et_pb_old_content":"","_et_gb_content_width":""},"product_brand":[],"product_cat":[3320],"product_tag":[],"class_list":{"0":"post-1563264","1":"product","2":"type-product","3":"status-publish","4":"has-post-thumbnail","6":"product_cat-24-hu","8":"first","9":"instock","10":"shipping-taxable","11":"product-type-simple"},"acf":[],"_links":{"self":[{"href":"https:\/\/strikemaker.com\/hu\/wp-json\/wp\/v2\/product\/1563264","targetHints":{"allow":["GET"]}}],"collection":[{"href":"https:\/\/strikemaker.com\/hu\/wp-json\/wp\/v2\/product"}],"about":[{"href":"https:\/\/strikemaker.com\/hu\/wp-json\/wp\/v2\/types\/product"}],"replies":[{"embeddable":true,"href":"https:\/\/strikemaker.com\/hu\/wp-json\/wp\/v2\/comments?post=1563264"}],"wp:featuredmedia":[{"embeddable":true,"href":"https:\/\/strikemaker.com\/hu\/wp-json\/wp\/v2\/media\/1553725"}],"wp:attachment":[{"href":"https:\/\/strikemaker.com\/hu\/wp-json\/wp\/v2\/media?parent=1563264"}],"wp:term":[{"taxonomy":"product_brand","embeddable":true,"href":"https:\/\/strikemaker.com\/hu\/wp-json\/wp\/v2\/product_brand?post=1563264"},{"taxonomy":"product_cat","embeddable":true,"href":"https:\/\/strikemaker.com\/hu\/wp-json\/wp\/v2\/product_cat?post=1563264"},{"taxonomy":"product_tag","embeddable":true,"href":"https:\/\/strikemaker.com\/hu\/wp-json\/wp\/v2\/product_tag?post=1563264"}],"curies":[{"name":"wp","href":"https:\/\/api.w.org\/{rel}","templated":true}]}}