{"id":1563280,"date":"2023-04-12T15:45:55","date_gmt":"2023-04-12T14:45:55","guid":{"rendered":"https:\/\/strikemaker.com\/?post_type=product&#038;p=1563280"},"modified":"2026-04-05T13:01:18","modified_gmt":"2026-04-05T12:01:18","slug":"palyatisztito-szer-5-literes-kannaban","status":"publish","type":"product","link":"https:\/\/strikemaker.com\/hu\/product\/palyatisztito-szer-5-literes-kannaban\/","title":{"rendered":"P\u00e1lyatiszt\u00edt\u00f3 szer &#8211; 5 literes kann\u00e1ban"},"content":{"rendered":"<p>A STRIKE MAKER p\u00e1lyakarbantart\u00f3 anyagok mindegyike N\u00e9metorsz\u00e1gi term\u00e9kek, ott lettek kik\u00eds\u00e9rletezve, kipr\u00f3b\u00e1lva \u00e9s legy\u00e1rtva. A p\u00e1lyatiszt\u00edt\u00f3szer, az aproach wax \u00e9s a p\u00e1lyaolaj is t\u00f6bb \u00e9vi m\u00e9lyrehat\u00f3 k\u00eds\u00e9rletez\u00e9s \u00e9s kipr\u00f3b\u00e1l\u00e1s ut\u00e1n, t\u00f6bb elismert k\u00e9miai- term\u00e9kgy\u00e1rt\u00f3 v\u00e1llalat \u00e9s j\u00f3 n\u00e9h\u00e1ny erre a c\u00e9lra kiv\u00e1lasztott bowlingterem k\u00f6zrem\u00fck\u00f6d\u00e9s\u00e9vel j\u00f6tt l\u00e9tre.<br \/>A hasonl\u00f3 term\u00e9kek \u00f6sszehasonl\u00edt\u00e1s\u00e1n\u00e1l arra a k\u00f6vetkezm\u00e9nyre jutottunk, hogy term\u00e9keink  fel\u00fclm\u00falj\u00e1k a jelenleg kaphat\u00f3 m\u00e1sik term\u00e9keket. A p\u00e1lyatiszt\u00edt\u00f3szer, az aproach wax \u00e9s a p\u00e1lyaolaj is a fa- \u00e9s a m\u00fcanyag p\u00e1ly\u00e1k karbantart\u00e1s\u00e1ra lett el\u00f6fejltesztve. K\u00edv\u00e1l\u00f3an alkalmazhat\u00f3ak g\u00e9pi- \u00e9s k\u00e9zi haszn\u00e1latra is. Az univerz\u00e1lis \u00e9s koncentr\u00e1lt p\u00e1lyatiszt\u00edt\u00f3szer t\u00f6k\u00e9letesen alkalmas a bowlingg\u00e9pek alkatr\u00e9szeinek tiszt\u00edt\u00e1s\u00e1ra is. <br \/>Haszn\u00e1lati aj\u00e1nlat: a szennyez\u00f6d\u00e9st\u00f6l f\u00fcgg\u00f6en 1 liter tiszt\u00edt\u00f3szert 8-t\u00f3l 12 liter v\u00edzzel lehet hig\u00edtani. 5 literes kann\u00e1ban kaphat\u00f3.<\/p>\n","protected":false},"excerpt":{"rendered":"<p>P\u00e1lyatiszt\u00edt\u00f3 szer &#8211; 5 literes kann\u00e1ban<\/p>\n","protected":false},"featured_media":1554655,"comment_status":"closed","ping_status":"closed","template":"","meta":{"_acf_changed":false,"_et_pb_use_builder":"","_et_pb_old_content":"","_et_gb_content_width":""},"product_brand":[],"product_cat":[3236],"product_tag":[],"class_list":{"0":"post-1563280","1":"product","2":"type-product","3":"status-publish","4":"has-post-thumbnail","6":"product_cat-9-hu","7":"pa_abmessungen-5-l-hu","9":"first","10":"instock","11":"shipping-taxable","12":"product-type-simple"},"acf":[],"_links":{"self":[{"href":"https:\/\/strikemaker.com\/hu\/wp-json\/wp\/v2\/product\/1563280","targetHints":{"allow":["GET"]}}],"collection":[{"href":"https:\/\/strikemaker.com\/hu\/wp-json\/wp\/v2\/product"}],"about":[{"href":"https:\/\/strikemaker.com\/hu\/wp-json\/wp\/v2\/types\/product"}],"replies":[{"embeddable":true,"href":"https:\/\/strikemaker.com\/hu\/wp-json\/wp\/v2\/comments?post=1563280"}],"wp:featuredmedia":[{"embeddable":true,"href":"https:\/\/strikemaker.com\/hu\/wp-json\/wp\/v2\/media\/1554655"}],"wp:attachment":[{"href":"https:\/\/strikemaker.com\/hu\/wp-json\/wp\/v2\/media?parent=1563280"}],"wp:term":[{"taxonomy":"product_brand","embeddable":true,"href":"https:\/\/strikemaker.com\/hu\/wp-json\/wp\/v2\/product_brand?post=1563280"},{"taxonomy":"product_cat","embeddable":true,"href":"https:\/\/strikemaker.com\/hu\/wp-json\/wp\/v2\/product_cat?post=1563280"},{"taxonomy":"product_tag","embeddable":true,"href":"https:\/\/strikemaker.com\/hu\/wp-json\/wp\/v2\/product_tag?post=1563280"}],"curies":[{"name":"wp","href":"https:\/\/api.w.org\/{rel}","templated":true}]}}