{"id":1563287,"date":"2023-04-12T15:45:58","date_gmt":"2023-04-12T14:45:58","guid":{"rendered":"https:\/\/strikemaker.com\/?post_type=product&#038;p=1563287"},"modified":"2026-04-04T17:55:10","modified_gmt":"2026-04-04T16:55:10","slug":"sm-11-635201-000-transport-band-carpet-high-quality-2020x1440x3-5-short-pit","status":"publish","type":"product","link":"https:\/\/strikemaker.com\/hu\/product\/sm-11-635201-000-transport-band-carpet-high-quality-2020x1440x3-5-short-pit\/","title":{"rendered":"SM-11-635201-000 Transport Band HQ (2020 x 1440 x 3.5) Short Pit"},"content":{"rendered":"<p>Kiv\u00e1l\u00f3 min\u00f6s\u00e9g\u00fc, 4 r\u00e9teges sz\u00e1ll\u00edt\u00f3 sz\u00f6nyeg, gumi \u00e9s urethan kever\u00e9kb\u00f6l, amely nem ny\u00falik se hossz\u00e1ban, se sz\u00e9lt\u00e9ben.<br \/>A sima fel\u00fclet k\u00f6nnyen tiszt\u00edthat\u00f3 \u00e9s anyag\u00e1t nem t\u00e1madja meg a se a p\u00e1lyatiszt\u00edt\u00f3szer, se a p\u00e1lyaolaj. <br \/>Hossz\u00fa \u00e9lete garantiz\u00e1lt!<br \/>GS92-GSX<\/p>\n","protected":false},"excerpt":{"rendered":"<p>SM-11-635201-000 Transport Band HQ (2020 x 1440 x 3.5) Short Pit<\/p>\n","protected":false},"featured_media":1554721,"comment_status":"closed","ping_status":"closed","template":"","meta":{"_acf_changed":false,"_et_pb_use_builder":"","_et_pb_old_content":"","_et_gb_content_width":""},"product_brand":[],"product_cat":[3320],"product_tag":[],"class_list":{"0":"post-1563287","1":"product","2":"type-product","3":"status-publish","4":"has-post-thumbnail","6":"product_cat-24-hu","8":"first","9":"instock","10":"shipping-taxable","11":"product-type-simple"},"acf":[],"_links":{"self":[{"href":"https:\/\/strikemaker.com\/hu\/wp-json\/wp\/v2\/product\/1563287","targetHints":{"allow":["GET"]}}],"collection":[{"href":"https:\/\/strikemaker.com\/hu\/wp-json\/wp\/v2\/product"}],"about":[{"href":"https:\/\/strikemaker.com\/hu\/wp-json\/wp\/v2\/types\/product"}],"replies":[{"embeddable":true,"href":"https:\/\/strikemaker.com\/hu\/wp-json\/wp\/v2\/comments?post=1563287"}],"wp:featuredmedia":[{"embeddable":true,"href":"https:\/\/strikemaker.com\/hu\/wp-json\/wp\/v2\/media\/1554721"}],"wp:attachment":[{"href":"https:\/\/strikemaker.com\/hu\/wp-json\/wp\/v2\/media?parent=1563287"}],"wp:term":[{"taxonomy":"product_brand","embeddable":true,"href":"https:\/\/strikemaker.com\/hu\/wp-json\/wp\/v2\/product_brand?post=1563287"},{"taxonomy":"product_cat","embeddable":true,"href":"https:\/\/strikemaker.com\/hu\/wp-json\/wp\/v2\/product_cat?post=1563287"},{"taxonomy":"product_tag","embeddable":true,"href":"https:\/\/strikemaker.com\/hu\/wp-json\/wp\/v2\/product_tag?post=1563287"}],"curies":[{"name":"wp","href":"https:\/\/api.w.org\/{rel}","templated":true}]}}