{"id":1563288,"date":"2023-04-12T15:45:59","date_gmt":"2023-04-12T14:45:59","guid":{"rendered":"https:\/\/strikemaker.com\/?post_type=product&#038;p=1563288"},"modified":"2026-04-06T04:12:46","modified_gmt":"2026-04-06T03:12:46","slug":"sm-47-014918-003-micro-switch-only-pin-count","status":"publish","type":"product","link":"https:\/\/strikemaker.com\/hu\/product\/sm-47-014918-003-micro-switch-only-pin-count\/","title":{"rendered":"SM-47-014918-003 Micro Switch only &#8211; Pin Count"},"content":{"rendered":"<p>Kiv\u00e1l\u00f3 min\u00f6s\u00e9g\u00fc, tart\u00f3s b\u00e1busz\u00e1mol\u00f3. A k\u00f6z\u00e9ps\u00f6 r\u00e9sz f\u00e9mb\u00f6l k\u00e9sz\u00fclt, hogy az alkatr\u00e9sz hossz\u00fa \u00e9let\u00e9t garant\u00e1lja.  <br \/>CE min\u00f6s\u00e9gi bizony\u00edtv\u00e1nnyal. <\/p>\n","protected":false},"excerpt":{"rendered":"<p>SM-47-014918-003 Micro Switch only &#8211; Pin Count<\/p>\n","protected":false},"featured_media":1554727,"comment_status":"closed","ping_status":"closed","template":"","meta":{"_acf_changed":false,"_et_pb_use_builder":"","_et_pb_old_content":"","_et_gb_content_width":""},"product_brand":[],"product_cat":[3313],"product_tag":[],"class_list":{"0":"post-1563288","1":"product","2":"type-product","3":"status-publish","4":"has-post-thumbnail","6":"product_cat-23-hu","8":"first","9":"instock","10":"shipping-taxable","11":"product-type-simple"},"acf":[],"_links":{"self":[{"href":"https:\/\/strikemaker.com\/hu\/wp-json\/wp\/v2\/product\/1563288","targetHints":{"allow":["GET"]}}],"collection":[{"href":"https:\/\/strikemaker.com\/hu\/wp-json\/wp\/v2\/product"}],"about":[{"href":"https:\/\/strikemaker.com\/hu\/wp-json\/wp\/v2\/types\/product"}],"replies":[{"embeddable":true,"href":"https:\/\/strikemaker.com\/hu\/wp-json\/wp\/v2\/comments?post=1563288"}],"wp:featuredmedia":[{"embeddable":true,"href":"https:\/\/strikemaker.com\/hu\/wp-json\/wp\/v2\/media\/1554727"}],"wp:attachment":[{"href":"https:\/\/strikemaker.com\/hu\/wp-json\/wp\/v2\/media?parent=1563288"}],"wp:term":[{"taxonomy":"product_brand","embeddable":true,"href":"https:\/\/strikemaker.com\/hu\/wp-json\/wp\/v2\/product_brand?post=1563288"},{"taxonomy":"product_cat","embeddable":true,"href":"https:\/\/strikemaker.com\/hu\/wp-json\/wp\/v2\/product_cat?post=1563288"},{"taxonomy":"product_tag","embeddable":true,"href":"https:\/\/strikemaker.com\/hu\/wp-json\/wp\/v2\/product_tag?post=1563288"}],"curies":[{"name":"wp","href":"https:\/\/api.w.org\/{rel}","templated":true}]}}