{"id":1563291,"date":"2023-04-12T15:46:00","date_gmt":"2023-04-12T14:46:00","guid":{"rendered":"https:\/\/strikemaker.com\/?post_type=product&#038;p=1563291"},"modified":"2026-04-21T08:43:15","modified_gmt":"2026-04-21T07:43:15","slug":"sm-47-022531-000-overflow-sock-2","status":"publish","type":"product","link":"https:\/\/strikemaker.com\/hu\/product\/sm-47-022531-000-overflow-sock-2\/","title":{"rendered":"SM-47-022531-000 Overflow Sock"},"content":{"rendered":"<p>STRIKE MAKER OVERFLOW SOCK &#8211;  B\u00e1bu csizma (szabadalmazott term\u00e9k!)<br \/>Inteligens \u00e9s hossz\u00fa \u00e9let\u00fc konstrukci\u00f3, amely megakad\u00e1lyozza, hogy a b\u00e1buk elakadjanak. Meg van er\u00f6s\u00edtve h\u00e1tul lentt\u00f6l eg\u00e9szen fentig, hogy sok\u00e1ig b\u00edrja a strap\u00e1t.  A b\u00e1buk lef\u00e9kezve \u00e9s finoman cs\u00fasznak ki a cs\u00facsban v\u00e9gz\u00f6d\u00f6 b\u00e1bu-csizm\u00e1b\u00f3l.<br \/>Rendelje meg a feler\u00f6s\u00edt\u00f6 gy\u00fcr\u00fct hozz\u00e1:<br \/>SM-11-603301-000  Feler\u00f6s\u00edt\u00f6 gy\u00fcr\u00fc a b\u00e1bucsizm\u00e1hoz.<br \/>47-092529-000 sock white &#8211; 47-092529-000 sock heavy duty white<\/p>\n","protected":false},"excerpt":{"rendered":"<p>SM-47-022531-000 Overflow Sock<\/p>\n","protected":false},"featured_media":1554751,"comment_status":"closed","ping_status":"closed","template":"","meta":{"_acf_changed":false,"_et_pb_use_builder":"","_et_pb_old_content":"","_et_gb_content_width":""},"product_brand":[],"product_cat":[3327],"product_tag":[],"class_list":{"0":"post-1563291","1":"product","2":"type-product","3":"status-publish","4":"has-post-thumbnail","6":"product_cat-25-hu","8":"first","9":"instock","10":"shipping-taxable","11":"product-type-simple"},"acf":[],"_links":{"self":[{"href":"https:\/\/strikemaker.com\/hu\/wp-json\/wp\/v2\/product\/1563291","targetHints":{"allow":["GET"]}}],"collection":[{"href":"https:\/\/strikemaker.com\/hu\/wp-json\/wp\/v2\/product"}],"about":[{"href":"https:\/\/strikemaker.com\/hu\/wp-json\/wp\/v2\/types\/product"}],"replies":[{"embeddable":true,"href":"https:\/\/strikemaker.com\/hu\/wp-json\/wp\/v2\/comments?post=1563291"}],"wp:featuredmedia":[{"embeddable":true,"href":"https:\/\/strikemaker.com\/hu\/wp-json\/wp\/v2\/media\/1554751"}],"wp:attachment":[{"href":"https:\/\/strikemaker.com\/hu\/wp-json\/wp\/v2\/media?parent=1563291"}],"wp:term":[{"taxonomy":"product_brand","embeddable":true,"href":"https:\/\/strikemaker.com\/hu\/wp-json\/wp\/v2\/product_brand?post=1563291"},{"taxonomy":"product_cat","embeddable":true,"href":"https:\/\/strikemaker.com\/hu\/wp-json\/wp\/v2\/product_cat?post=1563291"},{"taxonomy":"product_tag","embeddable":true,"href":"https:\/\/strikemaker.com\/hu\/wp-json\/wp\/v2\/product_tag?post=1563291"}],"curies":[{"name":"wp","href":"https:\/\/api.w.org\/{rel}","templated":true}]}}