{"id":1563294,"date":"2023-04-12T15:46:01","date_gmt":"2023-04-12T14:46:01","guid":{"rendered":"https:\/\/strikemaker.com\/?post_type=product&#038;p=1563294"},"modified":"2026-04-21T08:43:15","modified_gmt":"2026-04-21T07:43:15","slug":"sm-47-021084-004-pit-curtain","status":"publish","type":"product","link":"https:\/\/strikemaker.com\/hu\/product\/sm-47-021084-004-pit-curtain\/","title":{"rendered":"SM-47-021084-004 Pit Curtain"},"content":{"rendered":"<p>B\u00c1BU F\u00dcGG\u00d6NY<br \/>Strapab\u00edr\u00f3, hossz\u00f3 \u00e9let\u00fc, j\u00f3 min\u00f6s\u00e9g\u00fc sz\u00f6v\u00e9ssel k\u00e9sz\u00fclt b\u00e1bu f\u00fcgg\u00f6ny, ahol a csavarok helye m\u00e1r benne van, hogy hamar \u00e9s egyszer\u00fcen fel lehessen szerelni.<\/p>\n","protected":false},"excerpt":{"rendered":"<p>SM-47-021084-004 Pit Curtain<\/p>\n","protected":false},"featured_media":1555165,"comment_status":"closed","ping_status":"closed","template":"","meta":{"_acf_changed":false,"_et_pb_use_builder":"","_et_pb_old_content":"","_et_gb_content_width":""},"product_brand":[],"product_cat":[3327],"product_tag":[],"class_list":{"0":"post-1563294","1":"product","2":"type-product","3":"status-publish","4":"has-post-thumbnail","6":"product_cat-25-hu","8":"first","9":"instock","10":"shipping-taxable","11":"product-type-simple"},"acf":[],"_links":{"self":[{"href":"https:\/\/strikemaker.com\/hu\/wp-json\/wp\/v2\/product\/1563294","targetHints":{"allow":["GET"]}}],"collection":[{"href":"https:\/\/strikemaker.com\/hu\/wp-json\/wp\/v2\/product"}],"about":[{"href":"https:\/\/strikemaker.com\/hu\/wp-json\/wp\/v2\/types\/product"}],"replies":[{"embeddable":true,"href":"https:\/\/strikemaker.com\/hu\/wp-json\/wp\/v2\/comments?post=1563294"}],"wp:featuredmedia":[{"embeddable":true,"href":"https:\/\/strikemaker.com\/hu\/wp-json\/wp\/v2\/media\/1555165"}],"wp:attachment":[{"href":"https:\/\/strikemaker.com\/hu\/wp-json\/wp\/v2\/media?parent=1563294"}],"wp:term":[{"taxonomy":"product_brand","embeddable":true,"href":"https:\/\/strikemaker.com\/hu\/wp-json\/wp\/v2\/product_brand?post=1563294"},{"taxonomy":"product_cat","embeddable":true,"href":"https:\/\/strikemaker.com\/hu\/wp-json\/wp\/v2\/product_cat?post=1563294"},{"taxonomy":"product_tag","embeddable":true,"href":"https:\/\/strikemaker.com\/hu\/wp-json\/wp\/v2\/product_tag?post=1563294"}],"curies":[{"name":"wp","href":"https:\/\/api.w.org\/{rel}","templated":true}]}}