{"id":1563306,"date":"2023-04-12T15:46:10","date_gmt":"2023-04-12T14:46:10","guid":{"rendered":"https:\/\/strikemaker.com\/?post_type=product&#038;p=1563306"},"modified":"2026-04-16T22:01:21","modified_gmt":"2026-04-16T21:01:21","slug":"sm-47-275804-009-polycord-125-mm-oe-30-meter-lang","status":"publish","type":"product","link":"https:\/\/strikemaker.com\/hu\/product\/sm-47-275804-009-polycord-125-mm-oe-30-meter-lang\/","title":{"rendered":"SM-47-275804-009 Polycord 12,5 mm \u00d8 &#8211; 30 meter lang"},"content":{"rendered":"<p>12,5 mm \u00e1tm\u00e9r\u00f6j\u00fc polycord, 30 m\u00e9teres kiszerel\u00e9sben.<br \/>Jobb min\u00f6s\u00e9g\u00fc \u00e9s tart\u00f3sabb, mint az eredeti slagg (a Habasit-t\u00f3l). <br \/>ALIG NYULIK HOSSZ\u00c1BAN &#8211;  \u00c9LETTARTALMA MAXIM\u00c1LIS. <br \/>Sima fel\u00fclet\u00e9t k\u00f6nny\u00fc tiszt\u00edtani. Ehhez a STRIKE MAKER p\u00e1lyatiszt\u00edt\u00f3 szert aj\u00e1nljuk. <br \/>FIGYELEM: kb. 5 cm hosszabbra v\u00e1gj\u00e1k le ezt a tart\u00f3s, de picit kem\u00e9nyebb polycordot, mint amely a pinsetterek hasz\u00e1lati utas\u00edt\u00e1s\u00e1ban szerepel, \u00edgy a g\u00e9pek t\u00f6k\u00e9letesen fognak m\u00fck\u00f6dni. <br \/>Tov\u00e1bb\u00e1 aj\u00e1nljuk a polycord v\u00e1g\u00e1s\u00e1hoz \u00e9s forraszt\u00e1s\u00e1hoz haszn\u00e1latos szersz\u00e1mokat: <br \/>SM-TOOL-003 Belt Welding Iron 220 Volt<br \/>SM-TOOL-004 Cutting Device Polycord<br \/>SM-TOOL-005 Belt Welding Clamp<\/p>\n","protected":false},"excerpt":{"rendered":"<p>SM-47-275804-009 Polycord 12,5 mm \u00d8 &#8211; 30 meter lang<\/p>\n","protected":false},"featured_media":1555261,"comment_status":"closed","ping_status":"closed","template":"","meta":{"_acf_changed":false,"_et_pb_use_builder":"","_et_pb_old_content":"","_et_gb_content_width":""},"product_brand":[],"product_cat":[3369],"product_tag":[],"class_list":{"0":"post-1563306","1":"product","2":"type-product","3":"status-publish","4":"has-post-thumbnail","6":"product_cat-31-hu","8":"first","9":"instock","10":"shipping-taxable","11":"product-type-simple"},"acf":[],"_links":{"self":[{"href":"https:\/\/strikemaker.com\/hu\/wp-json\/wp\/v2\/product\/1563306","targetHints":{"allow":["GET"]}}],"collection":[{"href":"https:\/\/strikemaker.com\/hu\/wp-json\/wp\/v2\/product"}],"about":[{"href":"https:\/\/strikemaker.com\/hu\/wp-json\/wp\/v2\/types\/product"}],"replies":[{"embeddable":true,"href":"https:\/\/strikemaker.com\/hu\/wp-json\/wp\/v2\/comments?post=1563306"}],"wp:featuredmedia":[{"embeddable":true,"href":"https:\/\/strikemaker.com\/hu\/wp-json\/wp\/v2\/media\/1555261"}],"wp:attachment":[{"href":"https:\/\/strikemaker.com\/hu\/wp-json\/wp\/v2\/media?parent=1563306"}],"wp:term":[{"taxonomy":"product_brand","embeddable":true,"href":"https:\/\/strikemaker.com\/hu\/wp-json\/wp\/v2\/product_brand?post=1563306"},{"taxonomy":"product_cat","embeddable":true,"href":"https:\/\/strikemaker.com\/hu\/wp-json\/wp\/v2\/product_cat?post=1563306"},{"taxonomy":"product_tag","embeddable":true,"href":"https:\/\/strikemaker.com\/hu\/wp-json\/wp\/v2\/product_tag?post=1563306"}],"curies":[{"name":"wp","href":"https:\/\/api.w.org\/{rel}","templated":true}]}}