{"id":1563310,"date":"2023-04-12T15:46:12","date_gmt":"2023-04-12T14:46:12","guid":{"rendered":"https:\/\/strikemaker.com\/?post_type=product&#038;p=1563310"},"modified":"2026-04-30T23:37:21","modified_gmt":"2026-04-30T22:37:21","slug":"sm-99-026121-000-ball-cushion-hydraulic-99-020402-002","status":"publish","type":"product","link":"https:\/\/strikemaker.com\/hu\/product\/sm-99-026121-000-ball-cushion-hydraulic-99-020402-002\/","title":{"rendered":"SM-99-026121-000 Ball Cushion Hydraulic 99-020402-002"},"content":{"rendered":"<p>G\u00e1z &#8211; olaj leng\u00e9scsillap\u00edt\u00f3.<br \/>Nem ig\u00e9nyel karbantart\u00e1st \u00e9s olyan er\u00f6s \u00e9s j\u00f3 min\u00f6s\u00e9g\u00fc, hogy 5 \u00e9v garanci\u00e1t adunk r\u00e1! <br \/>Kiv\u00e1l\u00f3 min\u00f6s\u00e9g\u00fc term\u00e9k.<\/p>\n","protected":false},"excerpt":{"rendered":"<p>SM-99-026121-000 Ball Cushion Hydraulic 99-020402-002<\/p>\n","protected":false},"featured_media":1555303,"comment_status":"closed","ping_status":"closed","template":"","meta":{"_acf_changed":false,"_et_pb_use_builder":"","_et_pb_old_content":"","_et_gb_content_width":""},"product_brand":[],"product_cat":[3327],"product_tag":[],"class_list":{"0":"post-1563310","1":"product","2":"type-product","3":"status-publish","4":"has-post-thumbnail","6":"product_cat-25-hu","8":"first","9":"instock","10":"shipping-taxable","11":"product-type-simple"},"acf":[],"_links":{"self":[{"href":"https:\/\/strikemaker.com\/hu\/wp-json\/wp\/v2\/product\/1563310","targetHints":{"allow":["GET"]}}],"collection":[{"href":"https:\/\/strikemaker.com\/hu\/wp-json\/wp\/v2\/product"}],"about":[{"href":"https:\/\/strikemaker.com\/hu\/wp-json\/wp\/v2\/types\/product"}],"replies":[{"embeddable":true,"href":"https:\/\/strikemaker.com\/hu\/wp-json\/wp\/v2\/comments?post=1563310"}],"wp:featuredmedia":[{"embeddable":true,"href":"https:\/\/strikemaker.com\/hu\/wp-json\/wp\/v2\/media\/1555303"}],"wp:attachment":[{"href":"https:\/\/strikemaker.com\/hu\/wp-json\/wp\/v2\/media?parent=1563310"}],"wp:term":[{"taxonomy":"product_brand","embeddable":true,"href":"https:\/\/strikemaker.com\/hu\/wp-json\/wp\/v2\/product_brand?post=1563310"},{"taxonomy":"product_cat","embeddable":true,"href":"https:\/\/strikemaker.com\/hu\/wp-json\/wp\/v2\/product_cat?post=1563310"},{"taxonomy":"product_tag","embeddable":true,"href":"https:\/\/strikemaker.com\/hu\/wp-json\/wp\/v2\/product_tag?post=1563310"}],"curies":[{"name":"wp","href":"https:\/\/api.w.org\/{rel}","templated":true}]}}