{"id":1563348,"date":"2023-04-12T15:46:27","date_gmt":"2023-04-12T14:46:27","guid":{"rendered":"https:\/\/strikemaker.com\/?post_type=product&#038;p=1563348"},"modified":"2026-04-18T19:37:24","modified_gmt":"2026-04-18T18:37:24","slug":"10-par-cipoefuezoe-100-cm-es-a-36-38-meretekre","status":"publish","type":"product","link":"https:\/\/strikemaker.com\/hu\/product\/10-par-cipoefuezoe-100-cm-es-a-36-38-meretekre\/","title":{"rendered":"10 p\u00e1r cip\u00f6f\u00fcz\u00f6 100 cm-es, a 36-38 m\u00e9retekre"},"content":{"rendered":"<p>Alapanyag: 100% pamut. Sz\u00edn: feh\u00e9r. Csomagol\u00e1s: 10 db m\u00e9retenk\u00e9nt. Hossza \/ cipom\u00e9ret szerint:   80 cm (a 28-30-as cipom\u00e9retekhez)    90 cm (a 31-35-\u00f6s cipom\u00e9retekhez)   100 cm (a 36-38-as cipom\u00e9retekhez)   110 cm (a 39-41-es cipom\u00e9retekhez)   120 cm (a 42-50-es cipom\u00e9retekhez)  A Classic cipokn\u00e9l 6h\u00f3nappal  megv\u00e9tel ut\u00e1n egy p\u00e1r cipofuzo j\u00e1r.<\/p>\n","protected":false},"excerpt":{"rendered":"<p>10 p\u00e1r cip\u00f6f\u00fcz\u00f6 100 cm-es, a 36-38 m\u00e9retekre<\/p>\n","protected":false},"featured_media":1556005,"comment_status":"closed","ping_status":"closed","template":"","meta":{"_acf_changed":false,"_et_pb_use_builder":"","_et_pb_old_content":"","_et_gb_content_width":""},"product_brand":[],"product_cat":[3935],"product_tag":[],"class_list":{"0":"post-1563348","1":"product","2":"type-product","3":"status-publish","4":"has-post-thumbnail","6":"product_cat-uncategorized","7":"pa_groesse-36-38-hu","9":"first","10":"instock","11":"shipping-taxable","12":"product-type-simple"},"acf":[],"_links":{"self":[{"href":"https:\/\/strikemaker.com\/hu\/wp-json\/wp\/v2\/product\/1563348","targetHints":{"allow":["GET"]}}],"collection":[{"href":"https:\/\/strikemaker.com\/hu\/wp-json\/wp\/v2\/product"}],"about":[{"href":"https:\/\/strikemaker.com\/hu\/wp-json\/wp\/v2\/types\/product"}],"replies":[{"embeddable":true,"href":"https:\/\/strikemaker.com\/hu\/wp-json\/wp\/v2\/comments?post=1563348"}],"wp:featuredmedia":[{"embeddable":true,"href":"https:\/\/strikemaker.com\/hu\/wp-json\/wp\/v2\/media\/1556005"}],"wp:attachment":[{"href":"https:\/\/strikemaker.com\/hu\/wp-json\/wp\/v2\/media?parent=1563348"}],"wp:term":[{"taxonomy":"product_brand","embeddable":true,"href":"https:\/\/strikemaker.com\/hu\/wp-json\/wp\/v2\/product_brand?post=1563348"},{"taxonomy":"product_cat","embeddable":true,"href":"https:\/\/strikemaker.com\/hu\/wp-json\/wp\/v2\/product_cat?post=1563348"},{"taxonomy":"product_tag","embeddable":true,"href":"https:\/\/strikemaker.com\/hu\/wp-json\/wp\/v2\/product_tag?post=1563348"}],"curies":[{"name":"wp","href":"https:\/\/api.w.org\/{rel}","templated":true}]}}