{"id":1563356,"date":"2023-04-12T15:46:29","date_gmt":"2023-04-12T14:46:29","guid":{"rendered":"https:\/\/strikemaker.com\/?post_type=product&#038;p=1563356"},"modified":"2026-04-16T22:01:26","modified_gmt":"2026-04-16T21:01:26","slug":"sm-47-093760-002-distributor-station-acelbol-a-7-es-babuhelyre","status":"publish","type":"product","link":"https:\/\/strikemaker.com\/hu\/product\/sm-47-093760-002-distributor-station-acelbol-a-7-es-babuhelyre\/","title":{"rendered":"SM-47-093760-002  Distributor Station ac\u00e9lb\u00f3l a 7-es b\u00e1buhelyre"},"content":{"rendered":"<p>7-es b\u00e1bu eloszt\u00f3.<br \/>50%-al vastagabb anyag,hogy hosszabb ideig b\u00edrja a strap\u00e1t.<br \/>3 mm vastagabb (2 mm helyett, mint az eredeti alkatr\u00e9sz eset\u00e9ben).<br \/>N\u00e9met min\u00f6s\u00e9gi term\u00e9k.<\/p>\n","protected":false},"excerpt":{"rendered":"<p>SM-47-093760-002  Distributor Station ac\u00e9lb\u00f3l a 7-es b\u00e1buhelyre<\/p>\n","protected":false},"featured_media":1556257,"comment_status":"closed","ping_status":"closed","template":"","meta":{"_acf_changed":false,"_et_pb_use_builder":"","_et_pb_old_content":"","_et_gb_content_width":""},"product_brand":[],"product_cat":[3369],"product_tag":[],"class_list":{"0":"post-1563356","1":"product","2":"type-product","3":"status-publish","4":"has-post-thumbnail","6":"product_cat-31-hu","8":"first","9":"instock","10":"shipping-taxable","11":"product-type-simple"},"acf":[],"_links":{"self":[{"href":"https:\/\/strikemaker.com\/hu\/wp-json\/wp\/v2\/product\/1563356","targetHints":{"allow":["GET"]}}],"collection":[{"href":"https:\/\/strikemaker.com\/hu\/wp-json\/wp\/v2\/product"}],"about":[{"href":"https:\/\/strikemaker.com\/hu\/wp-json\/wp\/v2\/types\/product"}],"replies":[{"embeddable":true,"href":"https:\/\/strikemaker.com\/hu\/wp-json\/wp\/v2\/comments?post=1563356"}],"wp:featuredmedia":[{"embeddable":true,"href":"https:\/\/strikemaker.com\/hu\/wp-json\/wp\/v2\/media\/1556257"}],"wp:attachment":[{"href":"https:\/\/strikemaker.com\/hu\/wp-json\/wp\/v2\/media?parent=1563356"}],"wp:term":[{"taxonomy":"product_brand","embeddable":true,"href":"https:\/\/strikemaker.com\/hu\/wp-json\/wp\/v2\/product_brand?post=1563356"},{"taxonomy":"product_cat","embeddable":true,"href":"https:\/\/strikemaker.com\/hu\/wp-json\/wp\/v2\/product_cat?post=1563356"},{"taxonomy":"product_tag","embeddable":true,"href":"https:\/\/strikemaker.com\/hu\/wp-json\/wp\/v2\/product_tag?post=1563356"}],"curies":[{"name":"wp","href":"https:\/\/api.w.org\/{rel}","templated":true}]}}