{"id":1563357,"date":"2023-04-12T15:46:30","date_gmt":"2023-04-12T14:46:30","guid":{"rendered":"https:\/\/strikemaker.com\/?post_type=product&#038;p=1563357"},"modified":"2026-04-15T19:19:03","modified_gmt":"2026-04-15T18:19:03","slug":"10-par-cipoefuezoe-110cm-es-a-39-41-meretekre","status":"publish","type":"product","link":"https:\/\/strikemaker.com\/hu\/product\/10-par-cipoefuezoe-110cm-es-a-39-41-meretekre\/","title":{"rendered":"10 p\u00e1r cip\u00f6f\u00fcz\u00f6 110cm-es, a 39-41 m\u00e9retekre"},"content":{"rendered":"<p>Alapanyag: 100% pamut. Sz\u00edn: feh\u00e9r. Csomagol\u00e1s: 10 db m\u00e9retenk\u00e9nt. Hossza \/ cipom\u00e9ret szerint:   80 cm (a 28-30-as cipom\u00e9retekhez)    90 cm (a 31-35-\u00f6s cipom\u00e9retekhez)   100cm (a 36-38-as cipom\u00e9retekhez)   110cm (a 39-41-es cipom\u00e9retekhez)   120cm (a 42-50-es cipom\u00e9retekhez)  A Classic cipokn\u00e9l 6h\u00f3nappal  megv\u00e9tel ut\u00e1n egy p\u00e1r cipofuzo j\u00e1r.<\/p>\n","protected":false},"excerpt":{"rendered":"<p>10 p\u00e1r cip\u00f6f\u00fcz\u00f6 110cm-es, a 39-41 m\u00e9retekre<\/p>\n","protected":false},"featured_media":1556449,"comment_status":"closed","ping_status":"closed","template":"","meta":{"_acf_changed":false,"_et_pb_use_builder":"","_et_pb_old_content":"","_et_gb_content_width":""},"product_brand":[],"product_cat":[3935],"product_tag":[],"class_list":{"0":"post-1563357","1":"product","2":"type-product","3":"status-publish","4":"has-post-thumbnail","6":"product_cat-uncategorized","7":"pa_groesse-39-41-hu","9":"first","10":"instock","11":"shipping-taxable","12":"product-type-simple"},"acf":[],"_links":{"self":[{"href":"https:\/\/strikemaker.com\/hu\/wp-json\/wp\/v2\/product\/1563357","targetHints":{"allow":["GET"]}}],"collection":[{"href":"https:\/\/strikemaker.com\/hu\/wp-json\/wp\/v2\/product"}],"about":[{"href":"https:\/\/strikemaker.com\/hu\/wp-json\/wp\/v2\/types\/product"}],"replies":[{"embeddable":true,"href":"https:\/\/strikemaker.com\/hu\/wp-json\/wp\/v2\/comments?post=1563357"}],"wp:featuredmedia":[{"embeddable":true,"href":"https:\/\/strikemaker.com\/hu\/wp-json\/wp\/v2\/media\/1556449"}],"wp:attachment":[{"href":"https:\/\/strikemaker.com\/hu\/wp-json\/wp\/v2\/media?parent=1563357"}],"wp:term":[{"taxonomy":"product_brand","embeddable":true,"href":"https:\/\/strikemaker.com\/hu\/wp-json\/wp\/v2\/product_brand?post=1563357"},{"taxonomy":"product_cat","embeddable":true,"href":"https:\/\/strikemaker.com\/hu\/wp-json\/wp\/v2\/product_cat?post=1563357"},{"taxonomy":"product_tag","embeddable":true,"href":"https:\/\/strikemaker.com\/hu\/wp-json\/wp\/v2\/product_tag?post=1563357"}],"curies":[{"name":"wp","href":"https:\/\/api.w.org\/{rel}","templated":true}]}}