{"id":1563360,"date":"2023-04-12T15:46:31","date_gmt":"2023-04-12T14:46:31","guid":{"rendered":"https:\/\/strikemaker.com\/?post_type=product&#038;p=1563360"},"modified":"2026-04-04T14:07:35","modified_gmt":"2026-04-04T13:07:35","slug":"500-par-bowlingzokni-egyszeri-alkalomra-40-2","status":"publish","type":"product","link":"https:\/\/strikemaker.com\/hu\/product\/500-par-bowlingzokni-egyszeri-alkalomra-40-2\/","title":{"rendered":"500 p\u00e1r bowlingzokni egyszeri alkalomra >40"},"content":{"rendered":"<p>Praktikus bowlingzokni egyszeri haszn\u00e1latra.2 m\u00e9ret k\u00f6z\u00fcl lehet v\u00e1lasztani:40-es l\u00e1bm\u00e9rettol felfel\u00e9  \u2013  feh\u00e9r sz\u00ednben,40-es l\u00e1bm\u00e9retig \u2013 r\u00f3zsasz\u00ednben (a h\u00f6lgyeknek \u00e9s a gyerekeknek).A zoknikon \u00e1thatol a levego, \u00edgy nem f\u00fclled benne a l\u00e1b. A zoknik sz\u00e9le elasztikus,\u00edgy minden l\u00e1bra form\u00e1t \u00f6ltenek \u00e9s higi\u00e9nikusan v\u00e9dik a bowlingvend\u00e9g l\u00e1b\u00e1t.Csomagol\u00e1s:  500 p\u00e1r, m\u00e9retenk\u00e9nt.<\/p>\n","protected":false},"excerpt":{"rendered":"<p>500 p\u00e1r bowlingzokni egyszeri alkalomra >40<\/p>\n","protected":false},"featured_media":1556467,"comment_status":"closed","ping_status":"closed","template":"","meta":{"_acf_changed":false,"_et_pb_use_builder":"","_et_pb_old_content":"","_et_gb_content_width":""},"product_brand":[],"product_cat":[3264],"product_tag":[],"class_list":{"0":"post-1563360","1":"product","2":"type-product","3":"status-publish","4":"has-post-thumbnail","6":"product_cat-16-hu","7":"pa_groesse-40-48-hu","9":"first","10":"instock","11":"shipping-taxable","12":"product-type-simple"},"acf":[],"_links":{"self":[{"href":"https:\/\/strikemaker.com\/hu\/wp-json\/wp\/v2\/product\/1563360","targetHints":{"allow":["GET"]}}],"collection":[{"href":"https:\/\/strikemaker.com\/hu\/wp-json\/wp\/v2\/product"}],"about":[{"href":"https:\/\/strikemaker.com\/hu\/wp-json\/wp\/v2\/types\/product"}],"replies":[{"embeddable":true,"href":"https:\/\/strikemaker.com\/hu\/wp-json\/wp\/v2\/comments?post=1563360"}],"wp:featuredmedia":[{"embeddable":true,"href":"https:\/\/strikemaker.com\/hu\/wp-json\/wp\/v2\/media\/1556467"}],"wp:attachment":[{"href":"https:\/\/strikemaker.com\/hu\/wp-json\/wp\/v2\/media?parent=1563360"}],"wp:term":[{"taxonomy":"product_brand","embeddable":true,"href":"https:\/\/strikemaker.com\/hu\/wp-json\/wp\/v2\/product_brand?post=1563360"},{"taxonomy":"product_cat","embeddable":true,"href":"https:\/\/strikemaker.com\/hu\/wp-json\/wp\/v2\/product_cat?post=1563360"},{"taxonomy":"product_tag","embeddable":true,"href":"https:\/\/strikemaker.com\/hu\/wp-json\/wp\/v2\/product_tag?post=1563360"}],"curies":[{"name":"wp","href":"https:\/\/api.w.org\/{rel}","templated":true}]}}