{"id":1563364,"date":"2023-04-12T15:46:32","date_gmt":"2023-04-12T14:46:32","guid":{"rendered":"https:\/\/strikemaker.com\/?post_type=product&#038;p=1563364"},"modified":"2026-04-05T05:19:33","modified_gmt":"2026-04-05T04:19:33","slug":"sm-53-520172-000-leather-track-2","status":"publish","type":"product","link":"https:\/\/strikemaker.com\/hu\/product\/sm-53-520172-000-leather-track-2\/","title":{"rendered":"SM-53-520172-000 Leather Track"},"content":{"rendered":"<p>Kiv\u00e1l\u00f3 min\u00f6s\u00e9g\u00fc, er\u00f6s bikab\u00f6rb\u00f6l k\u00e9sz\u00fclt, N\u00e9metorsz\u00e1gban.<\/p>\n","protected":false},"excerpt":{"rendered":"<p>SM-53-520172-000 Leather Track<\/p>\n","protected":false},"featured_media":1556497,"comment_status":"closed","ping_status":"closed","template":"","meta":{"_acf_changed":false,"_et_pb_use_builder":"","_et_pb_old_content":"","_et_gb_content_width":""},"product_brand":[],"product_cat":[3376],"product_tag":[],"class_list":{"0":"post-1563364","1":"product","2":"type-product","3":"status-publish","4":"has-post-thumbnail","6":"product_cat-32-hu","8":"first","9":"instock","10":"shipping-taxable","11":"product-type-simple"},"acf":[],"_links":{"self":[{"href":"https:\/\/strikemaker.com\/hu\/wp-json\/wp\/v2\/product\/1563364","targetHints":{"allow":["GET"]}}],"collection":[{"href":"https:\/\/strikemaker.com\/hu\/wp-json\/wp\/v2\/product"}],"about":[{"href":"https:\/\/strikemaker.com\/hu\/wp-json\/wp\/v2\/types\/product"}],"replies":[{"embeddable":true,"href":"https:\/\/strikemaker.com\/hu\/wp-json\/wp\/v2\/comments?post=1563364"}],"wp:featuredmedia":[{"embeddable":true,"href":"https:\/\/strikemaker.com\/hu\/wp-json\/wp\/v2\/media\/1556497"}],"wp:attachment":[{"href":"https:\/\/strikemaker.com\/hu\/wp-json\/wp\/v2\/media?parent=1563364"}],"wp:term":[{"taxonomy":"product_brand","embeddable":true,"href":"https:\/\/strikemaker.com\/hu\/wp-json\/wp\/v2\/product_brand?post=1563364"},{"taxonomy":"product_cat","embeddable":true,"href":"https:\/\/strikemaker.com\/hu\/wp-json\/wp\/v2\/product_cat?post=1563364"},{"taxonomy":"product_tag","embeddable":true,"href":"https:\/\/strikemaker.com\/hu\/wp-json\/wp\/v2\/product_tag?post=1563364"}],"curies":[{"name":"wp","href":"https:\/\/api.w.org\/{rel}","templated":true}]}}