{"id":1563383,"date":"2023-04-12T15:46:39","date_gmt":"2023-04-12T14:46:39","guid":{"rendered":"https:\/\/strikemaker.com\/?post_type=product&#038;p=1563383"},"modified":"2026-04-19T03:19:25","modified_gmt":"2026-04-19T02:19:25","slug":"sm-47-095173-003-left-hand-pin-deflector-shoe-bal-oldali","status":"publish","type":"product","link":"https:\/\/strikemaker.com\/hu\/product\/sm-47-095173-003-left-hand-pin-deflector-shoe-bal-oldali\/","title":{"rendered":"SM-47-095173-003  Left Hand Pin Deflector Shoe &#8211; bal oldali"},"content":{"rendered":"<p>50%-al vastagabb f\u00e9m,hogy hosszabb ideig b\u00edrja a strap\u00e1t.<br \/>3 mm vastag (2 mm helyett, mint az eredeti alkatr\u00e9sz).<br \/>N\u00e9met min\u00f6s\u00e9gi term\u00e9k.<\/p>\n","protected":false},"excerpt":{"rendered":"<p>SM-47-095173-003  Left Hand Pin Deflector Shoe &#8211; bal oldali<\/p>\n","protected":false},"featured_media":1556827,"comment_status":"closed","ping_status":"closed","template":"","meta":{"_acf_changed":false,"_et_pb_use_builder":"","_et_pb_old_content":"","_et_gb_content_width":""},"product_brand":[],"product_cat":[3369],"product_tag":[],"class_list":{"0":"post-1563383","1":"product","2":"type-product","3":"status-publish","4":"has-post-thumbnail","6":"product_cat-31-hu","8":"first","9":"instock","10":"shipping-taxable","11":"product-type-simple"},"acf":[],"_links":{"self":[{"href":"https:\/\/strikemaker.com\/hu\/wp-json\/wp\/v2\/product\/1563383","targetHints":{"allow":["GET"]}}],"collection":[{"href":"https:\/\/strikemaker.com\/hu\/wp-json\/wp\/v2\/product"}],"about":[{"href":"https:\/\/strikemaker.com\/hu\/wp-json\/wp\/v2\/types\/product"}],"replies":[{"embeddable":true,"href":"https:\/\/strikemaker.com\/hu\/wp-json\/wp\/v2\/comments?post=1563383"}],"wp:featuredmedia":[{"embeddable":true,"href":"https:\/\/strikemaker.com\/hu\/wp-json\/wp\/v2\/media\/1556827"}],"wp:attachment":[{"href":"https:\/\/strikemaker.com\/hu\/wp-json\/wp\/v2\/media?parent=1563383"}],"wp:term":[{"taxonomy":"product_brand","embeddable":true,"href":"https:\/\/strikemaker.com\/hu\/wp-json\/wp\/v2\/product_brand?post=1563383"},{"taxonomy":"product_cat","embeddable":true,"href":"https:\/\/strikemaker.com\/hu\/wp-json\/wp\/v2\/product_cat?post=1563383"},{"taxonomy":"product_tag","embeddable":true,"href":"https:\/\/strikemaker.com\/hu\/wp-json\/wp\/v2\/product_tag?post=1563383"}],"curies":[{"name":"wp","href":"https:\/\/api.w.org\/{rel}","templated":true}]}}