{"id":1563395,"date":"2023-04-12T15:46:42","date_gmt":"2023-04-12T14:46:42","guid":{"rendered":"https:\/\/strikemaker.com\/?post_type=product&#038;p=1563395"},"modified":"2026-04-05T05:19:36","modified_gmt":"2026-04-05T04:19:36","slug":"sm-tool-003-belt-welding-iron-220-volt-forraszto-szerszam","status":"publish","type":"product","link":"https:\/\/strikemaker.com\/hu\/product\/sm-tool-003-belt-welding-iron-220-volt-forraszto-szerszam\/","title":{"rendered":"SM-TOOL-002 Belt Welding Iron 220 Volt &#8211; forraszt\u00f3 szersz\u00e1m"},"content":{"rendered":"<p>Egy percn\u00e9l kevesebb id\u00f6 kell, hogy haszn\u00e1latk\u00e9pesre felmelegedjen \u00e9s hogy a polycordot \u00f6ssze lehessen vele forrasztani. <br \/>J\u00f3l kital\u00e1lt l\u00e1bakon \u00e1ll, hogy ak\u00e1r hova is oda lehessen tenni  m\u00e9g melegen is.<\/p>\n","protected":false},"excerpt":{"rendered":"<p>SM-TOOL-002 Belt Welding Iron 220 Volt &#8211; forraszt\u00f3 szersz\u00e1m<\/p>\n","protected":false},"featured_media":1557133,"comment_status":"closed","ping_status":"closed","template":"","meta":{"_acf_changed":false,"_et_pb_use_builder":"","_et_pb_old_content":"","_et_gb_content_width":""},"product_brand":[],"product_cat":[3306],"product_tag":[],"class_list":{"0":"post-1563395","1":"product","2":"type-product","3":"status-publish","4":"has-post-thumbnail","6":"product_cat-22-hu","8":"first","9":"instock","10":"shipping-taxable","11":"product-type-simple"},"acf":[],"_links":{"self":[{"href":"https:\/\/strikemaker.com\/hu\/wp-json\/wp\/v2\/product\/1563395","targetHints":{"allow":["GET"]}}],"collection":[{"href":"https:\/\/strikemaker.com\/hu\/wp-json\/wp\/v2\/product"}],"about":[{"href":"https:\/\/strikemaker.com\/hu\/wp-json\/wp\/v2\/types\/product"}],"replies":[{"embeddable":true,"href":"https:\/\/strikemaker.com\/hu\/wp-json\/wp\/v2\/comments?post=1563395"}],"wp:featuredmedia":[{"embeddable":true,"href":"https:\/\/strikemaker.com\/hu\/wp-json\/wp\/v2\/media\/1557133"}],"wp:attachment":[{"href":"https:\/\/strikemaker.com\/hu\/wp-json\/wp\/v2\/media?parent=1563395"}],"wp:term":[{"taxonomy":"product_brand","embeddable":true,"href":"https:\/\/strikemaker.com\/hu\/wp-json\/wp\/v2\/product_brand?post=1563395"},{"taxonomy":"product_cat","embeddable":true,"href":"https:\/\/strikemaker.com\/hu\/wp-json\/wp\/v2\/product_cat?post=1563395"},{"taxonomy":"product_tag","embeddable":true,"href":"https:\/\/strikemaker.com\/hu\/wp-json\/wp\/v2\/product_tag?post=1563395"}],"curies":[{"name":"wp","href":"https:\/\/api.w.org\/{rel}","templated":true}]}}