{"id":1563416,"date":"2023-04-12T15:46:48","date_gmt":"2023-04-12T14:46:48","guid":{"rendered":"https:\/\/strikemaker.com\/?post_type=product&#038;p=1563416"},"modified":"2026-04-04T17:55:27","modified_gmt":"2026-04-04T16:55:27","slug":"sm-11-053495-000-key-8-x-7-x-40-2","status":"publish","type":"product","link":"https:\/\/strikemaker.com\/hu\/product\/sm-11-053495-000-key-8-x-7-x-40-2\/","title":{"rendered":"SM-11-053495-000 KEY ( 8 x 7 x 40 )"},"content":{"rendered":"<p>N\u00e9met min\u00f6s\u00e9gi term\u00e9k.<\/p>\n","protected":false},"excerpt":{"rendered":"<p>SM-11-053495-000 KEY ( 8 x 7 x 40 )<\/p>\n","protected":false},"featured_media":1557517,"comment_status":"closed","ping_status":"closed","template":"","meta":{"_acf_changed":false,"_et_pb_use_builder":"","_et_pb_old_content":"","_et_gb_content_width":""},"product_brand":[],"product_cat":[3341],"product_tag":[],"class_list":{"0":"post-1563416","1":"product","2":"type-product","3":"status-publish","4":"has-post-thumbnail","6":"product_cat-27-hu","8":"first","9":"instock","10":"shipping-taxable","11":"product-type-simple"},"acf":[],"_links":{"self":[{"href":"https:\/\/strikemaker.com\/hu\/wp-json\/wp\/v2\/product\/1563416","targetHints":{"allow":["GET"]}}],"collection":[{"href":"https:\/\/strikemaker.com\/hu\/wp-json\/wp\/v2\/product"}],"about":[{"href":"https:\/\/strikemaker.com\/hu\/wp-json\/wp\/v2\/types\/product"}],"replies":[{"embeddable":true,"href":"https:\/\/strikemaker.com\/hu\/wp-json\/wp\/v2\/comments?post=1563416"}],"wp:featuredmedia":[{"embeddable":true,"href":"https:\/\/strikemaker.com\/hu\/wp-json\/wp\/v2\/media\/1557517"}],"wp:attachment":[{"href":"https:\/\/strikemaker.com\/hu\/wp-json\/wp\/v2\/media?parent=1563416"}],"wp:term":[{"taxonomy":"product_brand","embeddable":true,"href":"https:\/\/strikemaker.com\/hu\/wp-json\/wp\/v2\/product_brand?post=1563416"},{"taxonomy":"product_cat","embeddable":true,"href":"https:\/\/strikemaker.com\/hu\/wp-json\/wp\/v2\/product_cat?post=1563416"},{"taxonomy":"product_tag","embeddable":true,"href":"https:\/\/strikemaker.com\/hu\/wp-json\/wp\/v2\/product_tag?post=1563416"}],"curies":[{"name":"wp","href":"https:\/\/api.w.org\/{rel}","templated":true}]}}