{"id":1563422,"date":"2023-04-12T15:46:50","date_gmt":"2023-04-12T14:46:50","guid":{"rendered":"https:\/\/strikemaker.com\/?post_type=product&#038;p=1563422"},"modified":"2026-04-14T20:25:50","modified_gmt":"2026-04-14T19:25:50","slug":"sm-47-094782-003-release-button-2","status":"publish","type":"product","link":"https:\/\/strikemaker.com\/hu\/product\/sm-47-094782-003-release-button-2\/","title":{"rendered":"SM-47-094782-003 Release Button"},"content":{"rendered":"<p>A GS10  \u00e9s GS92-es pinsetterekhez is alkalmas ha a k\u00f6vetkez\u00f6 alkatr\u00e9szek vannak alkalmazva:  new style universal pin stations SM-47-094792-009, SM-47-094793-009, SM-47-094794-009.<\/p>\n","protected":false},"excerpt":{"rendered":"<p>SM-47-094782-003 Release Button<\/p>\n","protected":false},"featured_media":1557559,"comment_status":"closed","ping_status":"closed","template":"","meta":{"_acf_changed":false,"_et_pb_use_builder":"","_et_pb_old_content":"","_et_gb_content_width":""},"product_brand":[],"product_cat":[3369],"product_tag":[],"class_list":{"0":"post-1563422","1":"product","2":"type-product","3":"status-publish","4":"has-post-thumbnail","6":"product_cat-31-hu","8":"first","9":"instock","10":"shipping-taxable","11":"product-type-simple"},"acf":[],"_links":{"self":[{"href":"https:\/\/strikemaker.com\/hu\/wp-json\/wp\/v2\/product\/1563422","targetHints":{"allow":["GET"]}}],"collection":[{"href":"https:\/\/strikemaker.com\/hu\/wp-json\/wp\/v2\/product"}],"about":[{"href":"https:\/\/strikemaker.com\/hu\/wp-json\/wp\/v2\/types\/product"}],"replies":[{"embeddable":true,"href":"https:\/\/strikemaker.com\/hu\/wp-json\/wp\/v2\/comments?post=1563422"}],"wp:featuredmedia":[{"embeddable":true,"href":"https:\/\/strikemaker.com\/hu\/wp-json\/wp\/v2\/media\/1557559"}],"wp:attachment":[{"href":"https:\/\/strikemaker.com\/hu\/wp-json\/wp\/v2\/media?parent=1563422"}],"wp:term":[{"taxonomy":"product_brand","embeddable":true,"href":"https:\/\/strikemaker.com\/hu\/wp-json\/wp\/v2\/product_brand?post=1563422"},{"taxonomy":"product_cat","embeddable":true,"href":"https:\/\/strikemaker.com\/hu\/wp-json\/wp\/v2\/product_cat?post=1563422"},{"taxonomy":"product_tag","embeddable":true,"href":"https:\/\/strikemaker.com\/hu\/wp-json\/wp\/v2\/product_tag?post=1563422"}],"curies":[{"name":"wp","href":"https:\/\/api.w.org\/{rel}","templated":true}]}}