{"id":1563432,"date":"2023-04-12T15:46:52","date_gmt":"2023-04-12T14:46:52","guid":{"rendered":"https:\/\/strikemaker.com\/?post_type=product&#038;p=1563432"},"modified":"2026-04-04T14:07:45","modified_gmt":"2026-04-04T13:07:45","slug":"approach-wax-strike-slide-5-liter","status":"publish","type":"product","link":"https:\/\/strikemaker.com\/hu\/product\/approach-wax-strike-slide-5-liter\/","title":{"rendered":"Approach WAX &#8222;STRIKE SLIDE&#8221; &#8211; 5 liter"},"content":{"rendered":"<p>A j\u00e1t\u00e9kost\u00e9rre alkalmazand\u00f3, tiszt\u00edt\u00e1s ut\u00e1n. Haszn\u00e1lhat\u00f3 fa- \u00e9s m\u00fbanyagp\u00e1ly\u00e1kra. Alkalmazhat\u00f3 t\u00f6m\u00e9nyen vagy hig\u00edtva (1:4-es hig\u00edt\u00e1ssal). 5 litereskiszerel\u00e9sben kaphat\u00f3.<\/p>\n","protected":false},"excerpt":{"rendered":"<p>Approach WAX &#8222;STRIKE SLIDE&#8221; &#8211; 5 liter<\/p>\n","protected":false},"featured_media":1557823,"comment_status":"closed","ping_status":"closed","template":"","meta":{"_acf_changed":false,"_et_pb_use_builder":"","_et_pb_old_content":"","_et_gb_content_width":""},"product_brand":[],"product_cat":[3236],"product_tag":[],"class_list":{"0":"post-1563432","1":"product","2":"type-product","3":"status-publish","4":"has-post-thumbnail","6":"product_cat-9-hu","7":"pa_abmessungen-5-l-hu","9":"first","10":"instock","11":"shipping-taxable","12":"product-type-simple"},"acf":[],"_links":{"self":[{"href":"https:\/\/strikemaker.com\/hu\/wp-json\/wp\/v2\/product\/1563432","targetHints":{"allow":["GET"]}}],"collection":[{"href":"https:\/\/strikemaker.com\/hu\/wp-json\/wp\/v2\/product"}],"about":[{"href":"https:\/\/strikemaker.com\/hu\/wp-json\/wp\/v2\/types\/product"}],"replies":[{"embeddable":true,"href":"https:\/\/strikemaker.com\/hu\/wp-json\/wp\/v2\/comments?post=1563432"}],"wp:featuredmedia":[{"embeddable":true,"href":"https:\/\/strikemaker.com\/hu\/wp-json\/wp\/v2\/media\/1557823"}],"wp:attachment":[{"href":"https:\/\/strikemaker.com\/hu\/wp-json\/wp\/v2\/media?parent=1563432"}],"wp:term":[{"taxonomy":"product_brand","embeddable":true,"href":"https:\/\/strikemaker.com\/hu\/wp-json\/wp\/v2\/product_brand?post=1563432"},{"taxonomy":"product_cat","embeddable":true,"href":"https:\/\/strikemaker.com\/hu\/wp-json\/wp\/v2\/product_cat?post=1563432"},{"taxonomy":"product_tag","embeddable":true,"href":"https:\/\/strikemaker.com\/hu\/wp-json\/wp\/v2\/product_tag?post=1563432"}],"curies":[{"name":"wp","href":"https:\/\/api.w.org\/{rel}","templated":true}]}}