{"id":1563440,"date":"2023-04-12T15:46:54","date_gmt":"2023-04-12T14:46:54","guid":{"rendered":"https:\/\/strikemaker.com\/?post_type=product&#038;p=1563440"},"modified":"2026-04-05T13:01:41","modified_gmt":"2026-04-05T12:01:41","slug":"sm-11-635201-100-transport-band-carpet-value-quality-2020x1440x3-0","status":"publish","type":"product","link":"https:\/\/strikemaker.com\/hu\/product\/sm-11-635201-100-transport-band-carpet-value-quality-2020x1440x3-0\/","title":{"rendered":"SM-11-635201-100 Transport Band VALUE (202x1440x3.0) Short Pit"},"content":{"rendered":"<p>3 r\u00e9teges, j\u00f3 min\u00f6s\u00e9g\u00fc polyurethan sz\u00e1ll\u00edt\u00f3 sz\u00f6nyeg. <br \/>Nem ny\u00falik sz\u00e9less\u00e9g\u00e9ben csak egy picit hossz\u00e1ban. <br \/>K\u00f6nnyen tiszt\u00edthat\u00f3 \u00e9s anyag\u00e1t nem t\u00e1madja meg a se a p\u00e1lyatiszt\u00edt\u00f3szer, se a p\u00e1lyaolaj.<\/p>\n","protected":false},"excerpt":{"rendered":"<p>SM-11-635201-100 Transport Band VALUE (202x1440x3.0) Short Pit<\/p>\n","protected":false},"featured_media":1558069,"comment_status":"closed","ping_status":"closed","template":"","meta":{"_acf_changed":false,"_et_pb_use_builder":"","_et_pb_old_content":"","_et_gb_content_width":""},"product_brand":[],"product_cat":[3320],"product_tag":[],"class_list":{"0":"post-1563440","1":"product","2":"type-product","3":"status-publish","4":"has-post-thumbnail","6":"product_cat-24-hu","8":"first","9":"instock","10":"shipping-taxable","11":"product-type-simple"},"acf":[],"_links":{"self":[{"href":"https:\/\/strikemaker.com\/hu\/wp-json\/wp\/v2\/product\/1563440","targetHints":{"allow":["GET"]}}],"collection":[{"href":"https:\/\/strikemaker.com\/hu\/wp-json\/wp\/v2\/product"}],"about":[{"href":"https:\/\/strikemaker.com\/hu\/wp-json\/wp\/v2\/types\/product"}],"replies":[{"embeddable":true,"href":"https:\/\/strikemaker.com\/hu\/wp-json\/wp\/v2\/comments?post=1563440"}],"wp:featuredmedia":[{"embeddable":true,"href":"https:\/\/strikemaker.com\/hu\/wp-json\/wp\/v2\/media\/1558069"}],"wp:attachment":[{"href":"https:\/\/strikemaker.com\/hu\/wp-json\/wp\/v2\/media?parent=1563440"}],"wp:term":[{"taxonomy":"product_brand","embeddable":true,"href":"https:\/\/strikemaker.com\/hu\/wp-json\/wp\/v2\/product_brand?post=1563440"},{"taxonomy":"product_cat","embeddable":true,"href":"https:\/\/strikemaker.com\/hu\/wp-json\/wp\/v2\/product_cat?post=1563440"},{"taxonomy":"product_tag","embeddable":true,"href":"https:\/\/strikemaker.com\/hu\/wp-json\/wp\/v2\/product_tag?post=1563440"}],"curies":[{"name":"wp","href":"https:\/\/api.w.org\/{rel}","templated":true}]}}