{"id":1563444,"date":"2023-04-12T15:46:55","date_gmt":"2023-04-12T14:46:55","guid":{"rendered":"https:\/\/strikemaker.com\/?post_type=product&#038;p=1563444"},"modified":"2026-04-04T21:43:33","modified_gmt":"2026-04-04T20:43:33","slug":"68-es-viszkozitasu-palyaolaj-10-liter","status":"publish","type":"product","link":"https:\/\/strikemaker.com\/hu\/product\/68-es-viszkozitasu-palyaolaj-10-liter\/","title":{"rendered":"68-es viszkoz\u00edt\u00e1s\u00fa p\u00e1lyaolaj &#8211; 10 liter"},"content":{"rendered":"<p>A STRIKE MAKER p\u00e1lyakarbantart\u00f3 anyagok mindegyike N\u00e9metorsz\u00e1gi term\u00e9kek, ott lettek kik\u00eds\u00e9rletezve, kipr\u00f3b\u00e1lva \u00e9s legy\u00e1rtva. A p\u00e1lyatiszt\u00edt\u00f3szer, az aproach wax \u00e9s a p\u00e1lyaolaj is t\u00f6bb \u00e9vi m\u00e9lyrehat\u00f3 k\u00eds\u00e9rletez\u00e9s \u00e9s kipr\u00f3b\u00e1l\u00e1s ut\u00e1n, t\u00f6bb elismert k\u00e9miai- term\u00e9kgy\u00e1rt\u00f3 v\u00e1llalat \u00e9s j\u00f3 n\u00e9h\u00e1ny erre a c\u00e9lra kiv\u00e1lasztott bowlingterem k\u00f6zrem\u00fck\u00f6d\u00e9s\u00e9vel j\u00f6tt l\u00e9tre.<br \/>A hasonl\u00f3 term\u00e9kek \u00f6sszehasonl\u00edt\u00e1s\u00e1n\u00e1l arra a k\u00f6vetkezm\u00e9nyre jutottunk, hogy term\u00e9keink  fel\u00fclm\u00falj\u00e1k a jelenleg kaphat\u00f3 m\u00e1sik term\u00e9keket. A p\u00e1lyatiszt\u00edt\u00f3szer, az aproach wax \u00e9s a p\u00e1lyaolaj is a fa- \u00e9s a m\u00fcanyag p\u00e1ly\u00e1k karbantart\u00e1s\u00e1ra lett el\u00f6fejltesztve. K\u00edv\u00e1l\u00f3an alkalmazhat\u00f3ak g\u00e9pi- \u00e9s k\u00e9zi haszn\u00e1latra is. Tart\u00f3s, egykomponens\u00fc p\u00e1lyaolaj, optim\u00e1lis &#8222;Drag &#8211; Down&#8221; tart\u00e1ssal. A hobbyj\u00e1t\u00e9kp\u00e1ly\u00e1k \u00e9s a  profiversenyp\u00e1ly\u00e1khoz val\u00f3 alkalmaz\u00e1s\u00e1ra, speci\u00e1lisan lett kik\u00eds\u00e9rletezve \u00e9s kifejlesztve. 3 viszkoz\u00edt\u00e1s k\u00f6z\u00fcl van v\u00e1laszt\u00e9k: 26, 42 \u00e9s 68. Alkalmaz\u00e1suk f\u00fcgg a k\u00fcl\u00fcnb\u00f6z\u00f6 k\u00f6rnyezeti hat\u00e1sokt\u00f3l, mint a teremh\u00f6m\u00e9rs\u00e9klet, a p\u00e1ratartalom, stb. \u00e9s hogy milyen gyakran k\u00edv\u00e1nj\u00e1k a p\u00e1ly\u00e1kat olajozni \/ tiszt\u00edtani. Csomagol\u00e1sa: 10 literes kanna.<\/p>\n","protected":false},"excerpt":{"rendered":"<p>68-es viszkoz\u00edt\u00e1s\u00fa p\u00e1lyaolaj &#8211; 10 liter<\/p>\n","protected":false},"featured_media":1558093,"comment_status":"closed","ping_status":"closed","template":"","meta":{"_acf_changed":false,"_et_pb_use_builder":"","_et_pb_old_content":"","_et_gb_content_width":""},"product_brand":[],"product_cat":[3236],"product_tag":[],"class_list":{"0":"post-1563444","1":"product","2":"type-product","3":"status-publish","4":"has-post-thumbnail","6":"product_cat-9-hu","7":"pa_abmessungen-10-l-hu","8":"pa_viscositaet-viszkozitas-68","10":"first","11":"instock","12":"shipping-taxable","13":"product-type-simple"},"acf":[],"_links":{"self":[{"href":"https:\/\/strikemaker.com\/hu\/wp-json\/wp\/v2\/product\/1563444","targetHints":{"allow":["GET"]}}],"collection":[{"href":"https:\/\/strikemaker.com\/hu\/wp-json\/wp\/v2\/product"}],"about":[{"href":"https:\/\/strikemaker.com\/hu\/wp-json\/wp\/v2\/types\/product"}],"replies":[{"embeddable":true,"href":"https:\/\/strikemaker.com\/hu\/wp-json\/wp\/v2\/comments?post=1563444"}],"wp:featuredmedia":[{"embeddable":true,"href":"https:\/\/strikemaker.com\/hu\/wp-json\/wp\/v2\/media\/1558093"}],"wp:attachment":[{"href":"https:\/\/strikemaker.com\/hu\/wp-json\/wp\/v2\/media?parent=1563444"}],"wp:term":[{"taxonomy":"product_brand","embeddable":true,"href":"https:\/\/strikemaker.com\/hu\/wp-json\/wp\/v2\/product_brand?post=1563444"},{"taxonomy":"product_cat","embeddable":true,"href":"https:\/\/strikemaker.com\/hu\/wp-json\/wp\/v2\/product_cat?post=1563444"},{"taxonomy":"product_tag","embeddable":true,"href":"https:\/\/strikemaker.com\/hu\/wp-json\/wp\/v2\/product_tag?post=1563444"}],"curies":[{"name":"wp","href":"https:\/\/api.w.org\/{rel}","templated":true}]}}