{"id":1563480,"date":"2023-04-12T15:47:01","date_gmt":"2023-04-12T14:47:01","guid":{"rendered":"https:\/\/strikemaker.com\/?post_type=product&#038;p=1563480"},"modified":"2026-04-05T13:14:22","modified_gmt":"2026-04-05T12:14:22","slug":"eco-fuezoes-boer-bowlingcipoe","status":"publish","type":"product","link":"https:\/\/strikemaker.com\/hu\/product\/eco-fuezoes-boer-bowlingcipoe\/","title":{"rendered":"ECO-F\u00dcZ\u00d6S &#8211;  b\u00f6r bowlingcip\u00f6."},"content":{"rendered":"<p>Azoknak a bowlingtermeknek, amelyek j\u00f3 min\u00f6s\u00e9g\u00fc, tart\u00f3s, b\u00f6r cip\u00f6t k\u00edv\u00e1nnak el\u00f6ny\u00f6s \u00e1ron. <\/p>\n<p>&#8211; b\u00f6r fels\u00f6r\u00e9sszel \u00e9s b\u00f6r talppal<br \/>&#8211; j\u00f3 minos\u00e9g\u00fc \u00e9s tart\u00f3s Velcro t\u00e9p\u00f6z\u00e1rral<br \/>&#8211; a f\u00fcz\u00f6sn\u00e9l a f\u00fcz\u00f6 m\u00e1r bele van f\u00fczve<br \/>&#8211; a b\u00f6r talp ragasztva van \u00e9s m\u00e9lyvarr\u00e1ssal meger\u00f6s\u00edtve<br \/>&#8211; a sarok \u00e9s az orr j\u00f3l meg vannak er\u00f6s\u00edtve<br \/>&#8211; a m\u00e9retek a sarkon tal\u00e1lhat\u00f3ak \u00e9s a megszokott eur\u00f3pai sz\u00e1moz\u00e1snak felelnek meg<br \/>&#8211; t\u00e9p\u00f6z\u00e1rral: 24-ost\u00f3l 50-esig f\u00fcz\u00f6sen: 28-50-es m\u00e9retben<br \/>&#8211; klasszikus fazon, k\u00e9k, piros \u00e9s feh\u00e9r sz\u00ednekkel.<\/p>\n","protected":false},"excerpt":{"rendered":"<p>ECO-F\u00dcZ\u00d6S &#8211;  b\u00f6r bowlingcip\u00f6.<\/p>\n","protected":false},"featured_media":1559083,"comment_status":"closed","ping_status":"closed","template":"","meta":{"_acf_changed":false,"_et_pb_use_builder":"","_et_pb_old_content":"","_et_gb_content_width":""},"product_brand":[],"product_cat":[3390],"product_tag":[],"class_list":{"0":"post-1563480","1":"product","2":"type-product","3":"status-publish","4":"has-post-thumbnail","6":"product_cat-34-hu","7":"pa_groesse-39-hu","8":"pa_groesse-50-hu","9":"pa_groesse-29-hu","10":"pa_groesse-40-hu","11":"pa_groesse-30-hu","12":"pa_groesse-41-hu","13":"pa_groesse-31-hu","14":"pa_groesse-42-hu","15":"pa_groesse-32-hu","16":"pa_groesse-43-hu","17":"pa_groesse-33-hu","18":"pa_groesse-44-hu","19":"pa_groesse-34-hu","20":"pa_groesse-45-hu","21":"pa_groesse-35-hu","22":"pa_groesse-46-hu","23":"pa_groesse-36-hu","24":"pa_groesse-47-hu","25":"pa_groesse-37-hu","26":"pa_groesse-48-hu","27":"pa_groesse-38-hu","28":"pa_groesse-49-hu","29":"pa_groesse-28-hu","31":"first","32":"outofstock","33":"shipping-taxable","34":"product-type-variable"},"acf":[],"_links":{"self":[{"href":"https:\/\/strikemaker.com\/hu\/wp-json\/wp\/v2\/product\/1563480","targetHints":{"allow":["GET"]}}],"collection":[{"href":"https:\/\/strikemaker.com\/hu\/wp-json\/wp\/v2\/product"}],"about":[{"href":"https:\/\/strikemaker.com\/hu\/wp-json\/wp\/v2\/types\/product"}],"replies":[{"embeddable":true,"href":"https:\/\/strikemaker.com\/hu\/wp-json\/wp\/v2\/comments?post=1563480"}],"wp:featuredmedia":[{"embeddable":true,"href":"https:\/\/strikemaker.com\/hu\/wp-json\/wp\/v2\/media\/1559083"}],"wp:attachment":[{"href":"https:\/\/strikemaker.com\/hu\/wp-json\/wp\/v2\/media?parent=1563480"}],"wp:term":[{"taxonomy":"product_brand","embeddable":true,"href":"https:\/\/strikemaker.com\/hu\/wp-json\/wp\/v2\/product_brand?post=1563480"},{"taxonomy":"product_cat","embeddable":true,"href":"https:\/\/strikemaker.com\/hu\/wp-json\/wp\/v2\/product_cat?post=1563480"},{"taxonomy":"product_tag","embeddable":true,"href":"https:\/\/strikemaker.com\/hu\/wp-json\/wp\/v2\/product_tag?post=1563480"}],"curies":[{"name":"wp","href":"https:\/\/api.w.org\/{rel}","templated":true}]}}