{"id":1563504,"date":"2023-04-12T15:47:04","date_gmt":"2023-04-12T14:47:04","guid":{"rendered":"https:\/\/strikemaker.com\/?post_type=product&#038;p=1563504"},"modified":"2026-04-04T18:08:21","modified_gmt":"2026-04-04T17:08:21","slug":"tepoezaras-bowlingcipoe-value","status":"publish","type":"product","link":"https:\/\/strikemaker.com\/hu\/product\/tepoezaras-bowlingcipoe-value\/","title":{"rendered":"T\u00e9p\u00f6z\u00e1ras bowlingcip\u00f6 &#8211; VALUE."},"content":{"rendered":"<p>Azoknak a bowlingtermeknek, amelyek j\u00f3 min\u00f6s\u00e9g\u00fc, tart\u00f3s, m\u00fcb\u00f6r cip\u00f6t k\u00edv\u00e1nnak el\u00f6ny\u00f6s \u00e1ron.<\/p>\n<p>-j\u00f3 min\u00f6s\u00e9g\u00fc \u00e9s tart\u00f3s b\u00f6r talppal <br \/>-j\u00f3 min\u00f6s\u00e9g\u00fc \u00e9s hossz\u00fa \u00e9let\u00fc Velcro t\u00e9p\u00f6z\u00e1rral<br \/>-a b\u00f6r talp ragasztva van \u00e9s m\u00e9lyvarr\u00e1ssal meger\u00f6s\u00edtve<br \/>-m\u00fcb\u00f6r fels\u00f6 r\u00e9sszel, fekete \/ feh\u00e9r sz\u00ednben <br \/>-a sarok \u00e9s az orr j\u00f3l meg vannak er\u00f6s\u00edtve <br \/>-a m\u00e9retek a sarkon tal\u00e1lhat\u00f3ak \u00e9s a megszokott eur\u00f3paisz\u00e1moz\u00e1snak felelnek meg <br \/>-24-est\u00f6l 50-es m\u00e9retig kaphat\u00f3ak. <\/p>\n","protected":false},"excerpt":{"rendered":"<p>T\u00e9p\u00f6z\u00e1ras bowlingcip\u00f6 &#8211; VALUE.<\/p>\n","protected":false},"featured_media":1559287,"comment_status":"closed","ping_status":"closed","template":"","meta":{"_acf_changed":false,"_et_pb_use_builder":"","_et_pb_old_content":"","_et_gb_content_width":""},"product_brand":[],"product_cat":[3390],"product_tag":[],"class_list":{"0":"post-1563504","1":"product","2":"type-product","3":"status-publish","4":"has-post-thumbnail","6":"product_cat-34-hu","7":"pa_groesse-25-hu","8":"pa_groesse-36-hu","9":"pa_groesse-47-hu","10":"pa_groesse-26-hu","11":"pa_groesse-37-hu","12":"pa_groesse-48-hu","13":"pa_groesse-27-hu","14":"pa_groesse-38-hu","15":"pa_groesse-49-hu","16":"pa_groesse-28-hu","17":"pa_groesse-39-hu","18":"pa_groesse-50-hu","19":"pa_groesse-29-hu","20":"pa_groesse-40-hu","21":"pa_groesse-30-hu","22":"pa_groesse-41-hu","23":"pa_groesse-31-hu","24":"pa_groesse-42-hu","25":"pa_groesse-32-hu","26":"pa_groesse-43-hu","27":"pa_groesse-33-hu","28":"pa_groesse-44-hu","29":"pa_groesse-34-hu","30":"pa_groesse-45-hu","31":"pa_groesse-24-hu","32":"pa_groesse-35-hu","33":"pa_groesse-46-hu","35":"first","36":"outofstock","37":"shipping-taxable","38":"product-type-variable"},"acf":[],"_links":{"self":[{"href":"https:\/\/strikemaker.com\/hu\/wp-json\/wp\/v2\/product\/1563504","targetHints":{"allow":["GET"]}}],"collection":[{"href":"https:\/\/strikemaker.com\/hu\/wp-json\/wp\/v2\/product"}],"about":[{"href":"https:\/\/strikemaker.com\/hu\/wp-json\/wp\/v2\/types\/product"}],"replies":[{"embeddable":true,"href":"https:\/\/strikemaker.com\/hu\/wp-json\/wp\/v2\/comments?post=1563504"}],"wp:featuredmedia":[{"embeddable":true,"href":"https:\/\/strikemaker.com\/hu\/wp-json\/wp\/v2\/media\/1559287"}],"wp:attachment":[{"href":"https:\/\/strikemaker.com\/hu\/wp-json\/wp\/v2\/media?parent=1563504"}],"wp:term":[{"taxonomy":"product_brand","embeddable":true,"href":"https:\/\/strikemaker.com\/hu\/wp-json\/wp\/v2\/product_brand?post=1563504"},{"taxonomy":"product_cat","embeddable":true,"href":"https:\/\/strikemaker.com\/hu\/wp-json\/wp\/v2\/product_cat?post=1563504"},{"taxonomy":"product_tag","embeddable":true,"href":"https:\/\/strikemaker.com\/hu\/wp-json\/wp\/v2\/product_tag?post=1563504"}],"curies":[{"name":"wp","href":"https:\/\/api.w.org\/{rel}","templated":true}]}}