{"id":1563539,"date":"2023-04-12T15:47:10","date_gmt":"2023-04-12T14:47:10","guid":{"rendered":"https:\/\/strikemaker.com\/?post_type=product&#038;p=1563539"},"modified":"2026-04-05T16:49:43","modified_gmt":"2026-04-05T15:49:43","slug":"bowlingtaska-tricolor-soetetzoeld-voeroes-ezuest","status":"publish","type":"product","link":"https:\/\/strikemaker.com\/hu\/product\/bowlingtaska-tricolor-soetetzoeld-voeroes-ezuest\/","title":{"rendered":"Bowlingt\u00e1ska TRICOLOR S\u00d6T\u00c9TZ\u00d6LD\/v\u00f6r\u00f6s\/ez\u00fcst"},"content":{"rendered":"<p>Bowlinggoly\u00f3t\u00e1ska 1 goly\u00f3nak, 2 nagy oldalzsebbel ahov\u00e1ahova egy p\u00e1r cipo belef\u00e9r (47-es m\u00e9retig) \u00e9s t\u00f6bb hasznos kissebb zsebbel. Kaphat\u00f3 hozz\u00e1juk sz\u00ednben egyezo cipo \u00e9s bowlinggoly\u00f3 is.4 sz\u00edn\u00f6ssze\u00e1ll\u00edt\u00e1sb\u00f3l van v\u00e1laszt\u00e9k.Ezek a t\u00e1sk\u00e1k a sz\u00ednben vel\u00fck megegyezo cipokkel \u00e9s bowlinggoly\u00f3kkal is megrendelhetok, mint TRICOLOR-CSOMAG.<\/p>\n","protected":false},"excerpt":{"rendered":"<p>Bowlingt\u00e1ska TRICOLOR S\u00d6T\u00c9TZ\u00d6LD\/v\u00f6r\u00f6s\/ez\u00fcst<\/p>\n","protected":false},"featured_media":1570570,"comment_status":"closed","ping_status":"closed","template":"","meta":{"_acf_changed":false,"_et_pb_use_builder":"","_et_pb_old_content":"","_et_gb_content_width":""},"product_brand":[],"product_cat":[3271],"product_tag":[],"class_list":{"0":"post-1563539","1":"product","2":"type-product","3":"status-publish","4":"has-post-thumbnail","6":"product_cat-17-hu","8":"first","9":"instock","10":"shipping-taxable","11":"product-type-simple"},"acf":[],"_links":{"self":[{"href":"https:\/\/strikemaker.com\/hu\/wp-json\/wp\/v2\/product\/1563539","targetHints":{"allow":["GET"]}}],"collection":[{"href":"https:\/\/strikemaker.com\/hu\/wp-json\/wp\/v2\/product"}],"about":[{"href":"https:\/\/strikemaker.com\/hu\/wp-json\/wp\/v2\/types\/product"}],"replies":[{"embeddable":true,"href":"https:\/\/strikemaker.com\/hu\/wp-json\/wp\/v2\/comments?post=1563539"}],"wp:featuredmedia":[{"embeddable":true,"href":"https:\/\/strikemaker.com\/hu\/wp-json\/wp\/v2\/media\/1570570"}],"wp:attachment":[{"href":"https:\/\/strikemaker.com\/hu\/wp-json\/wp\/v2\/media?parent=1563539"}],"wp:term":[{"taxonomy":"product_brand","embeddable":true,"href":"https:\/\/strikemaker.com\/hu\/wp-json\/wp\/v2\/product_brand?post=1563539"},{"taxonomy":"product_cat","embeddable":true,"href":"https:\/\/strikemaker.com\/hu\/wp-json\/wp\/v2\/product_cat?post=1563539"},{"taxonomy":"product_tag","embeddable":true,"href":"https:\/\/strikemaker.com\/hu\/wp-json\/wp\/v2\/product_tag?post=1563539"}],"curies":[{"name":"wp","href":"https:\/\/api.w.org\/{rel}","templated":true}]}}