{"id":1563540,"date":"2023-04-12T15:47:10","date_gmt":"2023-04-12T14:47:10","guid":{"rendered":"https:\/\/strikemaker.com\/?post_type=product&#038;p=1563540"},"modified":"2026-04-04T14:07:52","modified_gmt":"2026-04-04T13:07:52","slug":"a-bumper-doboza","status":"publish","type":"product","link":"https:\/\/strikemaker.com\/hu\/product\/a-bumper-doboza\/","title":{"rendered":"a bumper DOBOZA"},"content":{"rendered":"<p>A BUMPER a gyerekbowlingp\u00e1ly\u00e1k legegyszer\u00fcbb \u00e9s legel\u00f6ny\u00f6sebb megold\u00e1sa.A STRIKE MAKER &#8211; BUMPER k\u00e9t r\u00e9szb\u00f6l \u00e1ll: a  k\u00fcls\u00f6 m\u00fcanyag tart\u00f3dobozb\u00f3l \u00e9s fedel\u00e9b\u00f6l \u00e9s belsej\u00e9ben az er\u00f6s ez\u00fcstsz\u00edn\u00fc alum\u00ednium &#8211; polyamide harm\u00f3nikaslaggb\u00f3l.Haszn\u00e1lat ut\u00e1n a harm\u00f3nika-slaggot csak a tart\u00f3j\u00e1ba kell terelni, r\u00e1csukni a tetej\u00e9t \u00e9s m\u00e1ris el lehet tenni. Megrendelhet\u00f6 p\u00e1ronk\u00e9nt, de darabonk\u00e9nt is.Mindh\u00e1rom r\u00e9sz a harm\u00f3nikaslagg, a tart\u00f3doboz \u00e9s a tet\u00f6 is k\u00fcl\u00f6n is kaphat\u00f3ak.Enn\u00e9l egyszer\u00fcbb \u00e9s olcs\u00f3bb megold\u00e1s nem l\u00e9tezik ! <\/p>\n","protected":false},"excerpt":{"rendered":"<p>a bumper DOBOZA<\/p>\n","protected":false},"featured_media":0,"comment_status":"closed","ping_status":"closed","template":"","meta":{"_acf_changed":false,"_et_pb_use_builder":"","_et_pb_old_content":"","_et_gb_content_width":""},"product_brand":[],"product_cat":[3243],"product_tag":[],"class_list":{"0":"post-1563540","1":"product","2":"type-product","3":"status-publish","5":"product_cat-10-hu","7":"first","8":"instock","9":"shipping-taxable","10":"product-type-simple"},"acf":[],"_links":{"self":[{"href":"https:\/\/strikemaker.com\/hu\/wp-json\/wp\/v2\/product\/1563540","targetHints":{"allow":["GET"]}}],"collection":[{"href":"https:\/\/strikemaker.com\/hu\/wp-json\/wp\/v2\/product"}],"about":[{"href":"https:\/\/strikemaker.com\/hu\/wp-json\/wp\/v2\/types\/product"}],"replies":[{"embeddable":true,"href":"https:\/\/strikemaker.com\/hu\/wp-json\/wp\/v2\/comments?post=1563540"}],"wp:attachment":[{"href":"https:\/\/strikemaker.com\/hu\/wp-json\/wp\/v2\/media?parent=1563540"}],"wp:term":[{"taxonomy":"product_brand","embeddable":true,"href":"https:\/\/strikemaker.com\/hu\/wp-json\/wp\/v2\/product_brand?post=1563540"},{"taxonomy":"product_cat","embeddable":true,"href":"https:\/\/strikemaker.com\/hu\/wp-json\/wp\/v2\/product_cat?post=1563540"},{"taxonomy":"product_tag","embeddable":true,"href":"https:\/\/strikemaker.com\/hu\/wp-json\/wp\/v2\/product_tag?post=1563540"}],"curies":[{"name":"wp","href":"https:\/\/api.w.org\/{rel}","templated":true}]}}