{"id":1563544,"date":"2023-04-12T15:47:12","date_gmt":"2023-04-12T14:47:12","guid":{"rendered":"https:\/\/strikemaker.com\/?post_type=product&#038;p=1563544"},"modified":"2026-04-05T13:01:45","modified_gmt":"2026-04-05T12:01:45","slug":"5-liter-citrus-illatu-cipoefertoetlenitoe-szer-95-alkohollal","status":"publish","type":"product","link":"https:\/\/strikemaker.com\/hu\/product\/5-liter-citrus-illatu-cipoefertoetlenitoe-szer-95-alkohollal\/","title":{"rendered":"5 liter citrus illat\u00fa cip\u00f6fert\u00f6tlen\u00edt\u00f6 szer 95% alkohollal"},"content":{"rendered":"<p>T\u00fal er\u00f6s fert\u00f6tlen\u00edt\u00f6 szerek kisz\u00e1r\u00edtj\u00e1k \u00e9s id\u00f6vel t\u00f6nkre teszik a cip\u00f6k anyag\u00e1t. A b\u00f6r vagy m\u00fcb\u00f6r megkem\u00e9nyedik \u00e9s megt\u00f6redezik.<br \/>Ez a cip\u00f6fert\u00f6tlen\u00edt\u00f6 speci\u00e1lis \u00f6ssze\u00e1ll\u00edt\u00e1ssal k\u00e9sz\u00fclt, 99% alkoholb\u00e1zissal, bowling cip\u00f6k fert\u00f6tlen\u00edt\u00e9s\u00e9re.<br \/>Ehhez a fert\u00f6tlen\u00edt\u00f6szerhez nemcsak egy felfriss\u00edt\u00f6, kellemes citrusillat lett hozz\u00e1adva, hanem k\u00fcl\u00f6nb\u00f6z\u00f6 cip\u00f6\u00e1pol\u00f3anyagok is, hogy megakad\u00e1nyozz\u00e1k a cip\u00f6 anyag\u00e1nak kisz\u00e1rad\u00e1s\u00e1t. <\/p>\n","protected":false},"excerpt":{"rendered":"<p>5 liter citrus illat\u00fa cip\u00f6fert\u00f6tlen\u00edt\u00f6 szer 95% alkohollal<\/p>\n","protected":false},"featured_media":1559809,"comment_status":"closed","ping_status":"closed","template":"","meta":{"_acf_changed":false,"_et_pb_use_builder":"","_et_pb_old_content":"","_et_gb_content_width":""},"product_brand":[],"product_cat":[3264],"product_tag":[],"class_list":{"0":"post-1563544","1":"product","2":"type-product","3":"status-publish","4":"has-post-thumbnail","6":"product_cat-16-hu","7":"pa_abmessungen-5-l-hu","9":"first","10":"instock","11":"shipping-taxable","12":"product-type-simple"},"acf":[],"_links":{"self":[{"href":"https:\/\/strikemaker.com\/hu\/wp-json\/wp\/v2\/product\/1563544","targetHints":{"allow":["GET"]}}],"collection":[{"href":"https:\/\/strikemaker.com\/hu\/wp-json\/wp\/v2\/product"}],"about":[{"href":"https:\/\/strikemaker.com\/hu\/wp-json\/wp\/v2\/types\/product"}],"replies":[{"embeddable":true,"href":"https:\/\/strikemaker.com\/hu\/wp-json\/wp\/v2\/comments?post=1563544"}],"wp:featuredmedia":[{"embeddable":true,"href":"https:\/\/strikemaker.com\/hu\/wp-json\/wp\/v2\/media\/1559809"}],"wp:attachment":[{"href":"https:\/\/strikemaker.com\/hu\/wp-json\/wp\/v2\/media?parent=1563544"}],"wp:term":[{"taxonomy":"product_brand","embeddable":true,"href":"https:\/\/strikemaker.com\/hu\/wp-json\/wp\/v2\/product_brand?post=1563544"},{"taxonomy":"product_cat","embeddable":true,"href":"https:\/\/strikemaker.com\/hu\/wp-json\/wp\/v2\/product_cat?post=1563544"},{"taxonomy":"product_tag","embeddable":true,"href":"https:\/\/strikemaker.com\/hu\/wp-json\/wp\/v2\/product_tag?post=1563544"}],"curies":[{"name":"wp","href":"https:\/\/api.w.org\/{rel}","templated":true}]}}