{"id":1563551,"date":"2023-04-12T15:47:14","date_gmt":"2023-04-12T14:47:14","guid":{"rendered":"https:\/\/strikemaker.com\/?post_type=product&#038;p=1563551"},"modified":"2026-04-15T07:55:46","modified_gmt":"2026-04-15T06:55:46","slug":"sm-99-060387-004-solenoid-only-black-consolidated-and-nexgen-box-fekete","status":"publish","type":"product","link":"https:\/\/strikemaker.com\/hu\/product\/sm-99-060387-004-solenoid-only-black-consolidated-and-nexgen-box-fekete\/","title":{"rendered":"SM-99-060387-004 Solenoid only BLACK (consolidated and nexgen box) &#8211; FEKETE"},"content":{"rendered":"<p>A k\u00e1belek csatlakoz\u00e1sa meg vannak er\u00f6s\u00edtve k\u00edv\u00fcl is \u00e9s bel\u00fcl is, hogy m\u00e9g v\u00e9letlen\u00fcl se t\u00f6rjenek le vagy menjenek t\u00f6nkre, hogy hossz\u00fa \u00e9letet \u00e9jlenek a pinsetterekben. <br \/>Sz\u00e1z sz\u00e1zal\u00e9kig megb\u00edzhat\u00f3, n\u00e9met min\u00f6s\u00e9gi term\u00e9k !. <br \/>A GS96  &#038; GS98 pinsetterekhez is haszn\u00e1lhat\u00f3 a &#8222;new style Shark SM-47-095108-001&#8221; alkatr\u00e9sz alkalmaz\u00e1s\u00e1val.<br \/>K\u00e9rj\u00fck rendelje az SM-99-070356-004-es alkatr\u00e9szt. <\/p>\n","protected":false},"excerpt":{"rendered":"<p>SM-99-060387-004 Solenoid only BLACK (consolidated and nexgen box) &#8211; FEKETE<\/p>\n","protected":false},"featured_media":1559851,"comment_status":"closed","ping_status":"closed","template":"","meta":{"_acf_changed":false,"_et_pb_use_builder":"","_et_pb_old_content":"","_et_gb_content_width":""},"product_brand":[],"product_cat":[3348],"product_tag":[],"class_list":{"0":"post-1563551","1":"product","2":"type-product","3":"status-publish","4":"has-post-thumbnail","6":"product_cat-28-hu","8":"first","9":"outofstock","10":"shipping-taxable","11":"product-type-simple"},"acf":[],"_links":{"self":[{"href":"https:\/\/strikemaker.com\/hu\/wp-json\/wp\/v2\/product\/1563551","targetHints":{"allow":["GET"]}}],"collection":[{"href":"https:\/\/strikemaker.com\/hu\/wp-json\/wp\/v2\/product"}],"about":[{"href":"https:\/\/strikemaker.com\/hu\/wp-json\/wp\/v2\/types\/product"}],"replies":[{"embeddable":true,"href":"https:\/\/strikemaker.com\/hu\/wp-json\/wp\/v2\/comments?post=1563551"}],"wp:featuredmedia":[{"embeddable":true,"href":"https:\/\/strikemaker.com\/hu\/wp-json\/wp\/v2\/media\/1559851"}],"wp:attachment":[{"href":"https:\/\/strikemaker.com\/hu\/wp-json\/wp\/v2\/media?parent=1563551"}],"wp:term":[{"taxonomy":"product_brand","embeddable":true,"href":"https:\/\/strikemaker.com\/hu\/wp-json\/wp\/v2\/product_brand?post=1563551"},{"taxonomy":"product_cat","embeddable":true,"href":"https:\/\/strikemaker.com\/hu\/wp-json\/wp\/v2\/product_cat?post=1563551"},{"taxonomy":"product_tag","embeddable":true,"href":"https:\/\/strikemaker.com\/hu\/wp-json\/wp\/v2\/product_tag?post=1563551"}],"curies":[{"name":"wp","href":"https:\/\/api.w.org\/{rel}","templated":true}]}}