{"id":1563567,"date":"2023-04-12T15:47:18","date_gmt":"2023-04-12T14:47:18","guid":{"rendered":"https:\/\/strikemaker.com\/?post_type=product&#038;p=1563567"},"modified":"2026-04-04T17:55:39","modified_gmt":"2026-04-04T16:55:39","slug":"golyovezetoe","status":"publish","type":"product","link":"https:\/\/strikemaker.com\/hu\/product\/golyovezetoe\/","title":{"rendered":"GOLY\u00d3VEZET\u00d6"},"content":{"rendered":"<p>a gyerekbowlingoz\u00e1shoz vagy mozg\u00e1ss\u00e9r\u00fcltek seg\u00edts\u00e9g\u00e9re<\/p>\n<p>&#8211; Magass\u00e1ga: 61 cm<br \/>&#8211; Sz\u00e9less\u00e9ge:  51 cm<br \/>&#8211; Hossz\u00fas\u00e1ga: 122,5 cm<br \/>&#8211; S\u00falya (kb.) 15 Kg<\/p>\n","protected":false},"excerpt":{"rendered":"<p>GOLY\u00d3VEZET\u00d6<\/p>\n","protected":false},"featured_media":1560049,"comment_status":"closed","ping_status":"closed","template":"","meta":{"_acf_changed":false,"_et_pb_use_builder":"","_et_pb_old_content":"","_et_gb_content_width":""},"product_brand":[],"product_cat":[3243],"product_tag":[],"class_list":{"0":"post-1563567","1":"product","2":"type-product","3":"status-publish","4":"has-post-thumbnail","6":"product_cat-10-hu","8":"first","9":"instock","10":"shipping-taxable","11":"product-type-simple"},"acf":[],"_links":{"self":[{"href":"https:\/\/strikemaker.com\/hu\/wp-json\/wp\/v2\/product\/1563567","targetHints":{"allow":["GET"]}}],"collection":[{"href":"https:\/\/strikemaker.com\/hu\/wp-json\/wp\/v2\/product"}],"about":[{"href":"https:\/\/strikemaker.com\/hu\/wp-json\/wp\/v2\/types\/product"}],"replies":[{"embeddable":true,"href":"https:\/\/strikemaker.com\/hu\/wp-json\/wp\/v2\/comments?post=1563567"}],"wp:featuredmedia":[{"embeddable":true,"href":"https:\/\/strikemaker.com\/hu\/wp-json\/wp\/v2\/media\/1560049"}],"wp:attachment":[{"href":"https:\/\/strikemaker.com\/hu\/wp-json\/wp\/v2\/media?parent=1563567"}],"wp:term":[{"taxonomy":"product_brand","embeddable":true,"href":"https:\/\/strikemaker.com\/hu\/wp-json\/wp\/v2\/product_brand?post=1563567"},{"taxonomy":"product_cat","embeddable":true,"href":"https:\/\/strikemaker.com\/hu\/wp-json\/wp\/v2\/product_cat?post=1563567"},{"taxonomy":"product_tag","embeddable":true,"href":"https:\/\/strikemaker.com\/hu\/wp-json\/wp\/v2\/product_tag?post=1563567"}],"curies":[{"name":"wp","href":"https:\/\/api.w.org\/{rel}","templated":true}]}}