{"id":1563579,"date":"2023-04-12T15:00:29","date_gmt":"2023-04-12T14:47:22","guid":{"rendered":"https:\/\/strikemaker.com\/?post_type=product&#038;p=1563579"},"modified":"2026-04-05T09:07:41","modified_gmt":"2026-04-05T08:07:41","slug":"25-darab-mueanyag-babu-flakon","status":"publish","type":"product","link":"https:\/\/strikemaker.com\/hu\/product\/25-darab-mueanyag-babu-flakon\/","title":{"rendered":"25 darab m\u00fcanyag B\u00c1BU-flakon"},"content":{"rendered":"<p>M\u00fcanyag, 7 dl.-es flakon, b\u00e1bu-form\u00e1ban.<br \/>Nagy, ecsavarhat\u00f3 tet\u00f6vel, hogy egyszer\u00fcen<br \/>meg lehessen t\u00f6lteni.<br \/>30 cm magas.<br \/>1 csomag 25 darabot tartalmaz.<\/p>\n","protected":false},"excerpt":{"rendered":"<p>25 darab m\u00fcanyag B\u00c1BU-flakon<\/p>\n","protected":false},"featured_media":1560241,"comment_status":"closed","ping_status":"closed","template":"","meta":{"_acf_changed":false,"_et_pb_use_builder":"","_et_pb_old_content":"","_et_gb_content_width":""},"product_brand":[],"product_cat":[3215],"product_tag":[],"class_list":{"0":"post-1563579","1":"product","2":"type-product","3":"status-publish","4":"has-post-thumbnail","6":"product_cat-6-hu","8":"first","9":"instock","10":"shipping-taxable","11":"product-type-simple"},"acf":[],"_links":{"self":[{"href":"https:\/\/strikemaker.com\/hu\/wp-json\/wp\/v2\/product\/1563579","targetHints":{"allow":["GET"]}}],"collection":[{"href":"https:\/\/strikemaker.com\/hu\/wp-json\/wp\/v2\/product"}],"about":[{"href":"https:\/\/strikemaker.com\/hu\/wp-json\/wp\/v2\/types\/product"}],"replies":[{"embeddable":true,"href":"https:\/\/strikemaker.com\/hu\/wp-json\/wp\/v2\/comments?post=1563579"}],"wp:featuredmedia":[{"embeddable":true,"href":"https:\/\/strikemaker.com\/hu\/wp-json\/wp\/v2\/media\/1560241"}],"wp:attachment":[{"href":"https:\/\/strikemaker.com\/hu\/wp-json\/wp\/v2\/media?parent=1563579"}],"wp:term":[{"taxonomy":"product_brand","embeddable":true,"href":"https:\/\/strikemaker.com\/hu\/wp-json\/wp\/v2\/product_brand?post=1563579"},{"taxonomy":"product_cat","embeddable":true,"href":"https:\/\/strikemaker.com\/hu\/wp-json\/wp\/v2\/product_cat?post=1563579"},{"taxonomy":"product_tag","embeddable":true,"href":"https:\/\/strikemaker.com\/hu\/wp-json\/wp\/v2\/product_tag?post=1563579"}],"curies":[{"name":"wp","href":"https:\/\/api.w.org\/{rel}","templated":true}]}}