{"id":1563580,"date":"2023-04-12T15:47:22","date_gmt":"2023-04-12T14:47:22","guid":{"rendered":"https:\/\/strikemaker.com\/?post_type=product&#038;p=1563580"},"modified":"2026-04-04T17:55:41","modified_gmt":"2026-04-04T16:55:41","slug":"50-m-zsinor-a-bowlingbabukhoz-feher","status":"publish","type":"product","link":"https:\/\/strikemaker.com\/hu\/product\/50-m-zsinor-a-bowlingbabukhoz-feher\/","title":{"rendered":"50 m. zsin\u00f3r a bowlingb\u00e1bukhoz &#8211; FEH\u00c9R"},"content":{"rendered":"","protected":false},"excerpt":{"rendered":"<p>50 m. zsin\u00f3r a bowlingb\u00e1bukhoz &#8211; FEH\u00c9R<\/p>\n","protected":false},"featured_media":1560247,"comment_status":"closed","ping_status":"closed","template":"","meta":{"_acf_changed":false,"_et_pb_use_builder":"","_et_pb_old_content":"","_et_gb_content_width":""},"product_brand":[],"product_cat":[3306],"product_tag":[],"class_list":{"0":"post-1563580","1":"product","2":"type-product","3":"status-publish","4":"has-post-thumbnail","6":"product_cat-22-hu","7":"pa_abmessungen-50-m-hu","8":"pa_farbe-feher","10":"first","11":"instock","12":"shipping-taxable","13":"product-type-simple"},"acf":[],"_links":{"self":[{"href":"https:\/\/strikemaker.com\/hu\/wp-json\/wp\/v2\/product\/1563580","targetHints":{"allow":["GET"]}}],"collection":[{"href":"https:\/\/strikemaker.com\/hu\/wp-json\/wp\/v2\/product"}],"about":[{"href":"https:\/\/strikemaker.com\/hu\/wp-json\/wp\/v2\/types\/product"}],"replies":[{"embeddable":true,"href":"https:\/\/strikemaker.com\/hu\/wp-json\/wp\/v2\/comments?post=1563580"}],"wp:featuredmedia":[{"embeddable":true,"href":"https:\/\/strikemaker.com\/hu\/wp-json\/wp\/v2\/media\/1560247"}],"wp:attachment":[{"href":"https:\/\/strikemaker.com\/hu\/wp-json\/wp\/v2\/media?parent=1563580"}],"wp:term":[{"taxonomy":"product_brand","embeddable":true,"href":"https:\/\/strikemaker.com\/hu\/wp-json\/wp\/v2\/product_brand?post=1563580"},{"taxonomy":"product_cat","embeddable":true,"href":"https:\/\/strikemaker.com\/hu\/wp-json\/wp\/v2\/product_cat?post=1563580"},{"taxonomy":"product_tag","embeddable":true,"href":"https:\/\/strikemaker.com\/hu\/wp-json\/wp\/v2\/product_tag?post=1563580"}],"curies":[{"name":"wp","href":"https:\/\/api.w.org\/{rel}","templated":true}]}}