{"id":1563619,"date":"2023-04-12T15:47:29","date_gmt":"2023-04-12T14:47:29","guid":{"rendered":"https:\/\/strikemaker.com\/?post_type=product&#038;p=1563619"},"modified":"2023-09-18T11:03:58","modified_gmt":"2023-09-18T10:03:58","slug":"bowlingtaska-tricolor-fekete-voeroes-arany","status":"publish","type":"product","link":"https:\/\/strikemaker.com\/hu\/product\/bowlingtaska-tricolor-fekete-voeroes-arany\/","title":{"rendered":"Bowlingt\u00e1ska TRICOLOR FEKETE\/v\u00f6r\u00f6s\/arany"},"content":{"rendered":"<p>TRICOLOR t\u00e1ska 1 goly\u00f3nak, 2 nagy oldalzsebbel, ahova egy p\u00e1r cip\u00f6 (47-es m\u00e9retig) belef\u00e9r. A t\u00e1ska t\u00f6bb hasznos kissebb zsebbel is rendelkezik.<\/p>\n","protected":false},"excerpt":{"rendered":"<p>Bowlingt\u00e1ska TRICOLOR FEKETE\/v\u00f6r\u00f6s\/arany<\/p>\n","protected":false},"featured_media":1560721,"comment_status":"closed","ping_status":"closed","template":"","meta":{"_acf_changed":false,"_et_pb_use_builder":"","_et_pb_old_content":"","_et_gb_content_width":""},"product_brand":[],"product_cat":[3935],"product_tag":[],"class_list":{"0":"post-1563619","1":"product","2":"type-product","3":"status-publish","4":"has-post-thumbnail","6":"product_cat-uncategorized","8":"first","9":"instock","10":"shipping-taxable","11":"product-type-simple"},"acf":[],"_links":{"self":[{"href":"https:\/\/strikemaker.com\/hu\/wp-json\/wp\/v2\/product\/1563619","targetHints":{"allow":["GET"]}}],"collection":[{"href":"https:\/\/strikemaker.com\/hu\/wp-json\/wp\/v2\/product"}],"about":[{"href":"https:\/\/strikemaker.com\/hu\/wp-json\/wp\/v2\/types\/product"}],"replies":[{"embeddable":true,"href":"https:\/\/strikemaker.com\/hu\/wp-json\/wp\/v2\/comments?post=1563619"}],"wp:featuredmedia":[{"embeddable":true,"href":"https:\/\/strikemaker.com\/hu\/wp-json\/wp\/v2\/media\/1560721"}],"wp:attachment":[{"href":"https:\/\/strikemaker.com\/hu\/wp-json\/wp\/v2\/media?parent=1563619"}],"wp:term":[{"taxonomy":"product_brand","embeddable":true,"href":"https:\/\/strikemaker.com\/hu\/wp-json\/wp\/v2\/product_brand?post=1563619"},{"taxonomy":"product_cat","embeddable":true,"href":"https:\/\/strikemaker.com\/hu\/wp-json\/wp\/v2\/product_cat?post=1563619"},{"taxonomy":"product_tag","embeddable":true,"href":"https:\/\/strikemaker.com\/hu\/wp-json\/wp\/v2\/product_tag?post=1563619"}],"curies":[{"name":"wp","href":"https:\/\/api.w.org\/{rel}","templated":true}]}}