{"id":1563622,"date":"2023-04-12T15:47:30","date_gmt":"2023-04-12T14:47:30","guid":{"rendered":"https:\/\/strikemaker.com\/?post_type=product&#038;p=1563622"},"modified":"2026-04-05T09:07:44","modified_gmt":"2026-04-05T08:07:44","slug":"bowlingtaska-tricolor-kek-voeroes-ezuest","status":"publish","type":"product","link":"https:\/\/strikemaker.com\/hu\/product\/bowlingtaska-tricolor-kek-voeroes-ezuest\/","title":{"rendered":"Bowlingt\u00e1ska TRICOLOR K\u00c9K\/v\u00f6r\u00f6s\/ez\u00fcst"},"content":{"rendered":"<p>TRICOLOR t\u00e1ska 1 goly\u00f3nak, 2 nagy oldalzsebbel, ahova egy p\u00e1r cip\u00f6 (47-es m\u00e9retig) belef\u00e9r. A t\u00e1ska t\u00f6bb hasznos kissebb zsebbel is rendelkezik.<\/p>\n","protected":false},"excerpt":{"rendered":"<p>Bowlingt\u00e1ska TRICOLOR K\u00c9K\/v\u00f6r\u00f6s\/ez\u00fcst<\/p>\n","protected":false},"featured_media":1570576,"comment_status":"closed","ping_status":"closed","template":"","meta":{"_acf_changed":false,"_et_pb_use_builder":"","_et_pb_old_content":"","_et_gb_content_width":""},"product_brand":[],"product_cat":[3271],"product_tag":[],"class_list":{"0":"post-1563622","1":"product","2":"type-product","3":"status-publish","4":"has-post-thumbnail","6":"product_cat-17-hu","7":"pa_farbe-kek","9":"first","10":"instock","11":"shipping-taxable","12":"product-type-simple"},"acf":[],"_links":{"self":[{"href":"https:\/\/strikemaker.com\/hu\/wp-json\/wp\/v2\/product\/1563622","targetHints":{"allow":["GET"]}}],"collection":[{"href":"https:\/\/strikemaker.com\/hu\/wp-json\/wp\/v2\/product"}],"about":[{"href":"https:\/\/strikemaker.com\/hu\/wp-json\/wp\/v2\/types\/product"}],"replies":[{"embeddable":true,"href":"https:\/\/strikemaker.com\/hu\/wp-json\/wp\/v2\/comments?post=1563622"}],"wp:featuredmedia":[{"embeddable":true,"href":"https:\/\/strikemaker.com\/hu\/wp-json\/wp\/v2\/media\/1570576"}],"wp:attachment":[{"href":"https:\/\/strikemaker.com\/hu\/wp-json\/wp\/v2\/media?parent=1563622"}],"wp:term":[{"taxonomy":"product_brand","embeddable":true,"href":"https:\/\/strikemaker.com\/hu\/wp-json\/wp\/v2\/product_brand?post=1563622"},{"taxonomy":"product_cat","embeddable":true,"href":"https:\/\/strikemaker.com\/hu\/wp-json\/wp\/v2\/product_cat?post=1563622"},{"taxonomy":"product_tag","embeddable":true,"href":"https:\/\/strikemaker.com\/hu\/wp-json\/wp\/v2\/product_tag?post=1563622"}],"curies":[{"name":"wp","href":"https:\/\/api.w.org\/{rel}","templated":true}]}}