{"id":1563626,"date":"2023-04-12T15:47:32","date_gmt":"2023-04-12T14:47:32","guid":{"rendered":"https:\/\/strikemaker.com\/?post_type=product&#038;p=1563626"},"modified":"2026-04-04T17:55:42","modified_gmt":"2026-04-04T16:55:42","slug":"mentol-illatu-cipoefertoetlenitoe-spray-99-alkohollal-12-db-500-ml-es-csomagolasban","status":"publish","type":"product","link":"https:\/\/strikemaker.com\/hu\/product\/mentol-illatu-cipoefertoetlenitoe-spray-99-alkohollal-12-db-500-ml-es-csomagolasban\/","title":{"rendered":"MENTOL illat\u00fa cip\u00f6fert\u00f6tlen\u00edt\u00f6 spray 99% ALKOHOLLAL (12 db. 500 ml.-es csomagol\u00e1sban)"},"content":{"rendered":"<p>T\u00fal er\u00f6s fert\u00f6tlen\u00edt\u00f6 szerek kisz\u00e1r\u00edtj\u00e1k \u00e9s id\u00f6vel t\u00f6nkre teszik acip\u00f6k anyag\u00e1t. A b\u00f6r vagy m\u00fcb\u00f6r megkem\u00e9nyedik \u00e9s megt\u00f6redezik.<br \/>Ez a cip\u00f6fert\u00f6tlen\u00edt\u00f6 speci\u00e1lis \u00f6ssze\u00e1ll\u00edt\u00e1ssal k\u00e9sz\u00fclt, 99% alkoholb\u00e1zissal, bowlingcip\u00f6k fert\u00f6tlen\u00edt\u00e9s\u00e9re.<br \/>Ehhez a fert\u00f6tlen\u00edt\u00f6 szerhez nemcsak egy felfriss\u00edt\u00f6, kellemes mentol illat lett hozz\u00e1adva, hanem k\u00fcl\u00f6nb\u00f6z\u00f6 cip\u00f6\u00e1pol\u00f3 anyagok is, hogy megakad\u00e1nyozz\u00e1k a cip\u00f6 anyag\u00e1nak kisz\u00e1rad\u00e1s\u00e1t. <\/p>\n","protected":false},"excerpt":{"rendered":"<p>MENTOL illat\u00fa cip\u00f6fert\u00f6tlen\u00edt\u00f6 spray 99% ALKOHOLLAL (12 db. 500 ml.-es csomagol\u00e1sban)<\/p>\n","protected":false},"featured_media":1560751,"comment_status":"closed","ping_status":"closed","template":"","meta":{"_acf_changed":false,"_et_pb_use_builder":"","_et_pb_old_content":"","_et_gb_content_width":""},"product_brand":[],"product_cat":[3264],"product_tag":[],"class_list":{"0":"post-1563626","1":"product","2":"type-product","3":"status-publish","4":"has-post-thumbnail","6":"product_cat-16-hu","7":"pa_abmessungen-500-ml-hu","9":"first","10":"instock","11":"shipping-taxable","12":"product-type-simple"},"acf":[],"_links":{"self":[{"href":"https:\/\/strikemaker.com\/hu\/wp-json\/wp\/v2\/product\/1563626","targetHints":{"allow":["GET"]}}],"collection":[{"href":"https:\/\/strikemaker.com\/hu\/wp-json\/wp\/v2\/product"}],"about":[{"href":"https:\/\/strikemaker.com\/hu\/wp-json\/wp\/v2\/types\/product"}],"replies":[{"embeddable":true,"href":"https:\/\/strikemaker.com\/hu\/wp-json\/wp\/v2\/comments?post=1563626"}],"wp:featuredmedia":[{"embeddable":true,"href":"https:\/\/strikemaker.com\/hu\/wp-json\/wp\/v2\/media\/1560751"}],"wp:attachment":[{"href":"https:\/\/strikemaker.com\/hu\/wp-json\/wp\/v2\/media?parent=1563626"}],"wp:term":[{"taxonomy":"product_brand","embeddable":true,"href":"https:\/\/strikemaker.com\/hu\/wp-json\/wp\/v2\/product_brand?post=1563626"},{"taxonomy":"product_cat","embeddable":true,"href":"https:\/\/strikemaker.com\/hu\/wp-json\/wp\/v2\/product_cat?post=1563626"},{"taxonomy":"product_tag","embeddable":true,"href":"https:\/\/strikemaker.com\/hu\/wp-json\/wp\/v2\/product_tag?post=1563626"}],"curies":[{"name":"wp","href":"https:\/\/api.w.org\/{rel}","templated":true}]}}