{"id":1563628,"date":"2023-04-12T15:47:32","date_gmt":"2023-04-12T14:47:32","guid":{"rendered":"https:\/\/strikemaker.com\/?post_type=product&#038;p=1563628"},"modified":"2026-04-20T02:26:32","modified_gmt":"2026-04-20T01:26:32","slug":"strike-maker-4-cl-2","status":"publish","type":"product","link":"https:\/\/strikemaker.com\/hu\/product\/strike-maker-4-cl-2\/","title":{"rendered":"STRIKE MAKER &#8211; 4 cl."},"content":{"rendered":"<p>Nem l\u00e9tezik bowlingital, amely jobban illene a bowlingoz\u00e1shoz! A STRIKE MAKER b\u00e1bulik\u00f6r\u00f6kkel a bowlingterem m\u00e9g \u00e9rdekesebb\u00e9 v\u00e1lik vend\u00e9gei r\u00e9sz\u00e9re \u00e9s plussz bej\u00f6vetelr\u00f6l gondoskodik. Emellett ez a kis STRIKE MAKER b\u00e1bu-\u00fcveg sz\u00edvesen &#8222;v\u00e1ndorol&#8221; vend\u00e9gei vitrines szekr\u00e9ny\u00e9be egy j\u00f3lsiker\u00fclt bowling-party ut\u00e1n. Kit\u00fcn\u00f6 rekl\u00e1m bowlingterme r\u00e9sz\u00e9re!<br \/>Az \u00fcvegecsk\u00e9k tartalma: 4 cl. <br \/>&#8211; H\u00e1rom fajt\u00e1ban van forgalomban: wodka-f\u00fcge \u00edz (15 % alkohol),<br \/>&#8211; \u00f6szibarack (15 %) \u00e9s keser\u00fc lik\u00f6r (30%-os alkoholtartalommal).<br \/>&#8211; Csak bowlingtermekben kaphat\u00f3. <br \/>&#8211; Ingyenes asztali-\u00e9s fali p\u00f3szterekkel \u00e9rkezik.<br \/>&#8211; Emellett Strike Maker p\u00f3l\u00f3k, 2,5 m\u00e9ter magas felf\u00fajhat\u00f3 b\u00e1bukat \u00e9s felszolg\u00e1l\u00f3 t\u00e1lc\u00e1t is forgalmazunk hozz\u00e1. <br \/> &#8211; Megrendel\u00e9se n\u00e9h\u00e1ny nap alatt \u00e9rkezik bowlingterm\u00e9be. <\/p>\n","protected":false},"excerpt":{"rendered":"<p>STRIKE MAKER &#8211; 4 cl. <\/p>\n","protected":false},"featured_media":1560799,"comment_status":"closed","ping_status":"closed","template":"","meta":{"_acf_changed":false,"_et_pb_use_builder":"","_et_pb_old_content":"","_et_gb_content_width":""},"product_brand":[],"product_cat":[3229],"product_tag":[],"class_list":{"0":"post-1563628","1":"product","2":"type-product","3":"status-publish","4":"has-post-thumbnail","6":"product_cat-8-hu","7":"pa_geschmack-klasszikus-wodka-abra-15-vol","8":"pa_geschmack-gyogynovenylikor-30-terfogatszazalek","9":"pa_geschmack-baracklikor-15-terfogatszazalek","11":"first","12":"outofstock","13":"shipping-taxable","14":"product-type-variable"},"acf":[],"_links":{"self":[{"href":"https:\/\/strikemaker.com\/hu\/wp-json\/wp\/v2\/product\/1563628","targetHints":{"allow":["GET"]}}],"collection":[{"href":"https:\/\/strikemaker.com\/hu\/wp-json\/wp\/v2\/product"}],"about":[{"href":"https:\/\/strikemaker.com\/hu\/wp-json\/wp\/v2\/types\/product"}],"replies":[{"embeddable":true,"href":"https:\/\/strikemaker.com\/hu\/wp-json\/wp\/v2\/comments?post=1563628"}],"wp:featuredmedia":[{"embeddable":true,"href":"https:\/\/strikemaker.com\/hu\/wp-json\/wp\/v2\/media\/1560799"}],"wp:attachment":[{"href":"https:\/\/strikemaker.com\/hu\/wp-json\/wp\/v2\/media?parent=1563628"}],"wp:term":[{"taxonomy":"product_brand","embeddable":true,"href":"https:\/\/strikemaker.com\/hu\/wp-json\/wp\/v2\/product_brand?post=1563628"},{"taxonomy":"product_cat","embeddable":true,"href":"https:\/\/strikemaker.com\/hu\/wp-json\/wp\/v2\/product_cat?post=1563628"},{"taxonomy":"product_tag","embeddable":true,"href":"https:\/\/strikemaker.com\/hu\/wp-json\/wp\/v2\/product_tag?post=1563628"}],"curies":[{"name":"wp","href":"https:\/\/api.w.org\/{rel}","templated":true}]}}