{"id":1579842,"date":"2023-09-18T15:08:49","date_gmt":"2023-09-18T14:08:49","guid":{"rendered":"https:\/\/strikemaker.com\/?post_type=product&#038;p=1579842"},"modified":"2026-04-18T23:25:41","modified_gmt":"2026-04-18T22:25:41","slug":"bowlingcipoek-es-golyok-bowlingterme-emblemajaval","status":"publish","type":"product","link":"https:\/\/strikemaker.com\/hu\/product\/bowlingcipoek-es-golyok-bowlingterme-emblemajaval\/","title":{"rendered":"Bowlingcip\u00f6k \u00e9s goly\u00f3k bowlingterme embl\u00e9m\u00e1j\u00e1val"},"content":{"rendered":"<p>Bowling cipo k\u00e9nyelmes bor magas sz\u00ednvonal\u00fa, szem\u00e9lyre szabott katal\u00f3gusa <br \/>Ide\u00e1lis kezdok \u00e9s amator\u00f6k katal\u00f3gusa<br \/>idotlen modern design, katal\u00f3gusa<br \/>Testreszabhat\u00f3 sz\u00ednes goly\u00f3k is<\/p>\n","protected":false},"excerpt":{"rendered":"<p>Bowlingcip\u00f6k \u00e9s goly\u00f3k bowlingterme embl\u00e9m\u00e1j\u00e1val<\/p>\n","protected":false},"featured_media":1578693,"comment_status":"closed","ping_status":"closed","template":"","meta":{"_acf_changed":false,"_et_pb_use_builder":"","_et_pb_old_content":"","_et_gb_content_width":""},"product_brand":[],"product_cat":[3257],"product_tag":[],"class_list":{"0":"post-1579842","1":"product","2":"type-product","3":"status-publish","4":"has-post-thumbnail","6":"product_cat-14-hu","7":"pa_groesse-go","9":"first","10":"outofstock","11":"shipping-taxable","12":"product-type-simple"},"acf":[],"_links":{"self":[{"href":"https:\/\/strikemaker.com\/hu\/wp-json\/wp\/v2\/product\/1579842","targetHints":{"allow":["GET"]}}],"collection":[{"href":"https:\/\/strikemaker.com\/hu\/wp-json\/wp\/v2\/product"}],"about":[{"href":"https:\/\/strikemaker.com\/hu\/wp-json\/wp\/v2\/types\/product"}],"replies":[{"embeddable":true,"href":"https:\/\/strikemaker.com\/hu\/wp-json\/wp\/v2\/comments?post=1579842"}],"wp:featuredmedia":[{"embeddable":true,"href":"https:\/\/strikemaker.com\/hu\/wp-json\/wp\/v2\/media\/1578693"}],"wp:attachment":[{"href":"https:\/\/strikemaker.com\/hu\/wp-json\/wp\/v2\/media?parent=1579842"}],"wp:term":[{"taxonomy":"product_brand","embeddable":true,"href":"https:\/\/strikemaker.com\/hu\/wp-json\/wp\/v2\/product_brand?post=1579842"},{"taxonomy":"product_cat","embeddable":true,"href":"https:\/\/strikemaker.com\/hu\/wp-json\/wp\/v2\/product_cat?post=1579842"},{"taxonomy":"product_tag","embeddable":true,"href":"https:\/\/strikemaker.com\/hu\/wp-json\/wp\/v2\/product_tag?post=1579842"}],"curies":[{"name":"wp","href":"https:\/\/api.w.org\/{rel}","templated":true}]}}