{"id":1652257,"date":"2026-02-02T19:01:21","date_gmt":"2026-02-02T18:01:21","guid":{"rendered":"https:\/\/strikemaker.com\/?post_type=product&#038;p=1652257"},"modified":"2026-04-05T01:31:10","modified_gmt":"2026-04-05T00:31:10","slug":"sm-tool-005-belt-welding-clamp","status":"publish","type":"product","link":"https:\/\/strikemaker.com\/hu\/product\/sm-tool-005-belt-welding-clamp\/","title":{"rendered":"SM-TOOL-005 Belt Welding Clamp"},"content":{"rendered":"<p>Ez a szersz\u00e1m nagyobb, mint az eredeti, \u00edgy k\u00f6nnyebb\u00edt\u00ed a Polycord \u00f6sszeilleszt\u00e9s\u00e9t.<\/p>\n","protected":false},"excerpt":{"rendered":"<p>SM-TOOL-005 Belt Welding Clamp<\/p>\n","protected":false},"featured_media":1554685,"comment_status":"closed","ping_status":"closed","template":"","meta":{"_acf_changed":false,"_et_pb_use_builder":"","_et_pb_old_content":"","_et_gb_content_width":""},"product_brand":[],"product_cat":[3306],"product_tag":[],"class_list":{"0":"post-1652257","1":"product","2":"type-product","3":"status-publish","4":"has-post-thumbnail","6":"product_cat-22-hu","8":"first","9":"instock","10":"shipping-taxable","11":"product-type-simple"},"acf":[],"_links":{"self":[{"href":"https:\/\/strikemaker.com\/hu\/wp-json\/wp\/v2\/product\/1652257","targetHints":{"allow":["GET"]}}],"collection":[{"href":"https:\/\/strikemaker.com\/hu\/wp-json\/wp\/v2\/product"}],"about":[{"href":"https:\/\/strikemaker.com\/hu\/wp-json\/wp\/v2\/types\/product"}],"replies":[{"embeddable":true,"href":"https:\/\/strikemaker.com\/hu\/wp-json\/wp\/v2\/comments?post=1652257"}],"wp:featuredmedia":[{"embeddable":true,"href":"https:\/\/strikemaker.com\/hu\/wp-json\/wp\/v2\/media\/1554685"}],"wp:attachment":[{"href":"https:\/\/strikemaker.com\/hu\/wp-json\/wp\/v2\/media?parent=1652257"}],"wp:term":[{"taxonomy":"product_brand","embeddable":true,"href":"https:\/\/strikemaker.com\/hu\/wp-json\/wp\/v2\/product_brand?post=1652257"},{"taxonomy":"product_cat","embeddable":true,"href":"https:\/\/strikemaker.com\/hu\/wp-json\/wp\/v2\/product_cat?post=1652257"},{"taxonomy":"product_tag","embeddable":true,"href":"https:\/\/strikemaker.com\/hu\/wp-json\/wp\/v2\/product_tag?post=1652257"}],"curies":[{"name":"wp","href":"https:\/\/api.w.org\/{rel}","templated":true}]}}