{"id":1618305,"date":"2024-12-02T21:22:29","date_gmt":"2024-12-02T20:22:29","guid":{"rendered":"https:\/\/strikemaker.com\/ueber-uns\/"},"modified":"2024-12-02T21:24:28","modified_gmt":"2024-12-02T20:24:28","slug":"chi-siamo","status":"publish","type":"page","link":"https:\/\/strikemaker.com\/it\/chi-siamo\/","title":{"rendered":"Chi siamo"},"content":{"rendered":"<p><strong>STRIKE MAKER &#8211; UNA STORIA DI SUCCESSO EUROPEA!<\/strong><\/p>\n<p>Quello che \u00e8 iniziato in Germania nel 1999 con la vendita di grappa in bottiglie di spilli \u00e8 diventato in pochi anni il fornitore europeo di servizi completi per i centri bowling. Oggi Strike Maker \u00e8 il partner dei centri bowling.<\/p>\n<p><strong>Che si tratti di bottiglie di liquore, scarpe a noleggio o detergenti per piste.<\/strong><br \/>  Forniamo tutto per il tuo centro bowling!  <\/p>\n<p><strong>Che si tratti di pezzi di ricambio o di assistenza tecnica.<\/strong><br \/>  Ci assicuriamo che i tuoi binari siano in funzione!  <\/p>\n<p><strong>Sia che si tratti di ristrutturazioni che di nuove costruzioni.<\/strong><br \/>  Forniamo consulenza e mediazione su pinsetters nuovi e usati!  <\/p>\n<p>Il servizio di assistenza telefonica, la disponibilit\u00e0 e la rapidit\u00e0 di consegna sono per noi una cosa ovvia.<\/p>\n<p><strong>STRIKE MAKER &#8211; IL TUO PARTNER PER IL BOWLING!<\/strong><br \/>  Dall&#8217;estate 2010 \u00e8 anche il tuo partner per i ricambi di alta qualit\u00e0 della GS Pinsetter.  <\/p>\n<p>Tutti i prodotti che offriamo sono sviluppati, testati e costantemente migliorati internamente. I nostri clienti hanno quindi la garanzia di ricevere il meglio in termini di prezzo, qualit\u00e0 e funzionalit\u00e0.<\/p>\n<p>Ancora oggi, Strike Maker \u00e8 al 100% nelle mani dei proprietari, che lavorano costantemente per migliorare i loro prodotti e sviluppare nuovi articoli.<\/p>\n","protected":false},"excerpt":{"rendered":"<p>STRIKE MAKER &#8211; UNA STORIA DI SUCCESSO EUROPEA! Quello che \u00e8 iniziato in Germania nel 1999 con la vendita di grappa in bottiglie di spilli \u00e8 diventato in pochi anni il fornitore europeo di servizi completi per i centri bowling. Oggi Strike Maker \u00e8 il partner dei centri bowling. Che si tratti di bottiglie di [&hellip;]<\/p>\n","protected":false},"author":3,"featured_media":0,"parent":0,"menu_order":0,"comment_status":"closed","ping_status":"closed","template":"content-centered-template.php","meta":{"_acf_changed":false,"_et_pb_use_builder":"off","_et_pb_old_content":"","_et_gb_content_width":"","footnotes":""},"class_list":["post-1618305","page","type-page","status-publish","hentry"],"acf":[],"_links":{"self":[{"href":"https:\/\/strikemaker.com\/it\/wp-json\/wp\/v2\/pages\/1618305","targetHints":{"allow":["GET"]}}],"collection":[{"href":"https:\/\/strikemaker.com\/it\/wp-json\/wp\/v2\/pages"}],"about":[{"href":"https:\/\/strikemaker.com\/it\/wp-json\/wp\/v2\/types\/page"}],"author":[{"embeddable":true,"href":"https:\/\/strikemaker.com\/it\/wp-json\/wp\/v2\/users\/3"}],"replies":[{"embeddable":true,"href":"https:\/\/strikemaker.com\/it\/wp-json\/wp\/v2\/comments?post=1618305"}],"version-history":[{"count":1,"href":"https:\/\/strikemaker.com\/it\/wp-json\/wp\/v2\/pages\/1618305\/revisions"}],"predecessor-version":[{"id":1618313,"href":"https:\/\/strikemaker.com\/it\/wp-json\/wp\/v2\/pages\/1618305\/revisions\/1618313"}],"wp:attachment":[{"href":"https:\/\/strikemaker.com\/it\/wp-json\/wp\/v2\/media?parent=1618305"}],"curies":[{"name":"wp","href":"https:\/\/api.w.org\/{rel}","templated":true}]}}