{"id":1619085,"date":"2024-12-03T09:19:20","date_gmt":"2024-12-03T08:19:20","guid":{"rendered":"https:\/\/strikemaker.com\/casa\/"},"modified":"2025-01-21T15:22:10","modified_gmt":"2025-01-21T14:22:10","slug":"casa","status":"publish","type":"page","link":"https:\/\/strikemaker.com\/it\/","title":{"rendered":"Casa"},"content":{"rendered":"<p>[et_pb_section fb_built=&#8221;1&#8243; fullwidth=&#8221;on&#8221; _builder_version=&#8221;4.27.2&#8243; _module_preset=&#8221;default&#8221; global_colors_info=&#8221;{}&#8221;][et_pb_fullwidth_slider show_arrows=&#8221;off&#8221; module_class=&#8221;hero-banner&#8221; _builder_version=&#8221;4.27.0&#8243; _module_preset=&#8221;default&#8221; header_text_align=&#8221;center&#8221; body_text_align=&#8221;center&#8221; height=&#8221;362px&#8221; hover_enabled=&#8221;0&#8243; global_colors_info=&#8221;{}&#8221; dot_nav_custom_color__hover_enabled=&#8221;on|hover&#8221; sticky_enabled=&#8221;0&#8243;][et_pb_slide image=&#8221;https:\/\/strikemaker.com\/wp-content\/uploads\/2024\/12\/strikemaker-logo-home-slider-IT-3.png&#8221; image_tablet=&#8221;https:\/\/strikemaker.com\/wp-content\/uploads\/2024\/12\/strikemaker-logo-home-slider-IT-3.png&#8221; image_phone=&#8221;https:\/\/strikemaker.com\/wp-content\/uploads\/2024\/12\/strikemaker-logo-home-slider-IT-3.png&#8221; image_last_edited=&#8221;on|phone&#8221; _builder_version=&#8221;4.27.0&#8243; _module_preset=&#8221;default&#8221; background_color=&#8221;RGBA(255,255,255,0)&#8221; background_enable_color=&#8221;on&#8221; background_image=&#8221;\/wp-content\/themes\/CM-DiviChildTheme\/images\/strikemaker-hero-banner.jpg&#8221; background_enable_image=&#8221;on&#8221; hover_enabled=&#8221;0&#8243; global_colors_info=&#8221;{}&#8221; sticky_transition=&#8221;on&#8221; title_text=&#8221;strikemaker-logo-home-slider&#8221; sticky_enabled=&#8221;0&#8243;][\/et_pb_slide][et_pb_slide image=&#8221;https:\/\/strikemaker.com\/wp-content\/uploads\/2024\/12\/strikemaker-logo-home-slider-IT-3.png&#8221; _builder_version=&#8221;4.27.0&#8243; _module_preset=&#8221;default&#8221; background_color=&#8221;RGBA(255,255,255,0)&#8221; background_enable_color=&#8221;on&#8221; background_image=&#8221;\/wp-content\/themes\/CM-DiviChildTheme\/images\/strikemaker-hero-banner.jpg&#8221; background_enable_image=&#8221;on&#8221; global_colors_info=&#8221;{}&#8221; sticky_transition=&#8221;on&#8221;][\/et_pb_slide][et_pb_slide image=&#8221;https:\/\/strikemaker.com\/wp-content\/uploads\/2024\/12\/strikemaker-logo-home-slider-IT-3.png&#8221; _builder_version=&#8221;4.27.0&#8243; _module_preset=&#8221;default&#8221; background_color=&#8221;RGBA(255,255,255,0)&#8221; background_enable_color=&#8221;on&#8221; background_image=&#8221;\/wp-content\/themes\/CM-DiviChildTheme\/images\/strikemaker-hero-banner.jpg&#8221; background_enable_image=&#8221;on&#8221; global_colors_info=&#8221;{}&#8221; sticky_transition=&#8221;on&#8221;][\/et_pb_slide][et_pb_slide image=&#8221;https:\/\/strikemaker.com\/wp-content\/uploads\/2024\/12\/strikemaker-logo-home-slider-IT-3.png&#8221; _builder_version=&#8221;4.27.0&#8243; _module_preset=&#8221;default&#8221; background_color=&#8221;RGBA(255,255,255,0)&#8221; background_enable_color=&#8221;on&#8221; background_image=&#8221;\/wp-content\/themes\/CM-DiviChildTheme\/images\/strikemaker-hero-banner.jpg&#8221; background_enable_image=&#8221;on&#8221; global_colors_info=&#8221;{}&#8221; sticky_transition=&#8221;on&#8221;][\/et_pb_slide][\/et_pb_fullwidth_slider][\/et_pb_section][et_pb_section fb_built=&#8221;1&#8243; admin_label=&#8221;Section&#8221; _builder_version=&#8221;4.27.2&#8243; _module_preset=&#8221;default&#8221; background_color=&#8221;#FFFFFF&#8221; custom_padding=&#8221;0px|0px|0px|0px|false|false&#8221; global_colors_info=&#8221;{}&#8221;][et_pb_row custom_padding_last_edited=&#8221;on|phone&#8221; _builder_version=&#8221;4.27.2&#8243; _module_preset=&#8221;default&#8221; width_tablet=&#8221;&#8221; width_phone=&#8221;&#8221; width_last_edited=&#8221;on|phone&#8221; max_width=&#8221;720px&#8221; max_width_tablet=&#8221;720px&#8221; max_width_phone=&#8221;720px&#8221; max_width_last_edited=&#8221;on|phone&#8221; custom_padding=&#8221;50px|0px|50px|0px|false|false&#8221; custom_padding_tablet=&#8221;|50px||50px|false|true&#8221; custom_padding_phone=&#8221;|50px|35px|50px|false|true&#8221; global_colors_info=&#8221;{}&#8221;][et_pb_column type=&#8221;4_4&#8243; _builder_version=&#8221;4.27.2&#8243; _module_preset=&#8221;default&#8221; global_colors_info=&#8221;{}&#8221;][et_pb_heading title=&#8221;UNA STORIA DI SUCCESSO EUROPEO&#8221; admin_label=&#8221;EINE EUROP\u00c4ISCHE ERFOLGSGESCHICHTE&#8221; _builder_version=&#8221;4.27.0&#8243; _module_preset=&#8221;db064961-f822-4ca1-8b85-eafda77a08fb&#8221; title_font=&#8221;&#8211;et_global_heading_font|600|||||||&#8221; title_text_align=&#8221;center&#8221; title_font_size=&#8221;28px&#8221; custom_margin=&#8221;20px||||false|false&#8221; global_colors_info=&#8221;{}&#8221;][\/et_pb_heading][et_pb_text admin_label=&#8221;Text 1&#8243; _builder_version=&#8221;4.27.0&#8243; _module_preset=&#8221;default&#8221; text_font=&#8221;|&#8211;et_global_body_font_weight|||||||&#8221; text_font_size=&#8221;18px&#8221; module_alignment=&#8221;center&#8221; custom_margin=&#8221;||50px||false|false&#8221; global_colors_info=&#8221;{}&#8221;]<\/p>\n<p style=\"text-align: center;\">Abbiamo avuto umili origini a Monaco di Baviera, in Germania, nel 1999, dove abbiamo venduto per la prima volta liquori in bottiglie a penna, il che significa che le nostre radici provengono dal bere.<br \/>\nNel corso degli anni siamo diventati pi\u00f9 saggi, ci siamo concentrati meno sul bere e abbiamo iniziato ad ascoltare meglio i nostri clienti.<br \/>\nSulla base dei problemi e delle esperienze quotidiane di centinaia di gestori di centri, abbiamo iniziato a sviluppare nuove idee e tecnologie per supportare i centri bowling nel loro lavoro quotidiano.<br \/>\nOggi, con oltre 2.500 clienti in tutto il mondo, STRIKE MAKER \u00e8 diventato un fornitore globale di servizi completi per i centri bowling.<\/p>\n<p>[\/et_pb_text][et_pb_divider color=&#8221;gcid-78477db1-71b7-4c2b-8efd-d8a163b509f1&#8243; divider_weight=&#8221;4px&#8221; _builder_version=&#8221;4.27.2&#8243; _module_preset=&#8221;default&#8221; max_width=&#8221;400px&#8221; module_alignment=&#8221;center&#8221; custom_margin=&#8221;||0px||false|false&#8221; custom_padding=&#8221;0px||0px||false|false&#8221; global_colors_info=&#8221;{%22gcid-78477db1-71b7-4c2b-8efd-d8a163b509f1%22:%91%22color%22%93}&#8221;][\/et_pb_divider][et_pb_heading title=&#8221;Perni da bowling, scarpe a noleggio e manutenzione delle corsie&#8221; admin_label=&#8221;Bowling Pins, Leihschuhe &#038; Bahnpflege&#8221; _builder_version=&#8221;4.27.0&#8243; _module_preset=&#8221;db064961-f822-4ca1-8b85-eafda77a08fb&#8221; title_font=&#8221;&#8211;et_global_heading_font|600|||||||&#8221; title_text_align=&#8221;center&#8221; title_font_size=&#8221;28px&#8221; custom_margin=&#8221;20px||||false|false&#8221; global_colors_info=&#8221;{}&#8221;][\/et_pb_heading][et_pb_text admin_label=&#8221;Text 2&#8243; _builder_version=&#8221;4.27.0&#8243; _module_preset=&#8221;default&#8221; text_font=&#8221;|&#8211;et_global_body_font_weight|||||||&#8221; text_font_size=&#8221;18px&#8221; module_alignment=&#8221;center&#8221; custom_margin=&#8221;||50px||false|false&#8221; global_colors_info=&#8221;{}&#8221;]<\/p>\n<p style=\"text-align: center;\">Siamo leader nel mercato e vi supportiamo nel lavoro quotidiano del vostro centro bowling.<\/p>\n<p>[\/et_pb_text][et_pb_divider color=&#8221;gcid-78477db1-71b7-4c2b-8efd-d8a163b509f1&#8243; divider_weight=&#8221;4px&#8221; admin_label=&#8221;Divider&#8221; _builder_version=&#8221;4.27.2&#8243; _module_preset=&#8221;default&#8221; max_width=&#8221;400px&#8221; module_alignment=&#8221;center&#8221; custom_margin=&#8221;||0px||false|false&#8221; custom_padding=&#8221;0px||0px||false|false&#8221; global_colors_info=&#8221;{%22gcid-78477db1-71b7-4c2b-8efd-d8a163b509f1%22:%91%22color%22%93}&#8221;][\/et_pb_divider][et_pb_heading title=&#8221;Ricambi per pin setter Brunswick GS\u00ae e assistenza tecnica&#8221; admin_label=&#8221;Ersatzteile f\u00fcr Brunswick GS\u00ae Pin Setter und technischer Service&#8221; _builder_version=&#8221;4.27.0&#8243; _module_preset=&#8221;db064961-f822-4ca1-8b85-eafda77a08fb&#8221; title_font=&#8221;&#8211;et_global_heading_font|600|||||||&#8221; title_text_align=&#8221;center&#8221; title_font_size=&#8221;28px&#8221; custom_margin=&#8221;20px||||false|false&#8221; global_colors_info=&#8221;{}&#8221;][\/et_pb_heading][et_pb_text admin_label=&#8221;Text 3&#8243; _builder_version=&#8221;4.27.0&#8243; _module_preset=&#8221;default&#8221; text_font=&#8221;|&#8211;et_global_body_font_weight|||||||&#8221; text_font_size=&#8221;18px&#8221; module_alignment=&#8221;center&#8221; custom_margin=&#8221;||50px||false|false&#8221; global_colors_info=&#8221;{}&#8221;]<\/p>\n<p style=\"text-align: center;\">Ci assicuriamo che i vostri pin setter funzionino in modo fluido ed efficiente.<br \/>\nOffriamo solo ricambi di alta qualit\u00e0 prodotti in Germania.<\/p>\n<p>[\/et_pb_text][et_pb_divider color=&#8221;gcid-78477db1-71b7-4c2b-8efd-d8a163b509f1&#8243; divider_weight=&#8221;4px&#8221; admin_label=&#8221;Divider&#8221; _builder_version=&#8221;4.27.2&#8243; _module_preset=&#8221;default&#8221; max_width=&#8221;400px&#8221; module_alignment=&#8221;center&#8221; custom_margin=&#8221;||0px||false|false&#8221; custom_padding=&#8221;0px||0px||false|false&#8221; global_colors_info=&#8221;{%22gcid-78477db1-71b7-4c2b-8efd-d8a163b509f1%22:%91%22color%22%93}&#8221;][\/et_pb_divider][et_pb_heading title=&#8221; Modernizzazione o nuovi progetti.&#8221; admin_label=&#8221;Modernisierung oder neue Projekte.&#8221; _builder_version=&#8221;4.27.0&#8243; _module_preset=&#8221;db064961-f822-4ca1-8b85-eafda77a08fb&#8221; title_font=&#8221;&#8211;et_global_heading_font|600|||||||&#8221; title_text_align=&#8221;center&#8221; title_font_size=&#8221;28px&#8221; custom_margin=&#8221;20px||||false|false&#8221; global_colors_info=&#8221;{}&#8221;][\/et_pb_heading][et_pb_text admin_label=&#8221;Text 4&#8243; _builder_version=&#8221;4.27.0&#8243; _module_preset=&#8221;default&#8221; text_font=&#8221;|&#8211;et_global_body_font_weight|||||||&#8221; text_font_size=&#8221;18px&#8221; module_alignment=&#8221;center&#8221; custom_margin=&#8221;||50px||false|false&#8221; global_colors_info=&#8221;{}&#8221;]<\/p>\n<p style=\"text-align: center;\">STRIKE MAKER \u00e8 ancora gestita e amministrata dai due fondatori.<br \/>\nIl nostro team globale si impegna a fornire la migliore qualit\u00e0, prezzi equi e un alto livello di servizio ogni giorno.<br \/>\nSTRIKE MAKER \u00e8 ancora oggi gestita e di propriet\u00e0 dei due fondatori.<br \/>\nGiorno dopo giorno, il nostro team globale si impegna a fornire prodotti della migliore qualit\u00e0, i prezzi pi\u00f9 equi e il miglior servizio.<br \/>\nIl nostro obiettivo \u00e8 rendere la vita dei nostri clienti pi\u00f9 facile e le loro attivit\u00e0 pi\u00f9 redditizie.<\/p>\n<p style=\"text-align: center;\">Oltre 2.500 centri bowling si affidano ai nostri prodotti.<br \/>\nE voi?<\/p>\n<p>[\/et_pb_text][et_pb_divider color=&#8221;gcid-78477db1-71b7-4c2b-8efd-d8a163b509f1&#8243; divider_weight=&#8221;4px&#8221; admin_label=&#8221;Divider&#8221; _builder_version=&#8221;4.27.2&#8243; _module_preset=&#8221;default&#8221; max_width=&#8221;400px&#8221; module_alignment=&#8221;center&#8221; custom_margin=&#8221;||0px||false|false&#8221; custom_padding=&#8221;0px||0px||false|false&#8221; global_colors_info=&#8221;{%22gcid-78477db1-71b7-4c2b-8efd-d8a163b509f1%22:%91%22color%22%93}&#8221;][\/et_pb_divider][et_pb_heading title=&#8221;STRIKE MAKER: IL MIGLIOR PARTNER PER LA VOSTRA ATTIVIT\u00c0 DI BOWLING!&#8221; admin_label=&#8221;STRIKE MAKER: DER BESTE PARTNER F\u00dcR IHR BOWLING-GESCH\u00c4FT!&#8221; _builder_version=&#8221;4.27.0&#8243; _module_preset=&#8221;db064961-f822-4ca1-8b85-eafda77a08fb&#8221; title_font=&#8221;&#8211;et_global_heading_font|600|||||||&#8221; title_text_align=&#8221;center&#8221; title_font_size=&#8221;28px&#8221; custom_margin=&#8221;20px||||false|false&#8221; custom_padding=&#8221;||0px||false|false&#8221; global_colors_info=&#8221;{}&#8221;][\/et_pb_heading][\/et_pb_column][\/et_pb_row][\/et_pb_section][et_pb_section fb_built=&#8221;1&#8243; _builder_version=&#8221;4.27.2&#8243; _module_preset=&#8221;default&#8221; global_colors_info=&#8221;{}&#8221;][et_pb_row _builder_version=&#8221;4.27.2&#8243; _module_preset=&#8221;default&#8221; global_colors_info=&#8221;{}&#8221;][et_pb_column type=&#8221;4_4&#8243; _builder_version=&#8221;4.27.2&#8243; _module_preset=&#8221;default&#8221; global_colors_info=&#8221;{}&#8221;][et_pb_heading title=&#8221; I nostri prodotti&#8221; admin_label=&#8221;Heading&#8221; _builder_version=&#8221;4.27.0&#8243; _module_preset=&#8221;db064961-f822-4ca1-8b85-eafda77a08fb&#8221; title_font=&#8221;&#8211;et_global_heading_font|&#8211;et_global_heading_font_weight|||||||&#8221; custom_padding=&#8221;50px||||false|false&#8221; global_colors_info=&#8221;{}&#8221;][\/et_pb_heading][et_pb_code _builder_version=&#8221;4.27.2&#8243; _module_preset=&#8221;default&#8221; global_colors_info=&#8221;{}&#8221;]<div class=\"woocommerce\"><ul class=\"products product-category-list\"><li class=\"product-category product\"><a aria-label=\"Produktkategorie Werbemittel besuchen\" href=\"https:\/\/strikemaker.com\/it\/produkt-kategorie\/4-it\/\"><img decoding=\"async\" width=\"300\" height=\"275\" data-src=\"https:\/\/strikemaker.com\/wp-content\/uploads\/sm\/images\/category\/4\/Group-82@2x-300x275.jpg\" class=\"attachment-medium size-medium lazyload\" alt=\"\" src=\"data:image\/svg+xml;base64,PHN2ZyB3aWR0aD0iMSIgaGVpZ2h0PSIxIiB4bWxucz0iaHR0cDovL3d3dy53My5vcmcvMjAwMC9zdmciPjwvc3ZnPg==\" style=\"--smush-placeholder-width: 300px; --smush-placeholder-aspect-ratio: 300\/275;\" \/><\/a><h2 class=\"category-title\"><a aria-label=\"Produktkategorie Werbemittel besuchen\" href=\"https:\/\/strikemaker.com\/it\/produkt-kategorie\/4-it\/\">Pezzi di ricambio BRUNSWICK serie GS<\/a><\/h2><\/li><li class=\"product-category product\"><a aria-label=\"Produktkategorie Werbemittel besuchen\" href=\"https:\/\/strikemaker.com\/it\/produkt-kategorie\/3-it\/34-it\/\"><img decoding=\"async\" width=\"300\" height=\"275\" data-src=\"https:\/\/strikemaker.com\/wp-content\/uploads\/sm\/images\/category\/34\/Group-84@2x-1-300x275.jpg\" class=\"attachment-medium size-medium lazyload\" alt=\"\" src=\"data:image\/svg+xml;base64,PHN2ZyB3aWR0aD0iMSIgaGVpZ2h0PSIxIiB4bWxucz0iaHR0cDovL3d3dy53My5vcmcvMjAwMC9zdmciPjwvc3ZnPg==\" style=\"--smush-placeholder-width: 300px; --smush-placeholder-aspect-ratio: 300\/275;\" \/><\/a><h2 class=\"category-title\"><a aria-label=\"Produktkategorie Werbemittel besuchen\" href=\"https:\/\/strikemaker.com\/it\/produkt-kategorie\/3-it\/34-it\/\">Scarpe da noleggio<\/a><\/h2><\/li><li class=\"product-category product\"><a aria-label=\"Produktkategorie Werbemittel besuchen\" href=\"https:\/\/strikemaker.com\/it\/produkt-kategorie\/7-it\/\"><img decoding=\"async\" width=\"300\" height=\"275\" data-src=\"https:\/\/strikemaker.com\/wp-content\/uploads\/sm\/images\/category\/7\/Group-86@2x-300x275.jpg\" class=\"attachment-medium size-medium lazyload\" alt=\"\" src=\"data:image\/svg+xml;base64,PHN2ZyB3aWR0aD0iMSIgaGVpZ2h0PSIxIiB4bWxucz0iaHR0cDovL3d3dy53My5vcmcvMjAwMC9zdmciPjwvc3ZnPg==\" style=\"--smush-placeholder-width: 300px; --smush-placeholder-aspect-ratio: 300\/275;\" \/><\/a><h2 class=\"category-title\"><a aria-label=\"Produktkategorie Werbemittel besuchen\" href=\"https:\/\/strikemaker.com\/it\/produkt-kategorie\/7-it\/\">Birilli<\/a><\/h2><\/li><li class=\"product-category product\"><a aria-label=\"Produktkategorie Werbemittel besuchen\" href=\"https:\/\/strikemaker.com\/it\/produkt-kategorie\/5-it\/\"><img decoding=\"async\" width=\"300\" height=\"275\" data-src=\"https:\/\/strikemaker.com\/wp-content\/uploads\/sm\/images\/category\/5\/Group-85@2x-300x275.jpg\" class=\"attachment-medium size-medium lazyload\" alt=\"\" src=\"data:image\/svg+xml;base64,PHN2ZyB3aWR0aD0iMSIgaGVpZ2h0PSIxIiB4bWxucz0iaHR0cDovL3d3dy53My5vcmcvMjAwMC9zdmciPjwvc3ZnPg==\" style=\"--smush-placeholder-width: 300px; --smush-placeholder-aspect-ratio: 300\/275;\" \/><\/a><h2 class=\"category-title\"><a aria-label=\"Produktkategorie Werbemittel besuchen\" href=\"https:\/\/strikemaker.com\/it\/produkt-kategorie\/5-it\/\">Bocce Open<\/a><\/h2><\/li><li class=\"product-category product\"><a aria-label=\"Produktkategorie Werbemittel besuchen\" href=\"https:\/\/strikemaker.com\/it\/produkt-kategorie\/3-it\/16-it\/\"><img decoding=\"async\" width=\"300\" height=\"275\" data-src=\"https:\/\/strikemaker.com\/wp-content\/uploads\/sm\/images\/category\/16\/Group-83@2x-300x275.jpg\" class=\"attachment-medium size-medium lazyload\" alt=\"\" src=\"data:image\/svg+xml;base64,PHN2ZyB3aWR0aD0iMSIgaGVpZ2h0PSIxIiB4bWxucz0iaHR0cDovL3d3dy53My5vcmcvMjAwMC9zdmciPjwvc3ZnPg==\" style=\"--smush-placeholder-width: 300px; --smush-placeholder-aspect-ratio: 300\/275;\" \/><\/a><h2 class=\"category-title\"><a aria-label=\"Produktkategorie Werbemittel besuchen\" href=\"https:\/\/strikemaker.com\/it\/produkt-kategorie\/3-it\/16-it\/\">Accessori,disinfettanti,calze,stringhe ecc...<\/a><\/h2><\/li><li class=\"product-category product\"><a aria-label=\"Produktkategorie Werbemittel besuchen\" href=\"https:\/\/strikemaker.com\/it\/produkt-kategorie\/6-it\/19-it\/\"><img decoding=\"async\" width=\"300\" height=\"275\" data-src=\"https:\/\/strikemaker.com\/wp-content\/uploads\/sm\/images\/category\/19\/Group-87@2x-300x275.jpg\" class=\"attachment-medium size-medium lazyload\" alt=\"\" src=\"data:image\/svg+xml;base64,PHN2ZyB3aWR0aD0iMSIgaGVpZ2h0PSIxIiB4bWxucz0iaHR0cDovL3d3dy53My5vcmcvMjAwMC9zdmciPjwvc3ZnPg==\" style=\"--smush-placeholder-width: 300px; --smush-placeholder-aspect-ratio: 300\/275;\" \/><\/a><h2 class=\"category-title\"><a aria-label=\"Produktkategorie Werbemittel besuchen\" href=\"https:\/\/strikemaker.com\/it\/produkt-kategorie\/6-it\/19-it\/\">Birilli peluche<\/a><\/h2><\/li><li class=\"product-category product\"><a aria-label=\"Produktkategorie Werbemittel besuchen\" href=\"https:\/\/strikemaker.com\/it\/produkt-kategorie\/4-it\/22-it\/\"><img decoding=\"async\" width=\"300\" height=\"275\" data-src=\"https:\/\/strikemaker.com\/wp-content\/uploads\/sm\/images\/category\/22\/sm-SPEZIAL_Rechteckig-300x275.jpg\" class=\"attachment-medium size-medium lazyload\" alt=\"\" src=\"data:image\/svg+xml;base64,PHN2ZyB3aWR0aD0iMSIgaGVpZ2h0PSIxIiB4bWxucz0iaHR0cDovL3d3dy53My5vcmcvMjAwMC9zdmciPjwvc3ZnPg==\" style=\"--smush-placeholder-width: 300px; --smush-placeholder-aspect-ratio: 300\/275;\" \/><\/a><h2 class=\"category-title\"><a aria-label=\"Produktkategorie Werbemittel besuchen\" href=\"https:\/\/strikemaker.com\/it\/produkt-kategorie\/4-it\/22-it\/\">Parti speciali, Utensili<\/a><\/h2><\/li><li class=\"product-category product\"><a aria-label=\"Produktkategorie Werbemittel besuchen\" href=\"https:\/\/strikemaker.com\/it\/produkt-kategorie\/8-it\/\"><img decoding=\"async\" width=\"300\" height=\"275\" data-src=\"https:\/\/strikemaker.com\/wp-content\/uploads\/sm\/images\/category\/8\/Group-88@2x-300x275.jpg\" class=\"attachment-medium size-medium lazyload\" alt=\"\" src=\"data:image\/svg+xml;base64,PHN2ZyB3aWR0aD0iMSIgaGVpZ2h0PSIxIiB4bWxucz0iaHR0cDovL3d3dy53My5vcmcvMjAwMC9zdmciPjwvc3ZnPg==\" style=\"--smush-placeholder-width: 300px; --smush-placeholder-aspect-ratio: 300\/275;\" \/><\/a><h2 class=\"category-title\"><a aria-label=\"Produktkategorie Werbemittel besuchen\" href=\"https:\/\/strikemaker.com\/it\/produkt-kategorie\/8-it\/\">Bottigliette liquore - STRIKE MAKER 4cl<\/a><\/h2><\/li><li class=\"product-category product\"><a aria-label=\"Produktkategorie Werbemittel besuchen\" href=\"https:\/\/strikemaker.com\/it\/produkt-kategorie\/9-it\/\"><img decoding=\"async\" width=\"300\" height=\"275\" data-src=\"https:\/\/strikemaker.com\/wp-content\/uploads\/sm\/images\/category\/9\/Group-91@2x-300x275.jpg\" class=\"attachment-medium size-medium lazyload\" alt=\"\" src=\"data:image\/svg+xml;base64,PHN2ZyB3aWR0aD0iMSIgaGVpZ2h0PSIxIiB4bWxucz0iaHR0cDovL3d3dy53My5vcmcvMjAwMC9zdmciPjwvc3ZnPg==\" style=\"--smush-placeholder-width: 300px; --smush-placeholder-aspect-ratio: 300\/275;\" \/><\/a><h2 class=\"category-title\"><a aria-label=\"Produktkategorie Werbemittel besuchen\" href=\"https:\/\/strikemaker.com\/it\/produkt-kategorie\/9-it\/\">Manutenzione piste<\/a><\/h2><\/li><li class=\"product-category product\"><a aria-label=\"Produktkategorie Werbemittel besuchen\" href=\"https:\/\/strikemaker.com\/it\/produkt-kategorie\/6-it\/\"><img decoding=\"async\" width=\"300\" height=\"275\" data-src=\"https:\/\/strikemaker.com\/wp-content\/uploads\/sm\/images\/category\/6\/Group-90@2x-300x275.jpg\" class=\"attachment-medium size-medium lazyload\" alt=\"\" src=\"data:image\/svg+xml;base64,PHN2ZyB3aWR0aD0iMSIgaGVpZ2h0PSIxIiB4bWxucz0iaHR0cDovL3d3dy53My5vcmcvMjAwMC9zdmciPjwvc3ZnPg==\" style=\"--smush-placeholder-width: 300px; --smush-placeholder-aspect-ratio: 300\/275;\" \/><\/a><h2 class=\"category-title\"><a aria-label=\"Produktkategorie Werbemittel besuchen\" href=\"https:\/\/strikemaker.com\/it\/produkt-kategorie\/6-it\/\">PRO SHOP<\/a><\/h2><\/li><li class=\"product-category product\"><a aria-label=\"Produktkategorie Werbemittel besuchen\" href=\"https:\/\/strikemaker.com\/it\/produkt-kategorie\/14-it\/\"><img decoding=\"async\" width=\"300\" height=\"275\" data-src=\"https:\/\/strikemaker.com\/wp-content\/uploads\/sm\/images\/category\/14\/sm-PRIVAT_Rechteckig-300x275.jpg\" class=\"attachment-medium size-medium lazyload\" alt=\"\" src=\"data:image\/svg+xml;base64,PHN2ZyB3aWR0aD0iMSIgaGVpZ2h0PSIxIiB4bWxucz0iaHR0cDovL3d3dy53My5vcmcvMjAwMC9zdmciPjwvc3ZnPg==\" style=\"--smush-placeholder-width: 300px; --smush-placeholder-aspect-ratio: 300\/275;\" \/><\/a><h2 class=\"category-title\"><a aria-label=\"Produktkategorie Werbemittel besuchen\" href=\"https:\/\/strikemaker.com\/it\/produkt-kategorie\/14-it\/\">Privat Label<\/a><\/h2><\/li><li class=\"product-category product\"><a aria-label=\"Produktkategorie Werbemittel besuchen\" href=\"https:\/\/strikemaker.com\/it\/produkt-kategorie\/10-it\/\"><img decoding=\"async\" width=\"300\" height=\"275\" data-src=\"https:\/\/strikemaker.com\/wp-content\/uploads\/sm\/images\/category\/10\/sm-BUMPER_Rechteckig-300x275.jpg\" class=\"attachment-medium size-medium lazyload\" alt=\"\" src=\"data:image\/svg+xml;base64,PHN2ZyB3aWR0aD0iMSIgaGVpZ2h0PSIxIiB4bWxucz0iaHR0cDovL3d3dy53My5vcmcvMjAwMC9zdmciPjwvc3ZnPg==\" style=\"--smush-placeholder-width: 300px; --smush-placeholder-aspect-ratio: 300\/275;\" \/><\/a><h2 class=\"category-title\"><a aria-label=\"Produktkategorie Werbemittel besuchen\" href=\"https:\/\/strikemaker.com\/it\/produkt-kategorie\/10-it\/\">Bumpers<\/a><\/h2><\/li><\/ul><\/div><div class=\"text-center mt-50\"><a class=\"btn\" href=\"https:\/\/strikemaker.com\/it\/negozio\/\">Sfoglia le categorie<\/a><\/div>[\/et_pb_code][\/et_pb_column][\/et_pb_row][\/et_pb_section]<\/p>\n","protected":false},"excerpt":{"rendered":"<p>Abbiamo avuto umili origini a Monaco di Baviera, in Germania, nel 1999, dove abbiamo venduto per la prima volta liquori in bottiglie a penna, il che significa che le nostre radici provengono dal bere. Nel corso degli anni siamo diventati pi\u00f9 saggi, ci siamo concentrati meno sul bere e abbiamo iniziato ad ascoltare meglio i [&hellip;]<\/p>\n","protected":false},"author":3,"featured_media":0,"parent":0,"menu_order":0,"comment_status":"closed","ping_status":"closed","template":"","meta":{"_acf_changed":false,"_et_pb_use_builder":"on","_et_pb_old_content":"","_et_gb_content_width":"","footnotes":""},"class_list":["post-1619085","page","type-page","status-publish","hentry"],"acf":[],"_links":{"self":[{"href":"https:\/\/strikemaker.com\/it\/wp-json\/wp\/v2\/pages\/1619085","targetHints":{"allow":["GET"]}}],"collection":[{"href":"https:\/\/strikemaker.com\/it\/wp-json\/wp\/v2\/pages"}],"about":[{"href":"https:\/\/strikemaker.com\/it\/wp-json\/wp\/v2\/types\/page"}],"author":[{"embeddable":true,"href":"https:\/\/strikemaker.com\/it\/wp-json\/wp\/v2\/users\/3"}],"replies":[{"embeddable":true,"href":"https:\/\/strikemaker.com\/it\/wp-json\/wp\/v2\/comments?post=1619085"}],"version-history":[{"count":79,"href":"https:\/\/strikemaker.com\/it\/wp-json\/wp\/v2\/pages\/1619085\/revisions"}],"predecessor-version":[{"id":1623356,"href":"https:\/\/strikemaker.com\/it\/wp-json\/wp\/v2\/pages\/1619085\/revisions\/1623356"}],"wp:attachment":[{"href":"https:\/\/strikemaker.com\/it\/wp-json\/wp\/v2\/media?parent=1619085"}],"curies":[{"name":"wp","href":"https:\/\/api.w.org\/{rel}","templated":true}]}}