{"id":1619522,"date":"2024-12-04T14:26:22","date_gmt":"2024-12-04T13:26:22","guid":{"rendered":"https:\/\/strikemaker.com\/?page_id=1619522"},"modified":"2024-12-16T10:47:05","modified_gmt":"2024-12-16T09:47:05","slug":"impronta","status":"publish","type":"page","link":"https:\/\/strikemaker.com\/it\/impronta\/","title":{"rendered":"Impronta"},"content":{"rendered":"<h2>Informazioni ai sensi del \u00a7 5 TMG<\/h2>\n<p>S&amp;M Trading GmbH<br \/>\nM\u00fchlstra\u00dfe 7<br \/>\n83071 Stephanskirchen<\/p>\n<p>Registro commerciale: HRB 16472<br \/>\nTribunale del registro: Tribunale di Traunstein<\/p>\n<p><strong>Rappresentato da:<\/strong><br \/>\nS&amp;M Trading GmbH<br \/>\nDirettore generale: Dieter Moherndl<\/p>\n<h2>Contatto<\/h2>\n<p>Telefono: <a href=\"tel:+4915208695001\">+49 1520 8695001<\/a><br \/>\nFax: <a href=\"tel:+4915208695001\">+49 1520 8695001<\/a><br \/>\nE-mail: <a href=\"mailto:info@strike-maker.com\">info@strike-maker.com<\/a><\/p>\n<h2>ID IVA<\/h2>\n<p>Numero di identificazione dell&#8217;imposta sulle vendite ai sensi del \u00a7 27 a della legge tedesca sull&#8217;imposta sulle vendite:<br \/>\nDE812831507<\/p>\n<h2>Risoluzione delle controversie nell&#8217;UE<\/h2>\n<p>La Commissione europea offre una piattaforma per la risoluzione delle controversie online (ODR): <a href=\"https:\/\/ec.europa.eu\/consumers\/odr\/\" target=\"_blank\" rel=\"noopener noreferrer\">https:\/\/ec.europa.eu\/consumers\/odr\/<\/a>.<br \/>\nIl nostro indirizzo e-mail \u00e8 riportato nel riquadro in alto.<\/p>\n<h2>Risoluzione delle controversie dei consumatori\/Consiglio arbitrale universale<\/h2>\n<p>Non siamo disposti o obbligati a partecipare a procedure di risoluzione delle controversie davanti a un collegio arbitrale dei consumatori.<\/p>\n<h3>Responsabilit\u00e0 per i contenuti<\/h3>\n<p>In qualit\u00e0 di fornitore di servizi, siamo, in conformit\u00e0 con il \u00a7 7 Para. 1 TMG \u00e8 responsabile dei propri contenuti su queste pagine in conformit\u00e0 alle leggi generali. Ai sensi dei \u00a7\u00a7 8-10 TMG, tuttavia, non siamo obbligati, in qualit\u00e0 di fornitore di servizi, a monitorare le informazioni trasmesse o memorizzate da terzi o a indagare su circostanze che indicano un&#8217;attivit\u00e0 illegale.<\/p>\n<p>L&#8217;obbligo di rimuovere o bloccare l&#8217;uso delle informazioni in conformit\u00e0 alle leggi generali rimane inalterato. Tuttavia, la responsabilit\u00e0 in questo senso \u00e8 possibile solo a partire dal momento in cui si viene a conoscenza di una violazione concreta. Se veniamo a conoscenza di tali violazioni, rimuoveremo immediatamente i contenuti.<\/p>\n<h3>Responsabilit\u00e0 per i link<\/h3>\n<p>La nostra offerta contiene link a siti web esterni di terzi, sui cui contenuti non abbiamo alcuna influenza. Pertanto, non possiamo assumerci alcuna responsabilit\u00e0 per questi contenuti esterni. Il rispettivo fornitore o gestore delle pagine \u00e8 sempre responsabile del contenuto delle pagine collegate. Le pagine collegate sono state controllate per verificare eventuali violazioni legali al momento del collegamento. I contenuti illegali non erano riconoscibili al momento del collegamento.<\/p>\n<p>Tuttavia, un controllo permanente dei contenuti delle pagine collegate non \u00e8 ragionevole senza indicazioni concrete di una violazione della legge. Se veniamo a conoscenza di violazioni della legge, rimuoveremo immediatamente tali link.<\/p>\n<h3>Copyright<\/h3>\n<p>I contenuti e le opere create dagli operatori del sito su queste pagine sono soggetti alla legge tedesca sul diritto d&#8217;autore. La riproduzione, la modifica, la distribuzione e qualsiasi tipo di utilizzo al di fuori dei limiti della legge sul copyright richiedono il consenso scritto del rispettivo autore o creatore. Sono consentiti download e copie di questa pagina solo per uso privato e non commerciale.<\/p>\n<p>Nella misura in cui i contenuti di questa pagina non sono stati creati dal gestore, si rispettano i diritti d&#8217;autore di terzi. In particolare, i contenuti di terzi sono identificati come tali. Se tuttavia doveste venire a conoscenza di una violazione del copyright, vi preghiamo di informarci di conseguenza. Se veniamo a conoscenza di eventuali violazioni, rimuoveremo immediatamente tali contenuti.<\/p>\n<h2>Design e programmazione web<\/h2>\n<p>Corporate Meta Agentur &#8211; <a href=\"https:\/\/corporatemeta.de\" target=\"_blank\" rel=\"noopener\">www.corporatemeta.de<\/a><\/p>\n","protected":false},"excerpt":{"rendered":"<p>Informazioni ai sensi del \u00a7 5 TMG S&amp;M Trading GmbH M\u00fchlstra\u00dfe 7 83071 Stephanskirchen Registro commerciale: HRB 16472 Tribunale del registro: Tribunale di Traunstein Rappresentato da: S&amp;M Trading GmbH Direttore generale: Dieter Moherndl Contatto Telefono: +49 1520 8695001 Fax: +49 1520 8695001 E-mail: info@strike-maker.com ID IVA Numero di identificazione dell&#8217;imposta sulle vendite ai sensi del [&hellip;]<\/p>\n","protected":false},"author":16829,"featured_media":0,"parent":0,"menu_order":0,"comment_status":"closed","ping_status":"closed","template":"","meta":{"_acf_changed":false,"_et_pb_use_builder":"","_et_pb_old_content":"","_et_gb_content_width":"","footnotes":""},"class_list":["post-1619522","page","type-page","status-publish","hentry"],"acf":[],"_links":{"self":[{"href":"https:\/\/strikemaker.com\/it\/wp-json\/wp\/v2\/pages\/1619522","targetHints":{"allow":["GET"]}}],"collection":[{"href":"https:\/\/strikemaker.com\/it\/wp-json\/wp\/v2\/pages"}],"about":[{"href":"https:\/\/strikemaker.com\/it\/wp-json\/wp\/v2\/types\/page"}],"author":[{"embeddable":true,"href":"https:\/\/strikemaker.com\/it\/wp-json\/wp\/v2\/users\/16829"}],"replies":[{"embeddable":true,"href":"https:\/\/strikemaker.com\/it\/wp-json\/wp\/v2\/comments?post=1619522"}],"version-history":[{"count":2,"href":"https:\/\/strikemaker.com\/it\/wp-json\/wp\/v2\/pages\/1619522\/revisions"}],"predecessor-version":[{"id":1620341,"href":"https:\/\/strikemaker.com\/it\/wp-json\/wp\/v2\/pages\/1619522\/revisions\/1620341"}],"wp:attachment":[{"href":"https:\/\/strikemaker.com\/it\/wp-json\/wp\/v2\/media?parent=1619522"}],"curies":[{"name":"wp","href":"https:\/\/api.w.org\/{rel}","templated":true}]}}